{"id":1588,"date":"2024-02-28T09:03:41","date_gmt":"2024-02-28T02:03:41","guid":{"rendered":"https:\/\/masterpiece.vn\/about-us-2"},"modified":"2026-04-20T11:50:18","modified_gmt":"2026-04-20T04:50:18","slug":"ve-masterpiece","status":"publish","type":"page","link":"https:\/\/masterpiece.vn\/vi\/ve-masterpiece","title":{"rendered":"V\u1ec1 Masterpiece"},"content":{"rendered":"\n\t<section class=\"section page_banner\" id=\"section_1107821472\">\n\t\t<div class=\"section-bg fill\" >\n\t\t\t\t\t\t\t\t\t\n\t\t\t\n\n\t\t<\/div>\n\n\t\t\n\n\t\t<div class=\"section-content relative\">\n\t\t\t\n\n  <div class=\"banner has-hover bg-glow\" id=\"banner-1343319919\">\n          <div class=\"banner-inner fill\">\n        <div class=\"banner-bg fill\" >\n            <img loading=\"lazy\" decoding=\"async\" width=\"1600\" height=\"679\" src=\"https:\/\/masterpiece.vn\/wp-content\/uploads\/2026\/03\/about__banner.jpg\" class=\"bg attachment-original size-original\" alt=\"\" \/>                        <div class=\"overlay\"><\/div>            \n                    <\/div>\n\t\t\n        <div class=\"banner-layers container\">\n            <div class=\"fill banner-link\"><\/div>            \n   <div id=\"text-box-1773543912\" class=\"text-box banner-layer x50 md-x50 lg-x50 y50 md-y50 lg-y50 res-text\">\n                                <div class=\"text-box-content text dark\">\n              \n              <div class=\"text-inner text-center\">\n                  \n<h1>V\u1ec1 Masterpiece<br \/>\n<\/h1>\n<p>Masterpiece truy\u1ec1n c\u1ea3m h\u1ee9ng v\u1ec1 nh\u1eefng tr\u1ea3i nghi\u1ec7m phong c\u00e1ch s\u1ed1ng hi\u1ec7n \u0111\u1ea1i, \u0111\u1ec1 cao gi\u00e1 tr\u1ecb cu\u1ed9c s\u1ed1ng \u0111\u1eb3ng c\u1ea5p v\u00e0 sang tr\u1ecdng th\u00f4ng qua chu\u1ed7i c\u00e1c \u0111\u1eb7c quy\u1ec1n tinh hoa c\u1ee7a s\u1ef1 s\u00e1ng t\u1ea1o.<\/p>\n<div class=\"row\"  id=\"row-1607470698\">\n\n\t<div id=\"col-1119303713\" class=\"col pb-0 small-12 large-12\"  >\n\t\t\t\t<div class=\"col-inner text-center\"  >\n\t\t\t\n\t\t\t\n\t<div id=\"ux-lottie-3257645015\" class=\"ux-lottie scroll_down\" >\n\t\t<a href=\"#camket\" >\t\t<lottie-player class=\"ux-lottie__player\" data-params=\"{&quot;src&quot;:&quot;https:\\\/\\\/lottie.host\\\/e5507f08-797d-40a8-a7d3-773275d3062f\\\/Y2jbYy7Rv4.json&quot;,&quot;loop&quot;:true,&quot;autoplay&quot;:true,&quot;controls&quot;:false,&quot;speed&quot;:&quot;1&quot;,&quot;direction&quot;:1,&quot;trigger&quot;:&quot;&quot;,&quot;mouseout&quot;:&quot;&quot;,&quot;start&quot;:0,&quot;end&quot;:100,&quot;scrollActionType&quot;:&quot;seek&quot;,&quot;visibilityStart&quot;:0,&quot;visibilityEnd&quot;:100,&quot;id&quot;:&quot;ux-lottie-3257645015&quot;}\" ><\/lottie-player>\n\t\t<\/a>\t\t\n<style>\n#ux-lottie-3257645015 {\n  width: 60px;\n  height: 100px;\n}\n<\/style>\n\t<\/div>\n\t\n\t\t<\/div>\n\t\t\t\t\t<\/div>\n\n\t\n<\/div>\n              <\/div>\n           <\/div>\n                            \n<style>\n#text-box-1773543912 {\n  width: 85%;\n}\n#text-box-1773543912 .text-box-content {\n  font-size: 100%;\n}\n@media (min-width:850px) {\n  #text-box-1773543912 {\n    width: 60%;\n  }\n}\n<\/style>\n    <\/div>\n \n        <\/div>\n      <\/div>\n\n            \n<style>\n#banner-1343319919 {\n  padding-top: 300px;\n}\n#banner-1343319919 .overlay {\n  background-color: rgba(0, 0, 0, 0.587);\n}\n#banner-1343319919 .banner-bg img {\n  object-position: 45% 33%;\n}\n@media (min-width:550px) {\n  #banner-1343319919 {\n    padding-top: 684px;\n  }\n}\n<\/style>\n  <\/div>\n\n\n\t\t<\/div>\n\n\t\t\n<style>\n#section_1107821472 {\n  padding-top: 0px;\n  padding-bottom: 0px;\n}\n<\/style>\n\t<\/section>\n\t\n\t<div id=\"gap-774915900\" class=\"gap-element clearfix\" style=\"display:block; height:auto;\">\n\t\t\n<style>\n#gap-774915900 {\n  padding-top: 65px;\n}\n<\/style>\n\t<\/div>\n\t\n\n\t<section class=\"section\" id=\"section_284871401\">\n\t\t<div class=\"section-bg fill\" >\n\t\t\t\t\t\t\t\t\t\n\t\t\t\n\n\t\t<\/div>\n\n\t\t\n\n\t\t<div class=\"section-content relative\">\n\t\t\t\n<span class=\"scroll-to\" data-label=\"Scroll to: #camket\" data-bullet=\"false\" data-link=\"#camket\" data-title=\"Change this\" ><a name=\"camket\"><\/a><\/span>\n<div class=\"row row-small align-equal row-box-shadow-3 row-box-shadow-5-hover\" style=\"max-width:1600px\" id=\"row-197650960\">\n\n\t<div id=\"col-1637355141\" class=\"col medium-6 small-12 large-6\"  >\n\t\t\t\t<div class=\"col-inner\" style=\"background-color:#33373d;\" >\n\t\t\t\n\t\t\t\n\t<div id=\"text-841562650\" class=\"text\">\n\t\t\n<p style=\"text-align: justify;\">Cam k\u1ebft c\u1ee7a ch\u00fang t\u00f4i l\u00e0 mang l\u1ea1i tr\u1ea3i nghi\u1ec7m \u0111a d\u1ea1ng. V\u1edbi kinh nghi\u1ec7m phong ph\u00fa trong vi\u1ec7c qu\u1ea3n l\u00fd cu\u1ed9c s\u1ed1ng c\u1ee7a gi\u1edbi tinh hoa, Masterpiece h\u01b0\u1edbng \u0111\u1ebfn vi\u1ec7c t\u1ea1o ra c\u00e1c \u0111\u1eb7c quy\u1ec1n tr\u1edf n\u00ean \u0111\u1ed9c \u0111\u00e1o nh\u01b0 ch\u00ednh th\u01b0\u01a1ng hi\u1ec7u, \u0111\u1ea3m b\u1ea3o m\u1ed9t \u0111i\u1ec3m ch\u1ea1m \u1ea5n t\u01b0\u1ee3ng mang \u0111\u1eadm t\u00ednh c\u00e1 nh\u00e2n h\u00f3a trong m\u1ecdi kh\u00eda c\u1ea1nh.<\/p>\n\t\t\n<style>\n#text-841562650 {\n  font-size: 1rem;\n  color: rgb(255,255,255);\n}\n#text-841562650 > * {\n  color: rgb(255,255,255);\n}\n@media (min-width:550px) {\n  #text-841562650 {\n    font-size: 1.55rem;\n  }\n}\n<\/style>\n\t<\/div>\n\t\n\t\t<\/div>\n\t\t\t\t\n<style>\n#col-1637355141 > .col-inner {\n  padding: 90px 30px 90px 30px;\n}\n@media (min-width:550px) {\n  #col-1637355141 > .col-inner {\n    padding: 160px 90px 0px 90px;\n  }\n}\n<\/style>\n\t<\/div>\n\n\t\n\n\t<div id=\"col-894874634\" class=\"col medium-6 small-12 large-6\"  >\n\t\t\t\t<div class=\"col-inner\"  >\n\t\t\t\n\t\t\t\n\t<div class=\"box has-hover   has-hover box-text-bottom\" >\n\n\t\t<div class=\"box-image\" >\n\t\t\t\t\t\t<div class=\"image-glow\" >\n\t\t\t\t<img loading=\"lazy\" decoding=\"async\" width=\"1137\" height=\"579\" src=\"https:\/\/masterpiece.vn\/wp-content\/uploads\/2026\/03\/about-us-1.jpg\" class=\"attachment- size-\" alt=\"\" srcset=\"https:\/\/masterpiece.vn\/wp-content\/uploads\/2026\/03\/about-us-1.jpg 1137w, https:\/\/masterpiece.vn\/wp-content\/uploads\/2026\/03\/about-us-1-300x153.jpg 300w, https:\/\/masterpiece.vn\/wp-content\/uploads\/2026\/03\/about-us-1-1024x521.jpg 1024w, https:\/\/masterpiece.vn\/wp-content\/uploads\/2026\/03\/about-us-1-768x391.jpg 768w\" sizes=\"auto, (max-width: 1137px) 100vw, 1137px\" \/>\t\t\t\t\t\t\t\t\t\t\t<\/div>\n\t\t\t\t\t<\/div>\n\n\t\t<div class=\"box-text text-center\" style=\"padding:30px 30px 30px 30px;\">\n\t\t\t<div class=\"box-text-inner\">\n\t\t\t\t\n\t<div id=\"text-1175780416\" class=\"text\">\n\t\t\n<h2>Ph\u00e1t tri\u1ec3n \u0111\u1eb7c quy\u1ec1n<\/h4>\n<p style=\"text-align: justify;\"><span style=\"font-weight: 400;\">M\u1ed7i ch\u01b0\u01a1ng tr\u00ecnh \u0111\u01b0\u1ee3c ph\u00e2n t\u00edch, ph\u00e1t tri\u1ec3n b\u1edfi \u0111\u1ed9i ng\u0169 c\u1ed1 v\u1ea5n v\u00e0 th\u1ef1c thi b\u1edfi \u0111\u1ed9i ng\u0169 ph\u00e1t tri\u1ec3n \u0111\u1ed1i t\u00e1c c\u00f3 m\u1ea1ng l\u01b0\u1edbi r\u1ed9ng kh\u1eafp. Nh\u1eefng \u0111\u1eb7c quy\u1ec1n n\u00e0y \u0111\u01b0\u1ee3c \u0111a d\u1ea1ng h\u00f3a \u0111\u1ec3 t\u0103ng s\u1ef1 y\u00eau th\u00edch c\u1ee7a kh\u00e1ch h\u00e0ng, t\u1ea1o s\u1ef1 kh\u00e1c bi\u1ec7t v\u1edbi c\u00e1c th\u01b0\u01a1ng hi\u1ec7u kh\u00e1c v\u00e0 \u0111\u1ea1t \u0111\u01b0\u1ee3c m\u1ee5c ti\u00eau kinh doanh c\u1ee7a doanh nghi\u1ec7p \u0111\u1ec1 ra.<\/span><\/p>\n\t\t\n<style>\n#text-1175780416 {\n  font-size: 1rem;\n  text-align: left;\n  color: rgb(255,255,255);\n}\n#text-1175780416 > * {\n  color: rgb(255,255,255);\n}\n<\/style>\n\t<\/div>\n\t\n\t\t\t<\/div>\n\t\t<\/div>\n\t<\/div>\n\t\n\t\t<\/div>\n\t\t\t\t\t<\/div>\n\n\t\n\n\t<div id=\"col-1535163770\" class=\"col medium-6 small-12 large-6\"  >\n\t\t\t\t<div class=\"col-inner\"  >\n\t\t\t\n\t\t\t\n\t<div class=\"box has-hover   has-hover box-text-bottom\" >\n\n\t\t<div class=\"box-image\" >\n\t\t\t\t\t\t<div class=\"image-glow\" >\n\t\t\t\t<img loading=\"lazy\" decoding=\"async\" width=\"1137\" height=\"579\" src=\"https:\/\/masterpiece.vn\/wp-content\/uploads\/2026\/04\/about-us-2.jpg\" class=\"attachment- size-\" alt=\"\" srcset=\"https:\/\/masterpiece.vn\/wp-content\/uploads\/2026\/04\/about-us-2.jpg 1137w, https:\/\/masterpiece.vn\/wp-content\/uploads\/2026\/04\/about-us-2-300x153.jpg 300w, https:\/\/masterpiece.vn\/wp-content\/uploads\/2026\/04\/about-us-2-1024x521.jpg 1024w, https:\/\/masterpiece.vn\/wp-content\/uploads\/2026\/04\/about-us-2-768x391.jpg 768w\" sizes=\"auto, (max-width: 1137px) 100vw, 1137px\" \/>\t\t\t\t\t\t\t\t\t\t\t<\/div>\n\t\t\t\t\t<\/div>\n\n\t\t<div class=\"box-text text-center\" style=\"padding:30px 30px 30px 30px;\">\n\t\t\t<div class=\"box-text-inner\">\n\t\t\t\t\n\t<div id=\"text-2322758969\" class=\"text\">\n\t\t\n<h2>Ch\u0103m s\u00f3c kh\u00e1ch h\u00e0ng trung th\u00e0nh<\/h2>\n<p style=\"text-align: justify;\"><span style=\"font-weight: 400;\">Masterpiece mang \u0111\u1ebfn s\u1ef1 \u0111a d\u1ea1ng trong c\u00e1c ch\u01b0\u01a1ng tr\u00ecnh ch\u0103m s\u00f3c kh\u00e1ch h\u00e0ng v\u1edbi mong mu\u1ed1n t\u1ea1o s\u1ef1 g\u1eafn k\u1ebft gi\u1eefa kh\u00e1ch h\u00e0ng v\u1edbi doanh nghi\u1ec7p, c\u0169ng nh\u01b0 t\u1ed1i \u01b0u hi\u1ec7u qu\u1ea3 c\u1ee7a ch\u01b0\u01a1ng tr\u00ecnh kh\u00e1ch h\u00e0ng th\u00e2n thi\u1ebft, t\u0103ng t\u1ef7 l\u1ec7 \u0111\u1ed5i th\u01b0\u1edfng v\u00e0 t\u1ed1i \u01b0u chi ph\u00ed.<\/span><\/p>\n\t\t\n<style>\n#text-2322758969 {\n  font-size: 1rem;\n  text-align: left;\n  color: rgb(255,255,255);\n}\n#text-2322758969 > * {\n  color: rgb(255,255,255);\n}\n<\/style>\n\t<\/div>\n\t\n\t\t\t<\/div>\n\t\t<\/div>\n\t<\/div>\n\t\n\t\t<\/div>\n\t\t\t\t\t<\/div>\n\n\t\n\n\t<div id=\"col-1528243781\" class=\"col medium-6 small-12 large-6\"  >\n\t\t\t\t<div class=\"col-inner\"  >\n\t\t\t\n\t\t\t\n\t<div class=\"box has-hover   has-hover box-text-bottom\" >\n\n\t\t<div class=\"box-image\" >\n\t\t\t\t\t\t<div class=\"image-glow\" >\n\t\t\t\t<img loading=\"lazy\" decoding=\"async\" width=\"1137\" height=\"579\" src=\"https:\/\/masterpiece.vn\/wp-content\/uploads\/2026\/04\/about-us-3.jpg\" class=\"attachment- size-\" alt=\"\" srcset=\"https:\/\/masterpiece.vn\/wp-content\/uploads\/2026\/04\/about-us-3.jpg 1137w, https:\/\/masterpiece.vn\/wp-content\/uploads\/2026\/04\/about-us-3-300x153.jpg 300w, https:\/\/masterpiece.vn\/wp-content\/uploads\/2026\/04\/about-us-3-1024x521.jpg 1024w, https:\/\/masterpiece.vn\/wp-content\/uploads\/2026\/04\/about-us-3-768x391.jpg 768w\" sizes=\"auto, (max-width: 1137px) 100vw, 1137px\" \/>\t\t\t\t\t\t\t\t\t\t\t<\/div>\n\t\t\t\t\t<\/div>\n\n\t\t<div class=\"box-text text-center\" style=\"padding:30px 30px 30px 30px;\">\n\t\t\t<div class=\"box-text-inner\">\n\t\t\t\t\n\t<div id=\"text-1357343165\" class=\"text\">\n\t\t\n<h2>Tr\u1ea3i nghi\u1ec7m du l\u1ecbch<br \/>\n<\/h4>\n<p style=\"text-align: justify;\"><span style=\"font-weight: 400;\">Ch\u00fang t\u00f4i thi\u1ebft k\u1ebf nh\u1eefng h\u00e0nh tr\u00ecnh \u0111\u1eb3ng c\u1ea5p, \u0111\u01b0\u1ee3c c\u00e1 nh\u00e2n h\u00f3a cho c\u00e1c y\u00eau c\u1ea7u tr\u1ea3i nghi\u1ec7m \u0111\u1eb7c bi\u1ec7t trong su\u1ed1t chuy\u1ebfn \u0111i c\u1ee7a b\u1ea1n. H\u00e3y \u0111i du l\u1ecbch to\u00e0n c\u1ea7u \u0111\u01b0\u1ee3c d\u1eabn d\u1eaft b\u1edfi c\u00e1c chuy\u00ean gia \u0111\u1ecba ph\u01b0\u01a1ng.<\/p>\n\t\t\n<style>\n#text-1357343165 {\n  font-size: 1rem;\n  text-align: left;\n  color: rgb(255,255,255);\n}\n#text-1357343165 > * {\n  color: rgb(255,255,255);\n}\n<\/style>\n\t<\/div>\n\t\n\t\t\t<\/div>\n\t\t<\/div>\n\t<\/div>\n\t\n\t\t<\/div>\n\t\t\t\t\t<\/div>\n\n\t\n\n\t<div id=\"col-1602417488\" class=\"col medium-6 small-12 large-6\"  >\n\t\t\t\t<div class=\"col-inner\"  >\n\t\t\t\n\t\t\t\n\t<div class=\"box has-hover   has-hover box-default box-text-bottom\" >\n\n\t\t<div class=\"box-image\" >\n\t\t\t\t\t\t<div class=\"image-glow\" >\n\t\t\t\t<img loading=\"lazy\" decoding=\"async\" width=\"1137\" height=\"579\" src=\"https:\/\/masterpiece.vn\/wp-content\/uploads\/2026\/04\/about-us-4.jpg\" class=\"attachment- size-\" alt=\"\" srcset=\"https:\/\/masterpiece.vn\/wp-content\/uploads\/2026\/04\/about-us-4.jpg 1137w, https:\/\/masterpiece.vn\/wp-content\/uploads\/2026\/04\/about-us-4-300x153.jpg 300w, https:\/\/masterpiece.vn\/wp-content\/uploads\/2026\/04\/about-us-4-1024x521.jpg 1024w, https:\/\/masterpiece.vn\/wp-content\/uploads\/2026\/04\/about-us-4-768x391.jpg 768w\" sizes=\"auto, (max-width: 1137px) 100vw, 1137px\" \/>\t\t\t\t\t\t\t\t\t\t\t<\/div>\n\t\t\t\t\t<\/div>\n\n\t\t<div class=\"box-text text-center\" style=\"padding:30px 30px 30px 30px;\">\n\t\t\t<div class=\"box-text-inner\">\n\t\t\t\t\n\t<div id=\"text-3068329707\" class=\"text\">\n\t\t\n<h2>Tinh hoa \u1ea9m th\u1ef1c<\/h4>\n<p style=\"text-align: justify;\"><span style=\"font-weight: 400;\">L\u00e0 m\u1ed9t trong nh\u1eefng \u0111\u1ed1i t\u00e1c chi\u1ebfn l\u01b0\u1ee3c c\u1ee7a c\u00e1c th\u01b0\u01a1ng hi\u1ec7u \u1ea9m th\u1ef1c n\u1ed5i ti\u1ebfng v\u00e0 c\u00e1c h\u1ed9p \u0111\u00eam an \u0111\u1ea7u, ch\u00fang t\u00f4i cung c\u1ea5p cho kh\u00e1ch h\u00e0ng c\u1ee7a Masterpiece nh\u1eefng \u0111\u1eb7c quy\u1ec1n nh\u01b0 khu v\u1ef1c \u01b0u ti\u00ean v\u00e0 c\u00e1c \u01b0u \u0111\u00e3i t\u1ea1i c\u00e1c nh\u00e0 h\u00e0ng h\u1ed9p \u0111\u00eam \u0111\u1eb3ng c\u1ea5p \u1edf c\u00e1c th\u00e0nh ph\u1ed1 l\u1edbn.<\/p>\n\t\t\n<style>\n#text-3068329707 {\n  font-size: 1rem;\n  text-align: left;\n  color: rgb(255,255,255);\n}\n#text-3068329707 > * {\n  color: rgb(255,255,255);\n}\n<\/style>\n\t<\/div>\n\t\n\t\t\t<\/div>\n\t\t<\/div>\n\t<\/div>\n\t\n\t\t<\/div>\n\t\t\t\t\t<\/div>\n\n\t\n\n\t<div id=\"col-340823106\" class=\"col medium-6 small-12 large-6\"  >\n\t\t\t\t<div class=\"col-inner\"  >\n\t\t\t\n\t\t\t\n\t<div class=\"box has-hover   has-hover box-text-bottom\" >\n\n\t\t<div class=\"box-image\" >\n\t\t\t\t\t\t<div class=\"image-glow\" >\n\t\t\t\t<img loading=\"lazy\" decoding=\"async\" width=\"1137\" height=\"579\" src=\"https:\/\/masterpiece.vn\/wp-content\/uploads\/2026\/04\/about-us-5.jpg\" class=\"attachment- size-\" alt=\"\" srcset=\"https:\/\/masterpiece.vn\/wp-content\/uploads\/2026\/04\/about-us-5.jpg 1137w, https:\/\/masterpiece.vn\/wp-content\/uploads\/2026\/04\/about-us-5-300x153.jpg 300w, https:\/\/masterpiece.vn\/wp-content\/uploads\/2026\/04\/about-us-5-1024x521.jpg 1024w, https:\/\/masterpiece.vn\/wp-content\/uploads\/2026\/04\/about-us-5-768x391.jpg 768w\" sizes=\"auto, (max-width: 1137px) 100vw, 1137px\" \/>\t\t\t\t\t\t\t\t\t\t\t<\/div>\n\t\t\t\t\t<\/div>\n\n\t\t<div class=\"box-text text-center\" style=\"padding:30px 30px 30px 30px;\">\n\t\t\t<div class=\"box-text-inner\">\n\t\t\t\t\n\t<div id=\"text-588935230\" class=\"text\">\n\t\t\n<h2>T\u1ed5 ch\u1ee9c s\u1ef1 ki\u1ec7n \u0111\u1ed9c b\u1ea3n<\/h4>\n<p style=\"text-align: justify;\"><span style=\"font-weight: 400;\">Masterpiece s\u1edf h\u1eefu \u0111\u1ed9i ng\u0169 d\u00e0y d\u1ea1n kinh nghi\u1ec7m trong vi\u1ec7c t\u1ed5 ch\u1ee9c c\u00e1c s\u1ef1 ki\u1ec7n tinh t\u1ebf, sang tr\u1ecdng \u0111\u01b0\u1ee3c c\u00e1 nh\u00e2n h\u00f3a theo y\u00eau c\u1ea7u nh\u1eb1m \u0111\u1ec3 l\u1ea1i \u1ea5n t\u01b0\u1ee3ng l\u00e2u d\u00e0i v\u1ec1 th\u01b0\u01a1ng hi\u1ec7u \u0111\u1ebfn v\u1edbi kh\u00e1ch h\u00e0ng.<\/p>\n\t\t\n<style>\n#text-588935230 {\n  font-size: 1rem;\n  text-align: left;\n  color: rgb(255,255,255);\n}\n#text-588935230 > * {\n  color: rgb(255,255,255);\n}\n<\/style>\n\t<\/div>\n\t\n\t\t\t<\/div>\n\t\t<\/div>\n\t<\/div>\n\t\n\t\t<\/div>\n\t\t\t\t\t<\/div>\n\n\t\n\n<style>\n#row-197650960 > .col > .col-inner {\n  background-color: #33373d;\n}\n<\/style>\n<\/div>\n\t\t<\/div>\n\n\t\t\n<style>\n#section_284871401 {\n  padding-top: 0px;\n  padding-bottom: 0px;\n}\n<\/style>\n\t<\/section>\n\t\n","protected":false},"excerpt":{"rendered":"","protected":false},"author":1,"featured_media":0,"parent":0,"menu_order":0,"comment_status":"closed","ping_status":"closed","template":"page-blank.php","meta":{"footnotes":""},"class_list":["post-1588","page","type-page","status-publish","hentry"],"_links":{"self":[{"href":"https:\/\/masterpiece.vn\/vi\/wp-json\/wp\/v2\/pages\/1588","targetHints":{"allow":["GET"]}}],"collection":[{"href":"https:\/\/masterpiece.vn\/vi\/wp-json\/wp\/v2\/pages"}],"about":[{"href":"https:\/\/masterpiece.vn\/vi\/wp-json\/wp\/v2\/types\/page"}],"author":[{"embeddable":true,"href":"https:\/\/masterpiece.vn\/vi\/wp-json\/wp\/v2\/users\/1"}],"replies":[{"embeddable":true,"href":"https:\/\/masterpiece.vn\/vi\/wp-json\/wp\/v2\/comments?post=1588"}],"version-history":[{"count":9,"href":"https:\/\/masterpiece.vn\/vi\/wp-json\/wp\/v2\/pages\/1588\/revisions"}],"predecessor-version":[{"id":5681,"href":"https:\/\/masterpiece.vn\/vi\/wp-json\/wp\/v2\/pages\/1588\/revisions\/5681"}],"wp:attachment":[{"href":"https:\/\/masterpiece.vn\/vi\/wp-json\/wp\/v2\/media?parent=1588"}],"curies":[{"name":"wp","href":"https:\/\/api.w.org\/{rel}","templated":true}]}}