{"id":1796,"date":"2026-04-17T09:23:13","date_gmt":"2026-04-17T02:23:13","guid":{"rendered":"https:\/\/masterpiece.vn\/guest-management-vn"},"modified":"2026-04-24T10:53:36","modified_gmt":"2026-04-24T03:53:36","slug":"guest-management-vn","status":"publish","type":"page","link":"https:\/\/masterpiece.vn\/vi\/guest-management-vn","title":{"rendered":"Guest Management VN"},"content":{"rendered":"\n\t<section class=\"section\" id=\"section_573002360\">\n\t\t<div class=\"section-bg fill\" >\n\t\t\t<img loading=\"lazy\" decoding=\"async\" width=\"2560\" height=\"1707\" src=\"https:\/\/masterpiece.vn\/wp-content\/uploads\/2026\/04\/pexels-cottonbro-studio-6474530-scaled-1.jpg\" class=\"bg attachment-original size-original\" alt=\"\" \/>\t\t\t\t\t\t<div class=\"section-bg-overlay absolute fill\"><\/div>\n\t\t\t\n\n\t\t<\/div>\n\n\t\t\n\n\t\t<div class=\"section-content relative\">\n\t\t\t\n<div class=\"row align-center\"  id=\"row-1844988116\">\n\n\t<div id=\"col-1700190813\" class=\"col medium-9 small-10 large-9\"  >\n\t\t\t\t<div class=\"col-inner text-center dark\"  >\n\t\t\t\n\t\t\t\n\t<div id=\"text-2546319964\" class=\"text\">\n\t\t\n<h1><span style=\"font-size: 150%;\">D\u1ecbch v\u1ee5 VIP theo y\u00eau c\u1ea7u<\/p>\n<p><\/span><\/h1>\n<p>S\u1ef1 \u00e2n c\u1ea7n, chu \u0111\u00e1o v\u00e0 t\u1eadn t\u00e2m cho nh\u1eefng v\u1ecb kh\u00e1ch VIP c\u1ee7a b\u1ea1n.<\/p>\n\t\t\n<style>\n#text-2546319964 {\n  font-size: 1rem;\n  text-align: center;\n}\n@media (min-width:550px) {\n  #text-2546319964 {\n    font-size: 1.25rem;\n  }\n}\n<\/style>\n\t<\/div>\n\t\n<div class=\"row\"  id=\"row-903331549\">\n\n\t<div id=\"col-1952587451\" class=\"col pb-0 small-12 large-12\"  >\n\t\t\t\t<div class=\"col-inner text-center\"  >\n\t\t\t\n\t\t\t\n\t<div id=\"ux-lottie-1483215457\" class=\"ux-lottie scroll_down\" >\n\t\t<a href=\"#MasterpieceGM\" >\t\t<lottie-player class=\"ux-lottie__player\" data-params=\"{&quot;src&quot;:&quot;https:\\\/\\\/lottie.host\\\/e5507f08-797d-40a8-a7d3-773275d3062f\\\/Y2jbYy7Rv4.json&quot;,&quot;loop&quot;:true,&quot;autoplay&quot;:true,&quot;controls&quot;:false,&quot;speed&quot;:&quot;1&quot;,&quot;direction&quot;:1,&quot;trigger&quot;:&quot;&quot;,&quot;mouseout&quot;:&quot;&quot;,&quot;start&quot;:0,&quot;end&quot;:100,&quot;scrollActionType&quot;:&quot;seek&quot;,&quot;visibilityStart&quot;:0,&quot;visibilityEnd&quot;:100,&quot;id&quot;:&quot;ux-lottie-1483215457&quot;}\" ><\/lottie-player>\n\t\t<\/a>\t\t\n<style>\n#ux-lottie-1483215457 {\n  width: 60px;\n  height: 100px;\n}\n<\/style>\n\t<\/div>\n\t\n\t\t<\/div>\n\t\t\t\t\t<\/div>\n\n\t\n<\/div>\n\t\t<\/div>\n\t\t\t\t\t<\/div>\n\n\t\n<\/div>\n\t\t<\/div>\n\n\t\t\n<style>\n#section_573002360 {\n  padding-top: 100px;\n  padding-bottom: 100px;\n  min-height: 684px;\n}\n#section_573002360 .section-bg-overlay {\n  background-color: rgba(0,0,0,.5);\n}\n#section_573002360 .section-bg img {\n  object-position: 49% 30%;\n}\n<\/style>\n\t<\/section>\n\t\n\n\t<section class=\"section\" id=\"section_115722941\">\n\t\t<div class=\"section-bg fill\" >\n\t\t\t\t\t\t\t\t\t\n\t\t\t\n\n\t\t<\/div>\n\n\t\t\n\n\t\t<div class=\"section-content relative\">\n\t\t\t\n<span class=\"scroll-to\" data-label=\"Scroll to: #MasterpieceGM\" data-bullet=\"false\" data-link=\"#MasterpieceGM\" data-title=\"Change this\" ><a name=\"MasterpieceGM\"><\/a><\/span>\n<div class=\"row row-collapse row-full-width align-equal\"  id=\"row-385976172\">\n\n\t<div id=\"col-957179206\" class=\"col col-midle small-12 large-12\"  data-animate=\"fadeInLeft\">\n\t\t\t\t<div class=\"col-inner text-center dark\"  >\n\t\t\t\n\t\t\t\n\t<div id=\"text-1770615545\" class=\"text\">\n\t\t\n<p style=\"text-align: center;\">Masterpiece c\u00f3 nh\u1eefng chuy\u00ean gia trong l\u0129nh v\u1ef1c du l\u1ecbch, ti\u1ebfp \u0111\u00f3n kh\u00e1ch h\u00e0ng, v\u1eadn chuy\u1ec3n v\u00e0 tr\u1ee3 l\u00fd c\u00e1 nh\u00e2n \u0111\u1eb7c bi\u1ec7t, c\u00f9ng v\u1edbi c\u00e1c tr\u1ea3i nghi\u1ec7m s\u00e1ng t\u1ea1o \u0111\u01b0\u1ee3c thi\u1ebft k\u1ebf chu \u0111\u00e1o v\u00e0 chuy\u00ean bi\u1ec7t cho kh\u00e1ch h\u00e0ng cao c\u1ea5p c\u1ee7a b\u1ea1n. Nh\u1eefng d\u1ecbch v\u1ee5 n\u00e0y \u0111\u01b0\u1ee3c t\u00f9y ch\u1ec9nh ho\u00e0n to\u00e0n \u0111\u1ec3 ph\u00f9 h\u1ee3p v\u1edbi m\u1ee5c ti\u00eau c\u1ee7a th\u01b0\u01a1ng hi\u1ec7u b\u1ea1n v\u00e0 s\u1edf th\u00edch c\u1ee7a kh\u00e1ch h\u00e0ng.<\/p>\n\t\t\n<style>\n#text-1770615545 {\n  font-size: 1rem;\n  text-align: left;\n}\n@media (min-width:550px) {\n  #text-1770615545 {\n    font-size: 1.35rem;\n  }\n}\n<\/style>\n\t<\/div>\n\t\n\t\t<\/div>\n\t\t\t\t\n<style>\n#col-957179206 > .col-inner {\n  padding: 50px 20px 50px 20px;\n}\n@media (min-width:550px) {\n  #col-957179206 > .col-inner {\n    padding: 50px 50px 50px 50px;\n  }\n}\n@media (min-width:850px) {\n  #col-957179206 > .col-inner {\n    padding: 200px 420px 200px 420px;\n  }\n}\n<\/style>\n\t<\/div>\n\n\t\n\n<style>\n#row-385976172 > .col > .col-inner {\n  background-color: #33373d;\n}\n<\/style>\n<\/div>\n<div class=\"row row-collapse row-full-width align-equal\"  id=\"row-1104407708\">\n\n\t<div id=\"col-220554438\" class=\"col medium-6 small-12 large-6\"  data-animate=\"fadeInRight\">\n\t\t\t\t<div class=\"col-inner text-left\"  >\n\t\t\t\n\t\t\t\n\t<div class=\"img has-hover x md-x lg-x y md-y lg-y\" id=\"image_1770136146\">\n\t\t\t\t\t\t\t\t<div class=\"img-inner image-overlay-add dark\" >\n\t\t\t<img loading=\"lazy\" decoding=\"async\" width=\"800\" height=\"950\" src=\"https:\/\/masterpiece.vn\/wp-content\/uploads\/2026\/04\/Guest-Management2.jpg\" class=\"attachment-original size-original\" alt=\"\" srcset=\"https:\/\/masterpiece.vn\/wp-content\/uploads\/2026\/04\/Guest-Management2.jpg 800w, https:\/\/masterpiece.vn\/wp-content\/uploads\/2026\/04\/Guest-Management2-253x300.jpg 253w, https:\/\/masterpiece.vn\/wp-content\/uploads\/2026\/04\/Guest-Management2-768x912.jpg 768w\" sizes=\"auto, (max-width: 800px) 100vw, 800px\" \/>\t\t\t\t\t\t\t<div class=\"overlay\" style=\"background-color: rgba(241, 241, 241, 0.32)\"><\/div>\n\t\t\t\t\t\t\n\t\t\t\t\t<\/div>\n\t\t\t\t\t\t\t\t\n<style>\n#image_1770136146 {\n  width: 100%;\n}\n<\/style>\n\t<\/div>\n\t\n\t\t<\/div>\n\t\t\t\t\t<\/div>\n\n\t\n\n\t<div id=\"col-1648162751\" class=\"col medium-6 small-12 large-6\"  data-animate=\"fadeInLeft\">\n\t\t\t\t<div class=\"col-inner text-center dark\"  >\n\t\t\t\n\t\t\t\n\t<div class=\"img has-hover x md-x lg-x y md-y lg-y\" id=\"image_514257267\">\n\t\t\t\t\t\t\t\t<div class=\"img-inner image-overlay-add dark\" >\n\t\t\t<img loading=\"lazy\" decoding=\"async\" width=\"2560\" height=\"1707\" src=\"https:\/\/masterpiece.vn\/wp-content\/uploads\/2026\/04\/pexels-monstera-production-5876503-scaled-1.jpg\" class=\"attachment-original size-original\" alt=\"\" srcset=\"https:\/\/masterpiece.vn\/wp-content\/uploads\/2026\/04\/pexels-monstera-production-5876503-scaled-1.jpg 2560w, https:\/\/masterpiece.vn\/wp-content\/uploads\/2026\/04\/pexels-monstera-production-5876503-scaled-1-300x200.jpg 300w, https:\/\/masterpiece.vn\/wp-content\/uploads\/2026\/04\/pexels-monstera-production-5876503-scaled-1-1024x683.jpg 1024w, https:\/\/masterpiece.vn\/wp-content\/uploads\/2026\/04\/pexels-monstera-production-5876503-scaled-1-768x512.jpg 768w, https:\/\/masterpiece.vn\/wp-content\/uploads\/2026\/04\/pexels-monstera-production-5876503-scaled-1-1536x1024.jpg 1536w, https:\/\/masterpiece.vn\/wp-content\/uploads\/2026\/04\/pexels-monstera-production-5876503-scaled-1-2048x1366.jpg 2048w\" sizes=\"auto, (max-width: 2560px) 100vw, 2560px\" \/>\t\t\t\t\t\t\t<div class=\"overlay\" style=\"background-color: rgba(241, 241, 241, 0.32)\"><\/div>\n\t\t\t\t\t\t\n\t\t\t\t\t<\/div>\n\t\t\t\t\t\t\t\t\n<style>\n#image_514257267 {\n  width: 100%;\n}\n<\/style>\n\t<\/div>\n\t\n<div class=\"row\"  id=\"row-1060367487\">\n\n\t<div id=\"col-521779714\" class=\"col small-12 large-12\"  >\n\t\t\t\t<div class=\"col-inner\"  >\n\t\t\t\n\t\t\t\n\t<div id=\"text-1387959931\" class=\"text\">\n\t\t\n<p>Tr\u1ea3i nghi\u1ec7m \u0111\u1eb7c bi\u1ec7t, \u0111\u00e1ng nh\u1edb v\u00e0 kh\u00f4ng th\u1ec3 qu\u00ean l\u00e0 cam k\u1ebft<br \/>\nc\u1ee7a Masterpiece \u0111\u1ed1i v\u1edbi c\u00e1c v\u1ecb kh\u00e1ch qu\u00fd gi\u00e1 c\u1ee7a b\u1ea1n.<\/p>\n\t\t\n<style>\n#text-1387959931 {\n  font-size: 1rem;\n}\n@media (min-width:550px) {\n  #text-1387959931 {\n    font-size: 1.25rem;\n  }\n}\n<\/style>\n\t<\/div>\n\t\n\t\t<\/div>\n\t\t\t\t\n<style>\n#col-521779714 > .col-inner {\n  padding: 50px 20px 50px 20px;\n}\n@media (min-width:550px) {\n  #col-521779714 > .col-inner {\n    padding: 150px 90px 0px 90px;\n  }\n}\n<\/style>\n\t<\/div>\n\n\t\n<\/div>\n\t\t<\/div>\n\t\t\t\t\n<style>\n#col-1648162751 > .col-inner {\n  padding: 0px 0px 0px 0px;\n}\n@media (min-width:550px) {\n  #col-1648162751 > .col-inner {\n    padding: 50px 50px 50px 50px;\n  }\n}\n@media (min-width:850px) {\n  #col-1648162751 > .col-inner {\n    padding: 0px 0px 0px 0px;\n  }\n}\n<\/style>\n\t<\/div>\n\n\t\n\n<style>\n#row-1104407708 > .col > .col-inner {\n  background-color: #33373d;\n}\n<\/style>\n<\/div>\n\t\t<\/div>\n\n\t\t\n<style>\n#section_115722941 {\n  padding-top: 0px;\n  padding-bottom: 0px;\n  background-color: rgb(255, 255, 255);\n}\n<\/style>\n\t<\/section>\n\t\n<div class=\"row row-collapse row-full-width align-equal\"  id=\"row-430337648\">\n\n\t<div id=\"col-141022187\" class=\"col medium-6 small-12 large-6\"  data-animate=\"fadeInRight\">\n\t\t\t\t<div class=\"col-inner text-left\"  >\n\t\t\t\n\t\t\t\n\t<div class=\"img has-hover x md-x lg-x y md-y lg-y\" id=\"image_2087655418\">\n\t\t\t\t\t\t\t\t<div class=\"img-inner image-overlay-add dark\" >\n\t\t\t<img loading=\"lazy\" decoding=\"async\" width=\"800\" height=\"772\" src=\"https:\/\/masterpiece.vn\/wp-content\/uploads\/2026\/04\/Guest-Management4.jpg\" class=\"attachment-original size-original\" alt=\"\" srcset=\"https:\/\/masterpiece.vn\/wp-content\/uploads\/2026\/04\/Guest-Management4.jpg 800w, https:\/\/masterpiece.vn\/wp-content\/uploads\/2026\/04\/Guest-Management4-300x290.jpg 300w, https:\/\/masterpiece.vn\/wp-content\/uploads\/2026\/04\/Guest-Management4-768x741.jpg 768w\" sizes=\"auto, (max-width: 800px) 100vw, 800px\" \/>\t\t\t\t\t\t\t<div class=\"overlay\" style=\"background-color: rgba(241, 241, 241, 0.32)\"><\/div>\n\t\t\t\t\t\t\n\t\t\t\t\t<\/div>\n\t\t\t\t\t\t\t\t\n<style>\n#image_2087655418 {\n  width: 100%;\n}\n<\/style>\n\t<\/div>\n\t\n\t\t<\/div>\n\t\t\t\t\t<\/div>\n\n\t\n\n\t<div id=\"col-1782607193\" class=\"col medium-6 small-12 large-6\"  data-animate=\"fadeInLeft\">\n\t\t\t\t<div class=\"col-inner text-left\"  >\n\t\t\t\n\t\t\t\n\t<div class=\"img has-hover x md-x lg-x y md-y lg-y\" id=\"image_1592899914\">\n\t\t\t\t\t\t\t\t<div class=\"img-inner image-overlay-add dark\" >\n\t\t\t<img loading=\"lazy\" decoding=\"async\" width=\"800\" height=\"772\" src=\"https:\/\/masterpiece.vn\/wp-content\/uploads\/2026\/04\/Guest-Management5.jpg\" class=\"attachment-original size-original\" alt=\"\" srcset=\"https:\/\/masterpiece.vn\/wp-content\/uploads\/2026\/04\/Guest-Management5.jpg 800w, https:\/\/masterpiece.vn\/wp-content\/uploads\/2026\/04\/Guest-Management5-300x290.jpg 300w, https:\/\/masterpiece.vn\/wp-content\/uploads\/2026\/04\/Guest-Management5-768x741.jpg 768w\" sizes=\"auto, (max-width: 800px) 100vw, 800px\" \/>\t\t\t\t\t\t\t<div class=\"overlay\" style=\"background-color: rgba(241, 241, 241, 0.32)\"><\/div>\n\t\t\t\t\t\t\n\t\t\t\t\t<\/div>\n\t\t\t\t\t\t\t\t\n<style>\n#image_1592899914 {\n  width: 100%;\n}\n<\/style>\n\t<\/div>\n\t\n\t\t<\/div>\n\t\t\t\t\t<\/div>\n\n\t\n\n<style>\n#row-430337648 > .col > .col-inner {\n  background-color: #33373d;\n}\n<\/style>\n<\/div>\n\n\t<section class=\"section\" id=\"section_1840185721\">\n\t\t<div class=\"section-bg fill\" >\n\t\t\t\t\t\t\t\t\t\n\t\t\t\n\n\t\t<\/div>\n\n\t\t\n\n\t\t<div class=\"section-content relative\">\n\t\t\t\n\t<div class=\"img has-hover x md-x lg-x y md-y lg-y\" id=\"image_1921080800\">\n\t\t\t\t\t\t<div data-animate=\"fadeInUp\">\t\t<div class=\"img-inner image-overlay-add dark\" >\n\t\t\t<img loading=\"lazy\" decoding=\"async\" width=\"1599\" height=\"726\" src=\"https:\/\/masterpiece.vn\/wp-content\/uploads\/2026\/04\/Guest-Management6.jpg\" class=\"attachment-original size-original\" alt=\"\" srcset=\"https:\/\/masterpiece.vn\/wp-content\/uploads\/2026\/04\/Guest-Management6.jpg 1599w, https:\/\/masterpiece.vn\/wp-content\/uploads\/2026\/04\/Guest-Management6-300x136.jpg 300w, https:\/\/masterpiece.vn\/wp-content\/uploads\/2026\/04\/Guest-Management6-1024x465.jpg 1024w, https:\/\/masterpiece.vn\/wp-content\/uploads\/2026\/04\/Guest-Management6-768x349.jpg 768w, https:\/\/masterpiece.vn\/wp-content\/uploads\/2026\/04\/Guest-Management6-1536x697.jpg 1536w\" sizes=\"auto, (max-width: 1599px) 100vw, 1599px\" \/>\t\t\t\t\t\t\t<div class=\"overlay\" style=\"background-color: rgba(202, 198, 198, 0.43)\"><\/div>\n\t\t\t\t\t\t\n\t\t\t\t\t<\/div>\n\t\t<\/div>\t\t\t\t\t\t\n<style>\n#image_1921080800 {\n  width: 100%;\n}\n<\/style>\n\t<\/div>\n\t\n\t\t<\/div>\n\n\t\t\n<style>\n#section_1840185721 {\n  padding-top: 0px;\n  padding-bottom: 0px;\n  background-color: rgb(255, 255, 255);\n}\n<\/style>\n\t<\/section>\n\t\n\n\t<section class=\"section\" id=\"section_1205917530\">\n\t\t<div class=\"section-bg fill\" >\n\t\t\t\t\t\t\t\t\t\n\t\t\t\n\n\t\t<\/div>\n\n\t\t\n\n\t\t<div class=\"section-content relative\">\n\t\t\t\n<div class=\"row\"  id=\"row-813242186\">\n\n\t<div id=\"col-1899496472\" class=\"col large-12\"  >\n\t\t\t\t<div class=\"col-inner text-center\"  >\n\t\t\t\n\t\t\t\n\t<div id=\"text-1099181190\" class=\"text\">\n\t\t\n<h2>Nh\u1eadn t\u01b0 v\u1ea5n<br \/>\n<\/h2>\n\t\t\n<style>\n#text-1099181190 {\n  font-size: 1.6rem;\n  text-align: center;\n}\n<\/style>\n\t<\/div>\n\t\n<div class=\"is-divider divider clearfix\" style=\"max-width:80px;height:2px;background-color:#333333;\"><\/div>\n<p>N\u1ebfu b\u1ea1n \u0111ang c\u1ea7n nh\u1eefng chuy\u00ean gia h\u00e0ng \u0111\u1ea7u v\u1ec1 vi\u1ec7c qu\u1ea3n l\u00fd l\u1ed1i s\u1ed1ng, tr\u1ee3 l\u00fd c\u00e1 nh\u00e2n, kh\u00f4ng ai kh\u00e1c ngo\u00e0i ch\u00fang t\u00f4i.<\/p>\n\t\t<\/div>\n\t\t\t\t\t<\/div>\n\n\t\n<\/div>\n<div class=\"row\" style=\"max-width:700px\" id=\"row-1394482928\">\n\n\t<div id=\"col-1236865234\" class=\"col large-12\"  >\n\t\t\t\t<div class=\"col-inner\"  >\n\t\t\t\n\t\t\t\n\n<div class=\"wpcf7 no-js\" id=\"wpcf7-f1585-o1\" lang=\"vi\" dir=\"ltr\" data-wpcf7-id=\"1585\">\n<div class=\"screen-reader-response\"><p role=\"status\" aria-live=\"polite\" aria-atomic=\"true\"><\/p> <ul><\/ul><\/div>\n<form action=\"\/vi\/wp-json\/wp\/v2\/pages\/1796#wpcf7-f1585-o1\" method=\"post\" class=\"wpcf7-form init\" aria-label=\"Form li\u00ean h\u1ec7\" novalidate=\"novalidate\" data-status=\"init\">\n<fieldset class=\"hidden-fields-container\"><input type=\"hidden\" name=\"_wpcf7\" value=\"1585\" \/><input type=\"hidden\" name=\"_wpcf7_version\" value=\"6.1.5\" \/><input type=\"hidden\" name=\"_wpcf7_locale\" value=\"vi\" \/><input type=\"hidden\" name=\"_wpcf7_unit_tag\" value=\"wpcf7-f1585-o1\" \/><input type=\"hidden\" name=\"_wpcf7_container_post\" value=\"0\" \/><input type=\"hidden\" name=\"_wpcf7_posted_data_hash\" value=\"\" \/>\n<\/fieldset>\n<div style=\"display: none\"><p><span class=\"wpcf7-form-control-wrap\" data-name=\"mbws\"><input size=\"40\" class=\"wpcf7-form-control wpcf7-text\" aria-invalid=\"false\" value=\"\" type=\"text\" name=\"mbws\"><\/span><\/p><\/div><div class=\"row row-small\">\n<div class=\"col large-12\">\n<label>T\u00ean<\/label>\n<span class=\"wpcf7-form-control-wrap\" data-name=\"your-name\"><input size=\"40\" maxlength=\"400\" class=\"wpcf7-form-control wpcf7-text wpcf7-validates-as-required\" aria-required=\"true\" aria-invalid=\"false\" placeholder=\"H\u1ecd v\u00e0 t\u00ean\" value=\"\" type=\"text\" name=\"your-name\" \/><\/span>\n<\/div>\n<div class=\"col large-12\">\n<label>Email<\/label>\n<span class=\"wpcf7-form-control-wrap\" data-name=\"your-mail\"><input size=\"40\" maxlength=\"400\" class=\"wpcf7-form-control wpcf7-email wpcf7-validates-as-required wpcf7-text wpcf7-validates-as-email\" aria-required=\"true\" aria-invalid=\"false\" placeholder=\"\u0110\u1ecba ch\u1ec9 email\" value=\"\" type=\"email\" name=\"your-mail\" \/><\/span>\n<\/div>\n<div class=\"col large-12\">\n<label>S\u1ed1 \u0111i\u1ec7n tho\u1ea1i<\/label>\n<span class=\"wpcf7-form-control-wrap\" data-name=\"your-phone\"><input size=\"40\" maxlength=\"400\" class=\"wpcf7-form-control wpcf7-tel wpcf7-validates-as-required wpcf7-text wpcf7-validates-as-tel\" aria-required=\"true\" aria-invalid=\"false\" placeholder=\"S\u1ed1 \u0111i\u1ec7n tho\u1ea1i c\u1ee7a b\u1ea1n\" value=\"\" type=\"tel\" name=\"your-phone\" \/><\/span>\n<\/div>\n<div class=\"col large-12\">\n<label>\u0110\u1ec3 l\u1ea1i l\u1eddi nh\u1eafn cho ch\u00fang t\u00f4i<\/label>\n<span class=\"wpcf7-form-control-wrap\" data-name=\"content\"><textarea cols=\"40\" rows=\"10\" maxlength=\"2000\" class=\"wpcf7-form-control wpcf7-textarea\" aria-invalid=\"false\" placeholder=\"\u0110\u1ec3 l\u1ea1i l\u1eddi nh\u1eafn cho ch\u00fang t\u00f4i...\" name=\"content\"><\/textarea><\/span>\n<\/div>\n<div class=\"col large-12\">\n<span class=\"wpcf7-form-control-wrap\" data-name=\"your-acceptance\"><span class=\"wpcf7-form-control wpcf7-acceptance optional\"><span class=\"wpcf7-list-item\"><label><input type=\"checkbox\" name=\"your-acceptance\" value=\"1\" aria-invalid=\"false\" \/><span class=\"wpcf7-list-item-label\">T\u00f4i x\u00e1c nh\u1eadn t\u00f4i \u0111\u00e3 \u0111\u1ecdc v\u00e0 \u0111\u1ed3ng \u00fd v\u1edbi \u0111i\u1ec1u kho\u1ea3n & ch\u00ednh s\u00e1ch quy\u1ec1n ri\u00eang t\u01b0<\/span><\/label><\/span><\/span><\/span>\n<\/div>\n<div class=\"col large-12 pb-0\">\n<input class=\"wpcf7-form-control wpcf7-submit has-spinner\" type=\"submit\" value=\"G\u1eedi tin\" \/>\n<\/div>\n<\/div><div class=\"wpcf7-response-output\" aria-hidden=\"true\"><\/div>\n<\/form>\n<\/div>\n\n\t\t<\/div>\n\t\t\t\t\t<\/div>\n\n\t\n<\/div>\n\t\t<\/div>\n\n\t\t\n<style>\n#section_1205917530 {\n  padding-top: 50px;\n  padding-bottom: 50px;\n  background-color: #F8F8F8;\n}\n@media (min-width:550px) {\n  #section_1205917530 {\n    padding-top: 80px;\n    padding-bottom: 80px;\n  }\n}\n<\/style>\n\t<\/section>\n\t\n\n\t<section class=\"section\" id=\"section_2144047111\">\n\t\t<div class=\"section-bg fill\" >\n\t\t\t\t\t\t\t\t\t\n\t\t\t\n\n\t\t<\/div>\n\n\t\t\n\n\t\t<div class=\"section-content relative\">\n\t\t\t\n<div class=\"row\" style=\"max-width:1600px\" id=\"row-337949510\">\n\n\t<div id=\"col-1321664680\" class=\"col large-12\"  >\n\t\t\t\t<div class=\"col-inner text-center\"  >\n\t\t\t\n\t\t\t\n\t<div id=\"text-1462239959\" class=\"text\">\n\t\t\n<h2>B\u1ea1n c\u00f3 th\u1ec3 quan t\u00e2m<br \/>\n<\/h2>\n\t\t\n<style>\n#text-1462239959 {\n  font-size: 1.6rem;\n}\n<\/style>\n\t<\/div>\n\t\n<div class=\"is-divider divider clearfix\" style=\"margin-top:0px;margin-bottom:0px;max-width:80px;background-color:#333333;\"><\/div>\n\t\t<\/div>\n\t\t\t\t\t<\/div>\n\n\t\n<\/div>\n<div class=\"row align-equal row-box-shadow-3 row-box-shadow-5-hover\" style=\"max-width:1600px\" id=\"row-248186443\">\n\n\t<div id=\"col-397614263\" class=\"col medium-6 small-12 large-6\"  >\n\t\t\t\t<div class=\"col-inner\"  >\n\t\t\t\n\t\t\t\n\t<div class=\"box has-hover   has-hover box-text-bottom\" >\n\n\t\t<div class=\"box-image\" >\n\t\t\t\t\t\t<div class=\"\" >\n\t\t\t\t<img loading=\"lazy\" decoding=\"async\" width=\"744\" height=\"745\" src=\"https:\/\/masterpiece.vn\/wp-content\/uploads\/2026\/03\/image-44.jpg\" class=\"attachment- size-\" alt=\"\" srcset=\"https:\/\/masterpiece.vn\/wp-content\/uploads\/2026\/03\/image-44.jpg 744w, https:\/\/masterpiece.vn\/wp-content\/uploads\/2026\/03\/image-44-300x300.jpg 300w, https:\/\/masterpiece.vn\/wp-content\/uploads\/2026\/03\/image-44-150x150.jpg 150w\" sizes=\"auto, (max-width: 744px) 100vw, 744px\" \/>\t\t\t\t\t\t\t\t\t\t\t<\/div>\n\t\t\t\t\t<\/div>\n\n\t\t<div class=\"box-text text-center dark\" style=\"padding:20px 20px 20px 20px;\">\n\t\t\t<div class=\"box-text-inner\">\n\t\t\t\t\n\t<div id=\"text-751682253\" class=\"text\">\n\t\t\n<h3>D\u1ecbch v\u1ee5 kh\u00edch l\u1ec7 nh\u00e2n vi\u00ean<br \/>\n<\/h3>\n\t\t\n<style>\n#text-751682253 {\n  font-size: 1.25rem;\n}\n<\/style>\n\t<\/div>\n\t\n\t<div id=\"text-2326818818\" class=\"text\">\n\t\t\n<p>S\u1ef1 ch\u0103m s\u00f3c chuy\u00ean bi\u1ec7t, th\u00fac \u0111\u1ea9y s\u1ef1 ph\u00e1t tri\u1ec3n c\u1ee7a doanh nghi\u1ec7p.<\/p>\n\t\t\n<style>\n#text-2326818818 {\n  font-size: 1rem;\n}\n<\/style>\n\t<\/div>\n\t\n<a href=\"https:\/\/masterpiece.vn\/vi\/incentive-reward-vn\" class=\"button white is-outline\"  style=\"border-radius:99px;\">\n\t\t<span>Kh\u00e1m ph\u00e1 ngay \u2192<\/span>\n\t<\/a>\n\n\t\t\t<\/div>\n\t\t<\/div>\n\t<\/div>\n\t\n\t\t<\/div>\n\t\t\t\t\t<\/div>\n\n\t\n\n\t<div id=\"col-1445353822\" class=\"col medium-6 small-12 large-6\"  >\n\t\t\t\t<div class=\"col-inner\"  >\n\t\t\t\n\t\t\t\n\t<div class=\"box has-hover   has-hover box-text-bottom\" >\n\n\t\t<div class=\"box-image\" >\n\t\t\t\t\t\t<div class=\"\" >\n\t\t\t\t<img loading=\"lazy\" decoding=\"async\" width=\"745\" height=\"743\" src=\"https:\/\/masterpiece.vn\/wp-content\/uploads\/2026\/04\/image-8.jpg\" class=\"attachment- size-\" alt=\"\" srcset=\"https:\/\/masterpiece.vn\/wp-content\/uploads\/2026\/04\/image-8.jpg 745w, https:\/\/masterpiece.vn\/wp-content\/uploads\/2026\/04\/image-8-300x300.jpg 300w, https:\/\/masterpiece.vn\/wp-content\/uploads\/2026\/04\/image-8-150x150.jpg 150w\" sizes=\"auto, (max-width: 745px) 100vw, 745px\" \/>\t\t\t\t\t\t\t\t\t\t\t<\/div>\n\t\t\t\t\t<\/div>\n\n\t\t<div class=\"box-text text-center dark\" style=\"padding:20px 20px 20px 20px;\">\n\t\t\t<div class=\"box-text-inner\">\n\t\t\t\t\n\t<div id=\"text-1815767045\" class=\"text\">\n\t\t\n<h3>T\u1ed5 ch\u1ee9c s\u1ef1 ki\u1ec7n th\u01b0\u01a1ng hi\u1ec7u<br \/>\n<\/h3>\n\t\t\n<style>\n#text-1815767045 {\n  font-size: 1.25rem;\n}\n<\/style>\n\t<\/div>\n\t\n\t<div id=\"text-348543153\" class=\"text\">\n\t\t\n<p>S\u1ef1 ki\u1ec7n v\u00f4 c\u00f9ng s\u00e1ng t\u1ea1o v\u00e0 gi\u00e0u t\u00ednh tr\u1ea3i nghi\u1ec7m.<\/p>\n\t\t\n<style>\n#text-348543153 {\n  font-size: 1rem;\n}\n<\/style>\n\t<\/div>\n\t\n<a href=\"https:\/\/masterpiece.vn\/vi\/activation-event-vn\/\" class=\"button white is-outline\"  style=\"border-radius:99px;\">\n\t\t<span>Kh\u00e1m ph\u00e1 ngay \u2192<\/span>\n\t<\/a>\n\n\t\t\t<\/div>\n\t\t<\/div>\n\t<\/div>\n\t\n\t\t<\/div>\n\t\t\t\t\t<\/div>\n\n\t\n\n<style>\n#row-248186443 > .col > .col-inner {\n  background-color: #33373d;\n}\n<\/style>\n<\/div>\n\t\t<\/div>\n\n\t\t\n<style>\n#section_2144047111 {\n  padding-top: 30px;\n  padding-bottom: 30px;\n  background-color: #FFFFFF;\n}\n<\/style>\n\t<\/section>\n\t\n","protected":false},"excerpt":{"rendered":"","protected":false},"author":1,"featured_media":0,"parent":0,"menu_order":0,"comment_status":"closed","ping_status":"closed","template":"page-blank.php","meta":{"footnotes":""},"class_list":["post-1796","page","type-page","status-publish","hentry"],"_links":{"self":[{"href":"https:\/\/masterpiece.vn\/vi\/wp-json\/wp\/v2\/pages\/1796","targetHints":{"allow":["GET"]}}],"collection":[{"href":"https:\/\/masterpiece.vn\/vi\/wp-json\/wp\/v2\/pages"}],"about":[{"href":"https:\/\/masterpiece.vn\/vi\/wp-json\/wp\/v2\/types\/page"}],"author":[{"embeddable":true,"href":"https:\/\/masterpiece.vn\/vi\/wp-json\/wp\/v2\/users\/1"}],"replies":[{"embeddable":true,"href":"https:\/\/masterpiece.vn\/vi\/wp-json\/wp\/v2\/comments?post=1796"}],"version-history":[{"count":5,"href":"https:\/\/masterpiece.vn\/vi\/wp-json\/wp\/v2\/pages\/1796\/revisions"}],"predecessor-version":[{"id":5714,"href":"https:\/\/masterpiece.vn\/vi\/wp-json\/wp\/v2\/pages\/1796\/revisions\/5714"}],"wp:attachment":[{"href":"https:\/\/masterpiece.vn\/vi\/wp-json\/wp\/v2\/media?parent=1796"}],"curies":[{"name":"wp","href":"https:\/\/api.w.org\/{rel}","templated":true}]}}