{"id":1826,"date":"2026-04-17T10:30:25","date_gmt":"2026-04-17T03:30:25","guid":{"rendered":"https:\/\/masterpiece.vn\/activation-event-vn"},"modified":"2026-04-24T10:49:52","modified_gmt":"2026-04-24T03:49:52","slug":"activation-event-vn","status":"publish","type":"page","link":"https:\/\/masterpiece.vn\/vi\/activation-event-vn","title":{"rendered":"Activation Event VN"},"content":{"rendered":"\n\t<section class=\"section\" id=\"section_796395623\">\n\t\t<div class=\"section-bg fill\" >\n\t\t\t<img loading=\"lazy\" decoding=\"async\" width=\"1600\" height=\"684\" src=\"https:\/\/masterpiece.vn\/wp-content\/uploads\/2026\/04\/Activation-Event0.jpg\" class=\"bg attachment-original size-original\" alt=\"\" \/>\t\t\t\t\t\t<div class=\"section-bg-overlay absolute fill\"><\/div>\n\t\t\t\n\n\t\t<\/div>\n\n\t\t\n\n\t\t<div class=\"section-content relative\">\n\t\t\t\n<div class=\"row\"  id=\"row-1727826110\">\n\n\t<div id=\"col-159504429\" class=\"col medium-11 large-11\"  >\n\t\t\t\t<div class=\"col-inner text-center dark\"  >\n\t\t\t\n\t\t\t\n\t<div id=\"text-2374721215\" class=\"text\">\n\t\t\n<h1><span style=\"font-size: 150%;\">T\u1ed5 ch\u1ee9c s\u1ef1 ki\u1ec7n th\u01b0\u01a1ng hi\u1ec7u\n<\/p>\n<p><\/span><\/h1>\n<p>N\u01a1i \u0111\u1ec3 l\u1ea1i cho b\u1ea1n nh\u1eefng \u1ea5n t\u01b0\u1ee3ng kh\u00f3 phai.<\/p>\n\t\t\n<style>\n#text-2374721215 {\n  font-size: 1rem;\n  text-align: center;\n}\n@media (min-width:550px) {\n  #text-2374721215 {\n    font-size: 1.25rem;\n  }\n}\n<\/style>\n\t<\/div>\n\t\n<div class=\"row\"  id=\"row-1572979407\">\n\n\t<div id=\"col-96689511\" class=\"col pb-0 small-12 large-12\"  >\n\t\t\t\t<div class=\"col-inner text-center\"  >\n\t\t\t\n\t\t\t\n\t<div id=\"ux-lottie-926098414\" class=\"ux-lottie scroll_down\" >\n\t\t<a href=\"#Ourteam\" >\t\t<lottie-player class=\"ux-lottie__player\" data-params=\"{&quot;src&quot;:&quot;https:\\\/\\\/lottie.host\\\/e5507f08-797d-40a8-a7d3-773275d3062f\\\/Y2jbYy7Rv4.json&quot;,&quot;loop&quot;:true,&quot;autoplay&quot;:true,&quot;controls&quot;:false,&quot;speed&quot;:&quot;1&quot;,&quot;direction&quot;:1,&quot;trigger&quot;:&quot;&quot;,&quot;mouseout&quot;:&quot;&quot;,&quot;start&quot;:0,&quot;end&quot;:100,&quot;scrollActionType&quot;:&quot;seek&quot;,&quot;visibilityStart&quot;:0,&quot;visibilityEnd&quot;:100,&quot;id&quot;:&quot;ux-lottie-926098414&quot;}\" ><\/lottie-player>\n\t\t<\/a>\t\t\n<style>\n#ux-lottie-926098414 {\n  width: 60px;\n  height: 100px;\n}\n<\/style>\n\t<\/div>\n\t\n\t\t<\/div>\n\t\t\t\t\t<\/div>\n\n\t\n<\/div>\n\t\t<\/div>\n\t\t\t\t\t<\/div>\n\n\t\n<\/div>\n\t\t<\/div>\n\n\t\t\n<style>\n#section_796395623 {\n  padding-top: 100px;\n  padding-bottom: 100px;\n  min-height: 684px;\n}\n#section_796395623 .section-bg-overlay {\n  background-color: rgba(0,0,0,.5);\n}\n#section_796395623 .section-bg img {\n  object-position: 36% 0%;\n}\n<\/style>\n\t<\/section>\n\t\n\n\t<section class=\"section\" id=\"section_1365505508\">\n\t\t<div class=\"section-bg fill\" >\n\t\t\t\t\t\t\t\t\t\n\t\t\t\n\n\t\t<\/div>\n\n\t\t\n\n\t\t<div class=\"section-content relative\">\n\t\t\t\n<span class=\"scroll-to\" data-label=\"Scroll to: #Ourteam\" data-bullet=\"false\" data-link=\"#Ourteam\" data-title=\"Change this\" ><a name=\"Ourteam\"><\/a><\/span>\n<div class=\"row row-collapse row-full-width align-equal\"  id=\"row-325766294\">\n\n\t<div id=\"col-692753456\" class=\"col medium-6 small-12 large-6\"  data-animate=\"fadeInLeft\">\n\t\t\t\t<div class=\"col-inner text-left\"  >\n\t\t\t\n\t\t\t\n\t<div class=\"img has-hover x md-x lg-x y md-y lg-y\" id=\"image_393673714\">\n\t\t\t\t\t\t\t\t<div class=\"img-inner image-overlay-add dark\" >\n\t\t\t<img loading=\"lazy\" decoding=\"async\" width=\"800\" height=\"772\" src=\"https:\/\/masterpiece.vn\/wp-content\/uploads\/2026\/04\/Activation-Event1.jpg\" class=\"attachment-original size-original\" alt=\"\" srcset=\"https:\/\/masterpiece.vn\/wp-content\/uploads\/2026\/04\/Activation-Event1.jpg 800w, https:\/\/masterpiece.vn\/wp-content\/uploads\/2026\/04\/Activation-Event1-300x290.jpg 300w, https:\/\/masterpiece.vn\/wp-content\/uploads\/2026\/04\/Activation-Event1-768x741.jpg 768w\" sizes=\"auto, (max-width: 800px) 100vw, 800px\" \/>\t\t\t\t\t\t\t<div class=\"overlay\" style=\"background-color: rgba(241, 241, 241, 0.32)\"><\/div>\n\t\t\t\t\t\t\n\t\t\t\t\t<\/div>\n\t\t\t\t\t\t\t\t\n<style>\n#image_393673714 {\n  width: 100%;\n}\n<\/style>\n\t<\/div>\n\t\n\t\t<\/div>\n\t\t\t\t\t<\/div>\n\n\t\n\n\t<div id=\"col-1365709190\" class=\"col col-midle medium-6 small-12 large-6\"  data-animate=\"fadeInRight\">\n\t\t\t\t<div class=\"col-inner text-center dark\"  >\n\t\t\t\n\t\t\t\n\t<div id=\"text-3205268149\" class=\"text\">\n\t\t\n<p style=\"text-align: justify;\">\u0110\u1ed9i ng\u0169 c\u1ee7a ch\u00fang t\u00f4i l\u00e0 t\u1eadp h\u1ee3p c\u1ee7a nh\u1eefng chuy\u00ean gia t\u1ed5 ch\u1ee9c s\u1ef1 ki\u1ec7n, t\u1ea1o s\u1ef1 g\u1eafn k\u1ebft gi\u1eefa th\u01b0\u01a1ng hi\u1ec7u v\u00e0 kh\u00e1ch h\u00e0ng. D\u00f9 l\u00e0 h\u1ed9i ngh\u1ecb ho\u00e0nh tr\u00e1ng, ra m\u1eaft s\u1ea3n ph\u1ea9m qu\u1ed1c t\u1ebf, s\u1ef1 ki\u1ec7n trao gi\u1ea3i \u0111\u1ed9c quy\u1ec1n hay chi\u1ebfn d\u1ecbch s\u00e1ng t\u1ea1o n\u1ed9i dung \u0111\u1ed9c \u0111\u00e1o, m\u1ed7i tr\u1ea3i nghi\u1ec7m ch\u00fang t\u00f4i mang \u0111\u1ebfn \u0111\u1ec1u \u0111\u00e1p \u1ee9ng s\u1ef1 m\u1edbi l\u1ea1, \u1ea5n t\u01b0\u1ee3ng nh\u01b0ng v\u1eabn to\u00e1t l\u00ean n\u00e9t ri\u00eang c\u1ee7a th\u01b0\u01a1ng hi\u1ec7u.<\/p>\n\t\t\n<style>\n#text-3205268149 {\n  font-size: 1rem;\n  text-align: left;\n}\n@media (min-width:550px) {\n  #text-3205268149 {\n    font-size: 1.05rem;\n  }\n}\n<\/style>\n\t<\/div>\n\t\n\t\t<\/div>\n\t\t\t\t\n<style>\n#col-1365709190 > .col-inner {\n  padding: 50px 20px 50px 20px;\n}\n@media (min-width:550px) {\n  #col-1365709190 > .col-inner {\n    padding: 50px 50px 50px 50px;\n  }\n}\n@media (min-width:850px) {\n  #col-1365709190 > .col-inner {\n    padding: 50px 120px 50px 120px;\n  }\n}\n<\/style>\n\t<\/div>\n\n\t\n\n<style>\n#row-325766294 > .col > .col-inner {\n  background-color: #33373d;\n}\n<\/style>\n<\/div>\n\t\t<\/div>\n\n\t\t\n<style>\n#section_1365505508 {\n  padding-top: 0px;\n  padding-bottom: 0px;\n  background-color: rgb(255, 255, 255);\n}\n<\/style>\n\t<\/section>\n\t\n\n\t<section class=\"section\" id=\"section_1368773615\">\n\t\t<div class=\"section-bg fill\" >\n\t\t\t\t\t\t\t\t\t\n\t\t\t\n\n\t\t<\/div>\n\n\t\t\n\n\t\t<div class=\"section-content relative\">\n\t\t\t\n<div class=\"row row-collapse row-full-width align-equal\"  id=\"row-888801211\">\n\n\t<div id=\"col-40714169\" class=\"col medium-4 small-12 large-4\"  data-animate=\"fadeInLeft\">\n\t\t\t\t<div class=\"col-inner text-left\"  >\n\t\t\t\n\t\t\t\n\t<div class=\"img has-hover x md-x lg-x y md-y lg-y\" id=\"image_1831721138\">\n\t\t\t\t\t\t\t\t<div class=\"img-inner image-overlay-add dark\" >\n\t\t\t<img loading=\"lazy\" decoding=\"async\" width=\"534\" height=\"849\" src=\"https:\/\/masterpiece.vn\/wp-content\/uploads\/2026\/04\/Activation-Event3-1.jpg\" class=\"attachment-original size-original\" alt=\"\" srcset=\"https:\/\/masterpiece.vn\/wp-content\/uploads\/2026\/04\/Activation-Event3-1.jpg 534w, https:\/\/masterpiece.vn\/wp-content\/uploads\/2026\/04\/Activation-Event3-1-189x300.jpg 189w\" sizes=\"auto, (max-width: 534px) 100vw, 534px\" \/>\t\t\t\t\t\t\t<div class=\"overlay\" style=\"background-color: rgba(241, 241, 241, 0.32)\"><\/div>\n\t\t\t\t\t\t\n\t\t\t\t\t<\/div>\n\t\t\t\t\t\t\t\t\n<style>\n#image_1831721138 {\n  width: 100%;\n}\n<\/style>\n\t<\/div>\n\t\n\t\t<\/div>\n\t\t\t\t\t<\/div>\n\n\t\n\n\t<div id=\"col-1643430039\" class=\"col medium-4 small-12 large-4\"  data-animate=\"fadeInLeft\">\n\t\t\t\t<div class=\"col-inner text-left\"  >\n\t\t\t\n\t\t\t\n\t<div class=\"img has-hover x md-x lg-x y md-y lg-y\" id=\"image_1797045710\">\n\t\t\t\t\t\t\t\t<div class=\"img-inner image-overlay-add dark\" >\n\t\t\t<img loading=\"lazy\" decoding=\"async\" width=\"534\" height=\"849\" src=\"https:\/\/masterpiece.vn\/wp-content\/uploads\/2026\/04\/Activation-Event4-1.jpg\" class=\"attachment-original size-original\" alt=\"\" srcset=\"https:\/\/masterpiece.vn\/wp-content\/uploads\/2026\/04\/Activation-Event4-1.jpg 534w, https:\/\/masterpiece.vn\/wp-content\/uploads\/2026\/04\/Activation-Event4-1-189x300.jpg 189w\" sizes=\"auto, (max-width: 534px) 100vw, 534px\" \/>\t\t\t\t\t\t\t<div class=\"overlay\" style=\"background-color: rgba(241, 241, 241, 0.32)\"><\/div>\n\t\t\t\t\t\t\n\t\t\t\t\t<\/div>\n\t\t\t\t\t\t\t\t\n<style>\n#image_1797045710 {\n  width: 100%;\n}\n<\/style>\n\t<\/div>\n\t\n\t\t<\/div>\n\t\t\t\t\t<\/div>\n\n\t\n\n\t<div id=\"col-1175075189\" class=\"col medium-4 small-12 large-4\"  data-animate=\"fadeInLeft\">\n\t\t\t\t<div class=\"col-inner text-left\"  >\n\t\t\t\n\t\t\t\n\t<div class=\"img has-hover x md-x lg-x y md-y lg-y\" id=\"image_697264376\">\n\t\t\t\t\t\t\t\t<div class=\"img-inner image-overlay-add dark\" >\n\t\t\t<img loading=\"lazy\" decoding=\"async\" width=\"534\" height=\"849\" src=\"https:\/\/masterpiece.vn\/wp-content\/uploads\/2026\/04\/Activation-Event5.jpg\" class=\"attachment-original size-original\" alt=\"\" srcset=\"https:\/\/masterpiece.vn\/wp-content\/uploads\/2026\/04\/Activation-Event5.jpg 534w, https:\/\/masterpiece.vn\/wp-content\/uploads\/2026\/04\/Activation-Event5-189x300.jpg 189w\" sizes=\"auto, (max-width: 534px) 100vw, 534px\" \/>\t\t\t\t\t\t\t<div class=\"overlay\" style=\"background-color: rgba(241, 241, 241, 0.32)\"><\/div>\n\t\t\t\t\t\t\n\t\t\t\t\t<\/div>\n\t\t\t\t\t\t\t\t\n<style>\n#image_697264376 {\n  width: 100%;\n}\n<\/style>\n\t<\/div>\n\t\n\t\t<\/div>\n\t\t\t\t\t<\/div>\n\n\t\n\n<style>\n#row-888801211 > .col > .col-inner {\n  background-color: #33373d;\n}\n<\/style>\n<\/div>\n\t\t<\/div>\n\n\t\t\n<style>\n#section_1368773615 {\n  padding-top: 0px;\n  padding-bottom: 0px;\n  background-color: rgb(255, 255, 255);\n}\n<\/style>\n\t<\/section>\n\t\n\n\t<section class=\"section\" id=\"section_151145723\">\n\t\t<div class=\"section-bg fill\" >\n\t\t\t\t\t\t\t\t\t\n\t\t\t\n\n\t\t<\/div>\n\n\t\t\n\n\t\t<div class=\"section-content relative\">\n\t\t\t\n<div class=\"row row-collapse row-full-width align-equal\"  id=\"row-1865946027\">\n\n\t<div id=\"col-336496001\" class=\"col small-12 large-12\"  >\n\t\t\t\t<div class=\"col-inner text-left\"  >\n\t\t\t\n\t\t\t\n\t<div id=\"text-3381157170\" class=\"text\">\n\t\t\n<p>N\u1ebfu b\u1ea1n mu\u1ed1n t\u1ea1o n\u00ean \u1ea5n t\u01b0\u1ee3ng kh\u00f3 phai<br \/>\nv\u1ec1 m\u1ed9t s\u1ef1 ki\u1ec7n sang tr\u1ecdngv\u00e0 \u0111\u1eb3ng c\u1ea5p, Masterpiece l\u00e0<br \/>\nl\u1ef1a ch\u1ecdn h\u00e0ng \u0111\u1ea7u c\u1ee7a b\u1ea1n.<\/p>\n\t\t\n<style>\n#text-3381157170 {\n  font-size: 1rem;\n  text-align: center;\n  color: rgb(255,255,255);\n}\n#text-3381157170 > * {\n  color: rgb(255,255,255);\n}\n@media (min-width:550px) {\n  #text-3381157170 {\n    font-size: 1.5rem;\n  }\n}\n<\/style>\n\t<\/div>\n\t\n\t\t<\/div>\n\t\t\t\t\n<style>\n#col-336496001 > .col-inner {\n  padding: 50px 20px 50px 20px;\n}\n@media (min-width:550px) {\n  #col-336496001 > .col-inner {\n    padding: 200px 150px 200px 150px;\n  }\n}\n<\/style>\n\t<\/div>\n\n\t\n\n\t<div id=\"col-1053536368\" class=\"col col-midle medium-6 small-12 large-6\"  data-animate=\"fadeInLeft\">\n\t\t\t\t<div class=\"col-inner text-center dark\"  >\n\t\t\t\n\t\t\t\n\t<div class=\"img has-hover x md-x lg-x y md-y lg-y\" id=\"image_1569922975\">\n\t\t\t\t\t\t\t\t<div class=\"img-inner image-overlay-add dark\" >\n\t\t\t<img loading=\"lazy\" decoding=\"async\" width=\"800\" height=\"772\" src=\"https:\/\/masterpiece.vn\/wp-content\/uploads\/2026\/04\/Activation-Event6.jpg\" class=\"attachment-original size-original\" alt=\"\" srcset=\"https:\/\/masterpiece.vn\/wp-content\/uploads\/2026\/04\/Activation-Event6.jpg 800w, https:\/\/masterpiece.vn\/wp-content\/uploads\/2026\/04\/Activation-Event6-300x290.jpg 300w, https:\/\/masterpiece.vn\/wp-content\/uploads\/2026\/04\/Activation-Event6-768x741.jpg 768w\" sizes=\"auto, (max-width: 800px) 100vw, 800px\" \/>\t\t\t\t\t\t\t<div class=\"overlay\" style=\"background-color: rgba(241, 241, 241, 0.32)\"><\/div>\n\t\t\t\t\t\t\n\t\t\t\t\t<\/div>\n\t\t\t\t\t\t\t\t\n<style>\n#image_1569922975 {\n  width: 100%;\n}\n<\/style>\n\t<\/div>\n\t\n\t\t<\/div>\n\t\t\t\t\t<\/div>\n\n\t\n\n\t<div id=\"col-200364470\" class=\"col col-midle medium-6 small-12 large-6\"  data-animate=\"fadeInRight\">\n\t\t\t\t<div class=\"col-inner text-center dark\"  >\n\t\t\t\n\t\t\t\n\t<div class=\"img has-hover x md-x lg-x y md-y lg-y\" id=\"image_2063829423\">\n\t\t\t\t\t\t\t\t<div class=\"img-inner image-overlay-add dark\" >\n\t\t\t<img loading=\"lazy\" decoding=\"async\" width=\"800\" height=\"772\" src=\"https:\/\/masterpiece.vn\/wp-content\/uploads\/2026\/04\/Activation-Event7.jpg\" class=\"attachment-original size-original\" alt=\"\" srcset=\"https:\/\/masterpiece.vn\/wp-content\/uploads\/2026\/04\/Activation-Event7.jpg 800w, https:\/\/masterpiece.vn\/wp-content\/uploads\/2026\/04\/Activation-Event7-300x290.jpg 300w, https:\/\/masterpiece.vn\/wp-content\/uploads\/2026\/04\/Activation-Event7-768x741.jpg 768w\" sizes=\"auto, (max-width: 800px) 100vw, 800px\" \/>\t\t\t\t\t\t\t<div class=\"overlay\" style=\"background-color: rgba(241, 241, 241, 0.32)\"><\/div>\n\t\t\t\t\t\t\n\t\t\t\t\t<\/div>\n\t\t\t\t\t\t\t\t\n<style>\n#image_2063829423 {\n  width: 100%;\n}\n<\/style>\n\t<\/div>\n\t\n\t\t<\/div>\n\t\t\t\t\t<\/div>\n\n\t\n\n<style>\n#row-1865946027 > .col > .col-inner {\n  background-color: #33373d;\n}\n<\/style>\n<\/div>\n\t\t<\/div>\n\n\t\t\n<style>\n#section_151145723 {\n  padding-top: 0px;\n  padding-bottom: 0px;\n  background-color: rgb(255, 255, 255);\n}\n<\/style>\n\t<\/section>\n\t\n\n\t<section class=\"section\" id=\"section_337938697\">\n\t\t<div class=\"section-bg fill\" >\n\t\t\t\t\t\t\t\t\t\n\t\t\t\n\n\t\t<\/div>\n\n\t\t\n\n\t\t<div class=\"section-content relative\">\n\t\t\t\n<div class=\"row\"  id=\"row-1434327923\">\n\n\t<div id=\"col-1937338284\" class=\"col large-12\"  >\n\t\t\t\t<div class=\"col-inner text-center\"  >\n\t\t\t\n\t\t\t\n\t<div id=\"text-3893026766\" class=\"text\">\n\t\t\n<h2>Nh\u1eadn t\u01b0 v\u1ea5n<br \/>\n<\/h2>\n\t\t\n<style>\n#text-3893026766 {\n  font-size: 1.6rem;\n  text-align: center;\n}\n<\/style>\n\t<\/div>\n\t\n<div class=\"is-divider divider clearfix\" style=\"max-width:80px;height:2px;background-color:#333333;\"><\/div>\n<p>N\u1ebfu b\u1ea1n \u0111ang c\u1ea7n nh\u1eefng chuy\u00ean gia h\u00e0ng \u0111\u1ea7u v\u1ec1 vi\u1ec7c qu\u1ea3n l\u00fd l\u1ed1i s\u1ed1ng, tr\u1ee3 l\u00fd c\u00e1 nh\u00e2n, kh\u00f4ng ai kh\u00e1c ngo\u00e0i ch\u00fang t\u00f4i.<\/p>\n\t\t<\/div>\n\t\t\t\t\t<\/div>\n\n\t\n<\/div>\n<div class=\"row\" style=\"max-width:700px\" id=\"row-508583608\">\n\n\t<div id=\"col-2078739527\" class=\"col large-12\"  >\n\t\t\t\t<div class=\"col-inner\"  >\n\t\t\t\n\t\t\t\n\n<div class=\"wpcf7 no-js\" id=\"wpcf7-f1585-o1\" lang=\"vi\" dir=\"ltr\" data-wpcf7-id=\"1585\">\n<div class=\"screen-reader-response\"><p role=\"status\" aria-live=\"polite\" aria-atomic=\"true\"><\/p> <ul><\/ul><\/div>\n<form action=\"\/vi\/wp-json\/wp\/v2\/pages\/1826#wpcf7-f1585-o1\" method=\"post\" class=\"wpcf7-form init\" aria-label=\"Form li\u00ean h\u1ec7\" novalidate=\"novalidate\" data-status=\"init\">\n<fieldset class=\"hidden-fields-container\"><input type=\"hidden\" name=\"_wpcf7\" value=\"1585\" \/><input type=\"hidden\" name=\"_wpcf7_version\" value=\"6.1.5\" \/><input type=\"hidden\" name=\"_wpcf7_locale\" value=\"vi\" \/><input type=\"hidden\" name=\"_wpcf7_unit_tag\" value=\"wpcf7-f1585-o1\" \/><input type=\"hidden\" name=\"_wpcf7_container_post\" value=\"0\" \/><input type=\"hidden\" name=\"_wpcf7_posted_data_hash\" value=\"\" \/>\n<\/fieldset>\n<div style=\"display: none\"><p><span class=\"wpcf7-form-control-wrap\" data-name=\"mbws\"><input size=\"40\" class=\"wpcf7-form-control wpcf7-text\" aria-invalid=\"false\" value=\"\" type=\"text\" name=\"mbws\"><\/span><\/p><\/div><div class=\"row row-small\">\n<div class=\"col large-12\">\n<label>T\u00ean<\/label>\n<span class=\"wpcf7-form-control-wrap\" data-name=\"your-name\"><input size=\"40\" maxlength=\"400\" class=\"wpcf7-form-control wpcf7-text wpcf7-validates-as-required\" aria-required=\"true\" aria-invalid=\"false\" placeholder=\"H\u1ecd v\u00e0 t\u00ean\" value=\"\" type=\"text\" name=\"your-name\" \/><\/span>\n<\/div>\n<div class=\"col large-12\">\n<label>Email<\/label>\n<span class=\"wpcf7-form-control-wrap\" data-name=\"your-mail\"><input size=\"40\" maxlength=\"400\" class=\"wpcf7-form-control wpcf7-email wpcf7-validates-as-required wpcf7-text wpcf7-validates-as-email\" aria-required=\"true\" aria-invalid=\"false\" placeholder=\"\u0110\u1ecba ch\u1ec9 email\" value=\"\" type=\"email\" name=\"your-mail\" \/><\/span>\n<\/div>\n<div class=\"col large-12\">\n<label>S\u1ed1 \u0111i\u1ec7n tho\u1ea1i<\/label>\n<span class=\"wpcf7-form-control-wrap\" data-name=\"your-phone\"><input size=\"40\" maxlength=\"400\" class=\"wpcf7-form-control wpcf7-tel wpcf7-validates-as-required wpcf7-text wpcf7-validates-as-tel\" aria-required=\"true\" aria-invalid=\"false\" placeholder=\"S\u1ed1 \u0111i\u1ec7n tho\u1ea1i c\u1ee7a b\u1ea1n\" value=\"\" type=\"tel\" name=\"your-phone\" \/><\/span>\n<\/div>\n<div class=\"col large-12\">\n<label>\u0110\u1ec3 l\u1ea1i l\u1eddi nh\u1eafn cho ch\u00fang t\u00f4i<\/label>\n<span class=\"wpcf7-form-control-wrap\" data-name=\"content\"><textarea cols=\"40\" rows=\"10\" maxlength=\"2000\" class=\"wpcf7-form-control wpcf7-textarea\" aria-invalid=\"false\" placeholder=\"\u0110\u1ec3 l\u1ea1i l\u1eddi nh\u1eafn cho ch\u00fang t\u00f4i...\" name=\"content\"><\/textarea><\/span>\n<\/div>\n<div class=\"col large-12\">\n<span class=\"wpcf7-form-control-wrap\" data-name=\"your-acceptance\"><span class=\"wpcf7-form-control wpcf7-acceptance optional\"><span class=\"wpcf7-list-item\"><label><input type=\"checkbox\" name=\"your-acceptance\" value=\"1\" aria-invalid=\"false\" \/><span class=\"wpcf7-list-item-label\">T\u00f4i x\u00e1c nh\u1eadn t\u00f4i \u0111\u00e3 \u0111\u1ecdc v\u00e0 \u0111\u1ed3ng \u00fd v\u1edbi \u0111i\u1ec1u kho\u1ea3n & ch\u00ednh s\u00e1ch quy\u1ec1n ri\u00eang t\u01b0<\/span><\/label><\/span><\/span><\/span>\n<\/div>\n<div class=\"col large-12 pb-0\">\n<input class=\"wpcf7-form-control wpcf7-submit has-spinner\" type=\"submit\" value=\"G\u1eedi tin\" \/>\n<\/div>\n<\/div><div class=\"wpcf7-response-output\" aria-hidden=\"true\"><\/div>\n<\/form>\n<\/div>\n\n\t\t<\/div>\n\t\t\t\t\t<\/div>\n\n\t\n<\/div>\n\t\t<\/div>\n\n\t\t\n<style>\n#section_337938697 {\n  padding-top: 50px;\n  padding-bottom: 50px;\n  background-color: #F8F8F8;\n}\n@media (min-width:550px) {\n  #section_337938697 {\n    padding-top: 80px;\n    padding-bottom: 80px;\n  }\n}\n<\/style>\n\t<\/section>\n\t\n\n\t<section class=\"section\" id=\"section_1780956438\">\n\t\t<div class=\"section-bg fill\" >\n\t\t\t\t\t\t\t\t\t\n\t\t\t\n\n\t\t<\/div>\n\n\t\t\n\n\t\t<div class=\"section-content relative\">\n\t\t\t\n<div class=\"row\" style=\"max-width:1600px\" id=\"row-495481400\">\n\n\t<div id=\"col-596333301\" class=\"col large-12\"  >\n\t\t\t\t<div class=\"col-inner text-center\"  >\n\t\t\t\n\t\t\t\n\t<div id=\"text-2574830133\" class=\"text\">\n\t\t\n<h2>B\u1ea1n c\u00f3 th\u1ec3 quan t\u00e2m<br \/>\n<\/h2>\n\t\t\n<style>\n#text-2574830133 {\n  font-size: 1.6rem;\n}\n<\/style>\n\t<\/div>\n\t\n<div class=\"is-divider divider clearfix\" style=\"margin-top:0px;margin-bottom:0px;max-width:80px;background-color:#333333;\"><\/div>\n\t\t<\/div>\n\t\t\t\t\t<\/div>\n\n\t\n<\/div>\n<div class=\"row align-equal row-box-shadow-3 row-box-shadow-5-hover\" style=\"max-width:1600px\" id=\"row-19821079\">\n\n\t<div id=\"col-555622855\" class=\"col medium-6 small-12 large-6\"  >\n\t\t\t\t<div class=\"col-inner\"  >\n\t\t\t\n\t\t\t\n\t<div class=\"box has-hover   has-hover box-text-bottom\" >\n\n\t\t<div class=\"box-image\" >\n\t\t\t\t\t\t<div class=\"\" >\n\t\t\t\t<img loading=\"lazy\" decoding=\"async\" width=\"744\" height=\"745\" src=\"https:\/\/masterpiece.vn\/wp-content\/uploads\/2026\/03\/image-44.jpg\" class=\"attachment- size-\" alt=\"\" srcset=\"https:\/\/masterpiece.vn\/wp-content\/uploads\/2026\/03\/image-44.jpg 744w, https:\/\/masterpiece.vn\/wp-content\/uploads\/2026\/03\/image-44-300x300.jpg 300w, https:\/\/masterpiece.vn\/wp-content\/uploads\/2026\/03\/image-44-150x150.jpg 150w\" sizes=\"auto, (max-width: 744px) 100vw, 744px\" \/>\t\t\t\t\t\t\t\t\t\t\t<\/div>\n\t\t\t\t\t<\/div>\n\n\t\t<div class=\"box-text text-center dark\" style=\"padding:20px 20px 20px 20px;\">\n\t\t\t<div class=\"box-text-inner\">\n\t\t\t\t\n\t<div id=\"text-25645499\" class=\"text\">\n\t\t\n<h3>D\u1ecbch v\u1ee5 kh\u00edch l\u1ec7 nh\u00e2n vi\u00ean<br \/>\n<\/h3>\n\t\t\n<style>\n#text-25645499 {\n  font-size: 1.25rem;\n}\n<\/style>\n\t<\/div>\n\t\n\t<div id=\"text-1938892369\" class=\"text\">\n\t\t\n<p>S\u1ef1 ch\u0103m s\u00f3c chuy\u00ean bi\u1ec7t, th\u00fac \u0111\u1ea9y s\u1ef1 ph\u00e1t tri\u1ec3n c\u1ee7a doanh nghi\u1ec7p.<\/p>\n\t\t\n<style>\n#text-1938892369 {\n  font-size: 1rem;\n}\n<\/style>\n\t<\/div>\n\t\n<a href=\"https:\/\/masterpiece.vn\/vi\/incentive-reward-vn\/\" class=\"button white is-outline\"  style=\"border-radius:99px;\">\n\t\t<span>Kh\u00e1m ph\u00e1 ngay \u2192<\/span>\n\t<\/a>\n\n\t\t\t<\/div>\n\t\t<\/div>\n\t<\/div>\n\t\n\t\t<\/div>\n\t\t\t\t\t<\/div>\n\n\t\n\n\t<div id=\"col-497405175\" class=\"col medium-6 small-12 large-6\"  >\n\t\t\t\t<div class=\"col-inner\"  >\n\t\t\t\n\t\t\t\n\t<div class=\"box has-hover   has-hover box-text-bottom\" >\n\n\t\t<div class=\"box-image\" >\n\t\t\t\t\t\t<div class=\"\" >\n\t\t\t\t<img loading=\"lazy\" decoding=\"async\" width=\"745\" height=\"743\" src=\"https:\/\/masterpiece.vn\/wp-content\/uploads\/2026\/04\/image-9.jpg\" class=\"attachment- size-\" alt=\"\" srcset=\"https:\/\/masterpiece.vn\/wp-content\/uploads\/2026\/04\/image-9.jpg 745w, https:\/\/masterpiece.vn\/wp-content\/uploads\/2026\/04\/image-9-300x300.jpg 300w, https:\/\/masterpiece.vn\/wp-content\/uploads\/2026\/04\/image-9-150x150.jpg 150w\" sizes=\"auto, (max-width: 745px) 100vw, 745px\" \/>\t\t\t\t\t\t\t\t\t\t\t<\/div>\n\t\t\t\t\t<\/div>\n\n\t\t<div class=\"box-text text-center dark\" style=\"padding:20px 20px 20px 20px;\">\n\t\t\t<div class=\"box-text-inner\">\n\t\t\t\t\n\t<div id=\"text-2142277623\" class=\"text\">\n\t\t\n<h3>D\u1ecbch v\u1ee5 VIP theo y\u00eau c\u1ea7u<\/p>\n<\/h3>\n\t\t\n<style>\n#text-2142277623 {\n  font-size: 1.25rem;\n}\n<\/style>\n\t<\/div>\n\t\n\t<div id=\"text-3434377294\" class=\"text\">\n\t\t\n<p>S\u1ef1 \u00e2n c\u1ea7n, chu \u0111\u00e1o v\u00e0 t\u1eadn t\u00e2m cho nh\u1eefng v\u1ecb kh\u00e1ch VIP c\u1ee7a b\u1ea1n.<\/p>\n\t\t\n<style>\n#text-3434377294 {\n  font-size: 1rem;\n}\n<\/style>\n\t<\/div>\n\t\n<a href=\"https:\/\/masterpiece.vn\/vi\/guest-management-vn\/\" class=\"button white is-outline\"  style=\"border-radius:99px;\">\n\t\t<span>Kh\u00e1m ph\u00e1 ngay \u2192<\/span>\n\t<\/a>\n\n\t\t\t<\/div>\n\t\t<\/div>\n\t<\/div>\n\t\n\t\t<\/div>\n\t\t\t\t\t<\/div>\n\n\t\n\n<style>\n#row-19821079 > .col > .col-inner {\n  background-color: #33373d;\n}\n<\/style>\n<\/div>\n\t\t<\/div>\n\n\t\t\n<style>\n#section_1780956438 {\n  padding-top: 30px;\n  padding-bottom: 30px;\n  background-color: #FFFFFF;\n}\n<\/style>\n\t<\/section>\n\t\n","protected":false},"excerpt":{"rendered":"","protected":false},"author":1,"featured_media":0,"parent":0,"menu_order":0,"comment_status":"closed","ping_status":"closed","template":"page-blank.php","meta":{"footnotes":""},"class_list":["post-1826","page","type-page","status-publish","hentry"],"_links":{"self":[{"href":"https:\/\/masterpiece.vn\/vi\/wp-json\/wp\/v2\/pages\/1826","targetHints":{"allow":["GET"]}}],"collection":[{"href":"https:\/\/masterpiece.vn\/vi\/wp-json\/wp\/v2\/pages"}],"about":[{"href":"https:\/\/masterpiece.vn\/vi\/wp-json\/wp\/v2\/types\/page"}],"author":[{"embeddable":true,"href":"https:\/\/masterpiece.vn\/vi\/wp-json\/wp\/v2\/users\/1"}],"replies":[{"embeddable":true,"href":"https:\/\/masterpiece.vn\/vi\/wp-json\/wp\/v2\/comments?post=1826"}],"version-history":[{"count":6,"href":"https:\/\/masterpiece.vn\/vi\/wp-json\/wp\/v2\/pages\/1826\/revisions"}],"predecessor-version":[{"id":5711,"href":"https:\/\/masterpiece.vn\/vi\/wp-json\/wp\/v2\/pages\/1826\/revisions\/5711"}],"wp:attachment":[{"href":"https:\/\/masterpiece.vn\/vi\/wp-json\/wp\/v2\/media?parent=1826"}],"curies":[{"name":"wp","href":"https:\/\/api.w.org\/{rel}","templated":true}]}}