{"id":1854,"date":"2026-04-17T11:03:53","date_gmt":"2026-04-17T04:03:53","guid":{"rendered":"https:\/\/masterpiece.vn\/private-event-vn"},"modified":"2026-04-24T10:39:51","modified_gmt":"2026-04-24T03:39:51","slug":"private-event-vn","status":"publish","type":"page","link":"https:\/\/masterpiece.vn\/vi\/private-event-vn","title":{"rendered":"Private Event VN"},"content":{"rendered":"\n\t<section class=\"section\" id=\"section_563398495\">\n\t\t<div class=\"section-bg fill\" >\n\t\t\t<img loading=\"lazy\" decoding=\"async\" width=\"1600\" height=\"684\" src=\"https:\/\/masterpiece.vn\/wp-content\/uploads\/2026\/04\/private_event_banner.jpg\" class=\"bg attachment-original size-original\" alt=\"\" \/>\t\t\t\t\t\t<div class=\"section-bg-overlay absolute fill\"><\/div>\n\t\t\t\n\n\t\t<\/div>\n\n\t\t\n\n\t\t<div class=\"section-content relative\">\n\t\t\t\n<div class=\"row\"  id=\"row-1028952302\">\n\n\t<div id=\"col-1577435221\" class=\"col large-12\"  >\n\t\t\t\t<div class=\"col-inner text-center dark\"  >\n\t\t\t\n\t\t\t\n\t<div id=\"text-440359755\" class=\"text\">\n\t\t\n<h1><span style=\"font-size: 150%;\">T\u1ed5 ch\u1ee9c s\u1ef1 ki\u1ec7n \u0111\u1ed9c b\u1ea3n<br \/>\n<\/span><\/h1>\n<p>\u0110\u1ec3 l\u1ea1i nh\u1eefng \u1ea5n t\u01b0\u1ee3ng kh\u00f3 phai v\u1edbi s\u1ef1 sang tr\u1ecdng v\u00e0 \u0111\u1eb3ng c\u1ea5p nh\u1ea5t.<\/p>\n\t\t\n<style>\n#text-440359755 {\n  font-size: 1rem;\n  text-align: center;\n}\n@media (min-width:550px) {\n  #text-440359755 {\n    font-size: 1.25rem;\n  }\n}\n<\/style>\n\t<\/div>\n\t\n<div class=\"row\"  id=\"row-1017486467\">\n\n\t<div id=\"col-1484007281\" class=\"col pb-0 small-12 large-12\"  >\n\t\t\t\t<div class=\"col-inner text-center\"  >\n\t\t\t\n\t\t\t\n\t<div id=\"ux-lottie-2796045138\" class=\"ux-lottie scroll_down\" >\n\t\t<a href=\"#Ourteam\" >\t\t<lottie-player class=\"ux-lottie__player\" data-params=\"{&quot;src&quot;:&quot;https:\\\/\\\/lottie.host\\\/e5507f08-797d-40a8-a7d3-773275d3062f\\\/Y2jbYy7Rv4.json&quot;,&quot;loop&quot;:true,&quot;autoplay&quot;:true,&quot;controls&quot;:false,&quot;speed&quot;:&quot;1&quot;,&quot;direction&quot;:1,&quot;trigger&quot;:&quot;&quot;,&quot;mouseout&quot;:&quot;&quot;,&quot;start&quot;:0,&quot;end&quot;:100,&quot;scrollActionType&quot;:&quot;seek&quot;,&quot;visibilityStart&quot;:0,&quot;visibilityEnd&quot;:100,&quot;id&quot;:&quot;ux-lottie-2796045138&quot;}\" ><\/lottie-player>\n\t\t<\/a>\t\t\n<style>\n#ux-lottie-2796045138 {\n  width: 60px;\n  height: 100px;\n}\n<\/style>\n\t<\/div>\n\t\n\t\t<\/div>\n\t\t\t\t\t<\/div>\n\n\t\n<\/div>\n\t\t<\/div>\n\t\t\t\t\t<\/div>\n\n\t\n<\/div>\n\t\t<\/div>\n\n\t\t\n<style>\n#section_563398495 {\n  padding-top: 100px;\n  padding-bottom: 100px;\n  min-height: 684px;\n}\n#section_563398495 .section-bg-overlay {\n  background-color: rgba(0,0,0,.5);\n}\n#section_563398495 .section-bg img {\n  object-position: 36% 0%;\n}\n<\/style>\n\t<\/section>\n\t\n\n\t<section class=\"section\" id=\"section_1121441296\">\n\t\t<div class=\"section-bg fill\" >\n\t\t\t\t\t\t\t\t\t\n\t\t\t\n\n\t\t<\/div>\n\n\t\t\n\n\t\t<div class=\"section-content relative\">\n\t\t\t\n<span class=\"scroll-to\" data-label=\"Scroll to: #Weare\" data-bullet=\"false\" data-link=\"#Weare\" data-title=\"Change this\" ><a name=\"Weare\"><\/a><\/span>\n<div class=\"row row-collapse row-full-width align-equal\"  id=\"row-2141802992\">\n\n\t<div id=\"col-1833480930\" class=\"col col-midle medium-6 small-12 large-6\"  data-animate=\"fadeInLeft\">\n\t\t\t\t<div class=\"col-inner text-center dark\"  >\n\t\t\t\n\t\t\t\n\t<div id=\"text-3123039223\" class=\"text\">\n\t\t\n<p style=\"text-align: center;\">Ch\u00fang t\u00f4i vinh d\u1ef1 l\u00e0 th\u01b0\u01a1ng hi\u1ec7u t\u1ea1o n\u00ean nh\u1eefng ki\u1ec7t t\u00e1c \u0111\u1ed9c nh\u1ea5t th\u00f4ng qua nh\u1eefng s\u1ef1 ki\u1ec7n, nh\u1eefng bu\u1ed5i d\u1ea1 ti\u1ec7c \u0111\u1eb3ng c\u1ea5p d\u00e0nh cho c\u00e1c kh\u00e1ch h\u00e0ng.<\/p>\n<p style=\"text-align: center;\">V\u1edbi m\u1ea1ng l\u01b0\u1edbi \u0111\u1ed1i t\u00e1c to\u00e0n c\u1ea7u c\u1ee7a m\u00ecnh, Masterpiece t\u1ef1 h\u00e0o s\u1ebd mang \u0111\u1ebfn nh\u1eefng s\u1ef1 ki\u1ec7n \u0111\u1eb3ng c\u1ea5p v\u1edbi nh\u1eefng tr\u1ea3i nghi\u1ec7m s\u00e1ng t\u1ea1o v\u00e0 \u0111\u1ed9c \u0111\u00e1o.<\/p>\n\t\t\n<style>\n#text-3123039223 {\n  font-size: 1rem;\n  text-align: left;\n}\n@media (min-width:550px) {\n  #text-3123039223 {\n    font-size: 1.25rem;\n  }\n}\n<\/style>\n\t<\/div>\n\t\n\t\t<\/div>\n\t\t\t\t\n<style>\n#col-1833480930 > .col-inner {\n  padding: 50px 20px 50px 20px;\n}\n@media (min-width:550px) {\n  #col-1833480930 > .col-inner {\n    padding: 50px 50px 50px 50px;\n  }\n}\n@media (min-width:850px) {\n  #col-1833480930 > .col-inner {\n    padding: 50px 50px 50px 50px;\n  }\n}\n<\/style>\n\t<\/div>\n\n\t\n\n\t<div id=\"col-270857020\" class=\"col medium-6 small-12 large-6\"  data-animate=\"fadeInRight\">\n\t\t\t\t<div class=\"col-inner text-left\"  >\n\t\t\t\n\t\t\t\n\t<div class=\"img has-hover x md-x lg-x y md-y lg-y\" id=\"image_438449618\">\n\t\t\t\t\t\t\t\t<div class=\"img-inner image-overlay-add dark\" >\n\t\t\t<img loading=\"lazy\" decoding=\"async\" width=\"800\" height=\"772\" src=\"https:\/\/masterpiece.vn\/wp-content\/uploads\/2026\/04\/private_event1.jpg\" class=\"attachment-original size-original\" alt=\"\" srcset=\"https:\/\/masterpiece.vn\/wp-content\/uploads\/2026\/04\/private_event1.jpg 800w, https:\/\/masterpiece.vn\/wp-content\/uploads\/2026\/04\/private_event1-300x290.jpg 300w, https:\/\/masterpiece.vn\/wp-content\/uploads\/2026\/04\/private_event1-768x741.jpg 768w\" sizes=\"auto, (max-width: 800px) 100vw, 800px\" \/>\t\t\t\t\t\t\t<div class=\"overlay\" style=\"background-color: rgba(241, 241, 241, 0.32)\"><\/div>\n\t\t\t\t\t\t\n\t\t\t\t\t<\/div>\n\t\t\t\t\t\t\t\t\n<style>\n#image_438449618 {\n  width: 100%;\n}\n<\/style>\n\t<\/div>\n\t\n\t\t<\/div>\n\t\t\t\t\t<\/div>\n\n\t\n\n\t<div id=\"col-1896141272\" class=\"col small-12 large-12\"  data-animate=\"fadeInDown\">\n\t\t\t\t<div class=\"col-inner text-left\"  >\n\t\t\t\n\t\t\t\n\t<div class=\"img has-hover x md-x lg-x y md-y lg-y\" id=\"image_2060730873\">\n\t\t\t\t\t\t\t\t<div class=\"img-inner image-overlay-add dark\" >\n\t\t\t<img loading=\"lazy\" decoding=\"async\" width=\"1599\" height=\"634\" src=\"https:\/\/masterpiece.vn\/wp-content\/uploads\/2026\/04\/private_event2.jpg\" class=\"attachment-original size-original\" alt=\"\" srcset=\"https:\/\/masterpiece.vn\/wp-content\/uploads\/2026\/04\/private_event2.jpg 1599w, https:\/\/masterpiece.vn\/wp-content\/uploads\/2026\/04\/private_event2-300x119.jpg 300w, https:\/\/masterpiece.vn\/wp-content\/uploads\/2026\/04\/private_event2-1024x406.jpg 1024w, https:\/\/masterpiece.vn\/wp-content\/uploads\/2026\/04\/private_event2-768x305.jpg 768w, https:\/\/masterpiece.vn\/wp-content\/uploads\/2026\/04\/private_event2-1536x609.jpg 1536w\" sizes=\"auto, (max-width: 1599px) 100vw, 1599px\" \/>\t\t\t\t\t\t\t<div class=\"overlay\" style=\"background-color: rgba(241, 241, 241, 0.32)\"><\/div>\n\t\t\t\t\t\t\n\t\t\t\t\t<\/div>\n\t\t\t\t\t\t\t\t\n<style>\n#image_2060730873 {\n  width: 100%;\n}\n<\/style>\n\t<\/div>\n\t\n\t\t<\/div>\n\t\t\t\t\t<\/div>\n\n\t\n\n<style>\n#row-2141802992 > .col > .col-inner {\n  background-color: #33373d;\n}\n<\/style>\n<\/div>\n\t\t<\/div>\n\n\t\t\n<style>\n#section_1121441296 {\n  padding-top: 0px;\n  padding-bottom: 0px;\n  background-color: rgb(255, 255, 255);\n}\n<\/style>\n\t<\/section>\n\t\n\n\t<section class=\"section\" id=\"section_162053997\">\n\t\t<div class=\"section-bg fill\" >\n\t\t\t\t\t\t\t\t\t\n\t\t\t\n\n\t\t<\/div>\n\n\t\t\n\n\t\t<div class=\"section-content relative\">\n\t\t\t\n<div class=\"row row-collapse row-full-width align-equal\"  id=\"row-839216428\">\n\n\t<div id=\"col-2102930775\" class=\"col medium-4 small-12 large-4\"  data-animate=\"fadeInLeft\">\n\t\t\t\t<div class=\"col-inner text-left\"  >\n\t\t\t\n\t\t\t\n\t<div class=\"img has-hover x md-x lg-x y md-y lg-y\" id=\"image_303349191\">\n\t\t\t\t\t\t\t\t<div class=\"img-inner image-overlay-add dark\" >\n\t\t\t<img loading=\"lazy\" decoding=\"async\" width=\"534\" height=\"849\" src=\"https:\/\/masterpiece.vn\/wp-content\/uploads\/2026\/04\/Mask-group-5.jpg\" class=\"attachment-original size-original\" alt=\"\" srcset=\"https:\/\/masterpiece.vn\/wp-content\/uploads\/2026\/04\/Mask-group-5.jpg 534w, https:\/\/masterpiece.vn\/wp-content\/uploads\/2026\/04\/Mask-group-5-189x300.jpg 189w\" sizes=\"auto, (max-width: 534px) 100vw, 534px\" \/>\t\t\t\t\t\t\t<div class=\"overlay\" style=\"background-color: rgba(241, 241, 241, 0.32)\"><\/div>\n\t\t\t\t\t\t\n\t\t\t\t\t<\/div>\n\t\t\t\t\t\t\t\t\n<style>\n#image_303349191 {\n  width: 100%;\n}\n<\/style>\n\t<\/div>\n\t\n\t\t<\/div>\n\t\t\t\t\t<\/div>\n\n\t\n\n\t<div id=\"col-522831056\" class=\"col medium-4 small-12 large-4\"  data-animate=\"fadeInLeft\">\n\t\t\t\t<div class=\"col-inner text-left\"  >\n\t\t\t\n\t\t\t\n\t<div class=\"img has-hover x md-x lg-x y md-y lg-y\" id=\"image_1687953878\">\n\t\t\t\t\t\t\t\t<div class=\"img-inner image-overlay-add dark\" >\n\t\t\t<img loading=\"lazy\" decoding=\"async\" width=\"534\" height=\"849\" src=\"https:\/\/masterpiece.vn\/wp-content\/uploads\/2026\/04\/Mask-group-1-3.jpg\" class=\"attachment-original size-original\" alt=\"\" srcset=\"https:\/\/masterpiece.vn\/wp-content\/uploads\/2026\/04\/Mask-group-1-3.jpg 534w, https:\/\/masterpiece.vn\/wp-content\/uploads\/2026\/04\/Mask-group-1-3-189x300.jpg 189w\" sizes=\"auto, (max-width: 534px) 100vw, 534px\" \/>\t\t\t\t\t\t\t<div class=\"overlay\" style=\"background-color: rgba(241, 241, 241, 0.32)\"><\/div>\n\t\t\t\t\t\t\n\t\t\t\t\t<\/div>\n\t\t\t\t\t\t\t\t\n<style>\n#image_1687953878 {\n  width: 100%;\n}\n<\/style>\n\t<\/div>\n\t\n\t\t<\/div>\n\t\t\t\t\t<\/div>\n\n\t\n\n\t<div id=\"col-1721909549\" class=\"col medium-4 small-12 large-4\"  data-animate=\"fadeInLeft\">\n\t\t\t\t<div class=\"col-inner text-left\"  >\n\t\t\t\n\t\t\t\n\t<div class=\"img has-hover x md-x lg-x y md-y lg-y\" id=\"image_404034474\">\n\t\t\t\t\t\t\t\t<div class=\"img-inner image-overlay-add dark\" >\n\t\t\t<img loading=\"lazy\" decoding=\"async\" width=\"534\" height=\"849\" src=\"https:\/\/masterpiece.vn\/wp-content\/uploads\/2026\/04\/Mask-group-2-2.jpg\" class=\"attachment-original size-original\" alt=\"\" srcset=\"https:\/\/masterpiece.vn\/wp-content\/uploads\/2026\/04\/Mask-group-2-2.jpg 534w, https:\/\/masterpiece.vn\/wp-content\/uploads\/2026\/04\/Mask-group-2-2-189x300.jpg 189w\" sizes=\"auto, (max-width: 534px) 100vw, 534px\" \/>\t\t\t\t\t\t\t<div class=\"overlay\" style=\"background-color: rgba(241, 241, 241, 0.32)\"><\/div>\n\t\t\t\t\t\t\n\t\t\t\t\t<\/div>\n\t\t\t\t\t\t\t\t\n<style>\n#image_404034474 {\n  width: 100%;\n}\n<\/style>\n\t<\/div>\n\t\n\t\t<\/div>\n\t\t\t\t\t<\/div>\n\n\t\n\n<style>\n#row-839216428 > .col > .col-inner {\n  background-color: #33373d;\n}\n<\/style>\n<\/div>\n\t\t<\/div>\n\n\t\t\n<style>\n#section_162053997 {\n  padding-top: 0px;\n  padding-bottom: 0px;\n  background-color: rgb(255, 255, 255);\n}\n<\/style>\n\t<\/section>\n\t\n\n\t<section class=\"section\" id=\"section_1508217602\">\n\t\t<div class=\"section-bg fill\" >\n\t\t\t\t\t\t\t\t\t\n\t\t\t\n\n\t\t<\/div>\n\n\t\t\n\n\t\t<div class=\"section-content relative\">\n\t\t\t\n<div class=\"row\"  id=\"row-1400469419\">\n\n\t<div id=\"col-411874309\" class=\"col large-12\"  >\n\t\t\t\t<div class=\"col-inner text-center\"  >\n\t\t\t\n\t\t\t\n\t<div id=\"text-855645953\" class=\"text\">\n\t\t\n<h2>Nh\u1eadn t\u01b0 v\u1ea5n<br \/>\n<\/h2>\n\t\t\n<style>\n#text-855645953 {\n  font-size: 1.6rem;\n  text-align: center;\n}\n<\/style>\n\t<\/div>\n\t\n<div class=\"is-divider divider clearfix\" style=\"max-width:80px;height:2px;background-color:#333333;\"><\/div>\n<p>N\u1ebfu b\u1ea1n \u0111ang c\u1ea7n nh\u1eefng chuy\u00ean gia h\u00e0ng \u0111\u1ea7u v\u1ec1 vi\u1ec7c qu\u1ea3n l\u00fd l\u1ed1i s\u1ed1ng, tr\u1ee3 l\u00fd c\u00e1 nh\u00e2n, kh\u00f4ng ai kh\u00e1c ngo\u00e0i ch\u00fang t\u00f4i.<\/p>\n\t\t<\/div>\n\t\t\t\t\t<\/div>\n\n\t\n<\/div>\n<div class=\"row\" style=\"max-width:700px\" id=\"row-637061125\">\n\n\t<div id=\"col-258921241\" class=\"col large-12\"  >\n\t\t\t\t<div class=\"col-inner\"  >\n\t\t\t\n\t\t\t\n\n<div class=\"wpcf7 no-js\" id=\"wpcf7-f1585-o1\" lang=\"vi\" dir=\"ltr\" data-wpcf7-id=\"1585\">\n<div class=\"screen-reader-response\"><p role=\"status\" aria-live=\"polite\" aria-atomic=\"true\"><\/p> <ul><\/ul><\/div>\n<form action=\"\/vi\/wp-json\/wp\/v2\/pages\/1854#wpcf7-f1585-o1\" method=\"post\" class=\"wpcf7-form init\" aria-label=\"Form li\u00ean h\u1ec7\" novalidate=\"novalidate\" data-status=\"init\">\n<fieldset class=\"hidden-fields-container\"><input type=\"hidden\" name=\"_wpcf7\" value=\"1585\" \/><input type=\"hidden\" name=\"_wpcf7_version\" value=\"6.1.5\" \/><input type=\"hidden\" name=\"_wpcf7_locale\" value=\"vi\" \/><input type=\"hidden\" name=\"_wpcf7_unit_tag\" value=\"wpcf7-f1585-o1\" \/><input type=\"hidden\" name=\"_wpcf7_container_post\" value=\"0\" \/><input type=\"hidden\" name=\"_wpcf7_posted_data_hash\" value=\"\" \/>\n<\/fieldset>\n<div style=\"display: none\"><p><span class=\"wpcf7-form-control-wrap\" data-name=\"mbws\"><input size=\"40\" class=\"wpcf7-form-control wpcf7-text\" aria-invalid=\"false\" value=\"\" type=\"text\" name=\"mbws\"><\/span><\/p><\/div><div class=\"row row-small\">\n<div class=\"col large-12\">\n<label>T\u00ean<\/label>\n<span class=\"wpcf7-form-control-wrap\" data-name=\"your-name\"><input size=\"40\" maxlength=\"400\" class=\"wpcf7-form-control wpcf7-text wpcf7-validates-as-required\" aria-required=\"true\" aria-invalid=\"false\" placeholder=\"H\u1ecd v\u00e0 t\u00ean\" value=\"\" type=\"text\" name=\"your-name\" \/><\/span>\n<\/div>\n<div class=\"col large-12\">\n<label>Email<\/label>\n<span class=\"wpcf7-form-control-wrap\" data-name=\"your-mail\"><input size=\"40\" maxlength=\"400\" class=\"wpcf7-form-control wpcf7-email wpcf7-validates-as-required wpcf7-text wpcf7-validates-as-email\" aria-required=\"true\" aria-invalid=\"false\" placeholder=\"\u0110\u1ecba ch\u1ec9 email\" value=\"\" type=\"email\" name=\"your-mail\" \/><\/span>\n<\/div>\n<div class=\"col large-12\">\n<label>S\u1ed1 \u0111i\u1ec7n tho\u1ea1i<\/label>\n<span class=\"wpcf7-form-control-wrap\" data-name=\"your-phone\"><input size=\"40\" maxlength=\"400\" class=\"wpcf7-form-control wpcf7-tel wpcf7-validates-as-required wpcf7-text wpcf7-validates-as-tel\" aria-required=\"true\" aria-invalid=\"false\" placeholder=\"S\u1ed1 \u0111i\u1ec7n tho\u1ea1i c\u1ee7a b\u1ea1n\" value=\"\" type=\"tel\" name=\"your-phone\" \/><\/span>\n<\/div>\n<div class=\"col large-12\">\n<label>\u0110\u1ec3 l\u1ea1i l\u1eddi nh\u1eafn cho ch\u00fang t\u00f4i<\/label>\n<span class=\"wpcf7-form-control-wrap\" data-name=\"content\"><textarea cols=\"40\" rows=\"10\" maxlength=\"2000\" class=\"wpcf7-form-control wpcf7-textarea\" aria-invalid=\"false\" placeholder=\"\u0110\u1ec3 l\u1ea1i l\u1eddi nh\u1eafn cho ch\u00fang t\u00f4i...\" name=\"content\"><\/textarea><\/span>\n<\/div>\n<div class=\"col large-12\">\n<span class=\"wpcf7-form-control-wrap\" data-name=\"your-acceptance\"><span class=\"wpcf7-form-control wpcf7-acceptance optional\"><span class=\"wpcf7-list-item\"><label><input type=\"checkbox\" name=\"your-acceptance\" value=\"1\" aria-invalid=\"false\" \/><span class=\"wpcf7-list-item-label\">T\u00f4i x\u00e1c nh\u1eadn t\u00f4i \u0111\u00e3 \u0111\u1ecdc v\u00e0 \u0111\u1ed3ng \u00fd v\u1edbi \u0111i\u1ec1u kho\u1ea3n & ch\u00ednh s\u00e1ch quy\u1ec1n ri\u00eang t\u01b0<\/span><\/label><\/span><\/span><\/span>\n<\/div>\n<div class=\"col large-12 pb-0\">\n<input class=\"wpcf7-form-control wpcf7-submit has-spinner\" type=\"submit\" value=\"G\u1eedi tin\" \/>\n<\/div>\n<\/div><div class=\"wpcf7-response-output\" aria-hidden=\"true\"><\/div>\n<\/form>\n<\/div>\n\n\t\t<\/div>\n\t\t\t\t\t<\/div>\n\n\t\n<\/div>\n\t\t<\/div>\n\n\t\t\n<style>\n#section_1508217602 {\n  padding-top: 50px;\n  padding-bottom: 50px;\n  background-color: #F8F8F8;\n}\n@media (min-width:550px) {\n  #section_1508217602 {\n    padding-top: 80px;\n    padding-bottom: 80px;\n  }\n}\n<\/style>\n\t<\/section>\n\t\n\n\t<section class=\"section\" id=\"section_256579827\">\n\t\t<div class=\"section-bg fill\" >\n\t\t\t\t\t\t\t\t\t\n\t\t\t\n\n\t\t<\/div>\n\n\t\t\n\n\t\t<div class=\"section-content relative\">\n\t\t\t\n<div class=\"row\" style=\"max-width:1600px\" id=\"row-879606979\">\n\n\t<div id=\"col-1802376646\" class=\"col large-12\"  >\n\t\t\t\t<div class=\"col-inner text-center\"  >\n\t\t\t\n\t\t\t\n\t<div id=\"text-773493691\" class=\"text\">\n\t\t\n<h2>B\u1ea1n c\u00f3 th\u1ec3 quan t\u00e2m<br \/>\n<\/h2>\n\t\t\n<style>\n#text-773493691 {\n  font-size: 1.6rem;\n  line-height: 1;\n}\n<\/style>\n\t<\/div>\n\t\n<div class=\"is-divider divider clearfix\" style=\"margin-top:0px;margin-bottom:0px;max-width:80px;background-color:#333333;\"><\/div>\n\t\t<\/div>\n\t\t\t\t\t<\/div>\n\n\t\n<\/div>\n<div class=\"row align-equal row-box-shadow-3 row-box-shadow-5-hover\" style=\"max-width:1600px\" id=\"row-903562601\">\n\n\t<div id=\"col-41102132\" class=\"col medium-4 small-12 large-4\"  >\n\t\t\t\t<div class=\"col-inner\"  >\n\t\t\t\n\t\t\t\n\t<div class=\"box has-hover   has-hover box-text-bottom\" >\n\n\t\t<div class=\"box-image\" >\n\t\t\t\t\t\t<div class=\"\" >\n\t\t\t\t<img loading=\"lazy\" decoding=\"async\" width=\"2210\" height=\"2210\" src=\"https:\/\/masterpiece.vn\/wp-content\/uploads\/2026\/03\/shutterstock_1961691532-scaled-e1710778072192.jpg\" class=\"attachment- size-\" alt=\"\" srcset=\"https:\/\/masterpiece.vn\/wp-content\/uploads\/2026\/03\/shutterstock_1961691532-scaled-e1710778072192.jpg 2210w, https:\/\/masterpiece.vn\/wp-content\/uploads\/2026\/03\/shutterstock_1961691532-scaled-e1710778072192-300x300.jpg 300w, https:\/\/masterpiece.vn\/wp-content\/uploads\/2026\/03\/shutterstock_1961691532-scaled-e1710778072192-1024x1024.jpg 1024w, https:\/\/masterpiece.vn\/wp-content\/uploads\/2026\/03\/shutterstock_1961691532-scaled-e1710778072192-150x150.jpg 150w, https:\/\/masterpiece.vn\/wp-content\/uploads\/2026\/03\/shutterstock_1961691532-scaled-e1710778072192-768x768.jpg 768w, https:\/\/masterpiece.vn\/wp-content\/uploads\/2026\/03\/shutterstock_1961691532-scaled-e1710778072192-1536x1536.jpg 1536w, https:\/\/masterpiece.vn\/wp-content\/uploads\/2026\/03\/shutterstock_1961691532-scaled-e1710778072192-2048x2048.jpg 2048w\" sizes=\"auto, (max-width: 2210px) 100vw, 2210px\" \/>\t\t\t\t\t\t\t\t\t\t\t<\/div>\n\t\t\t\t\t<\/div>\n\n\t\t<div class=\"box-text text-center dark\" style=\"padding:20px 20px 20px 20px;\">\n\t\t\t<div class=\"box-text-inner\">\n\t\t\t\t\n\t<div id=\"text-554946204\" class=\"text\">\n\t\t\n<h3>D\u1ecbch v\u1ee5 ph\u00e1t tri\u1ec3n \u0111\u1eb7c quy\u1ec1n<br \/>\n<\/h3>\n\t\t\n<style>\n#text-554946204 {\n  font-size: 1.25rem;\n}\n<\/style>\n\t<\/div>\n\t\n\t<div id=\"text-2259217499\" class=\"text\">\n\t\t\n<p>Mang \u0111\u1ebfn nh\u1eefng \u0111\u1eb7c quy\u1ec1n \u0111\u1ed9c \u0111\u00e1o v\u00e0 c\u00f3 gi\u00e1 tr\u1ecb s\u1ebd truy\u1ec1n c\u1ea3m h\u1ee9ng cho kh\u00e1ch h\u00e0ng c\u1ee7a b\u1ea1n.<\/p>\n\t\t\n<style>\n#text-2259217499 {\n  font-size: 1rem;\n}\n<\/style>\n\t<\/div>\n\t\n<a href=\"https:\/\/masterpiece.vn\/vi\/partnership-development-vn\" class=\"button white is-outline\"  style=\"border-radius:99px;\">\n\t\t<span>Kh\u00e1m ph\u00e1 ngay \u2192<\/span>\n\t<\/a>\n\n\t\t\t<\/div>\n\t\t<\/div>\n\t<\/div>\n\t\n\t\t<\/div>\n\t\t\t\t\t<\/div>\n\n\t\n\n\t<div id=\"col-371488708\" class=\"col medium-4 small-12 large-4\"  >\n\t\t\t\t<div class=\"col-inner\"  >\n\t\t\t\n\t\t\t\n\t<div class=\"box has-hover   has-hover box-text-bottom\" >\n\n\t\t<div class=\"box-image\" >\n\t\t\t\t\t\t<div class=\"\" >\n\t\t\t\t<img loading=\"lazy\" decoding=\"async\" width=\"1706\" height=\"1706\" src=\"https:\/\/masterpiece.vn\/wp-content\/uploads\/2026\/04\/shutterstock_2142609009-scaled-e1710778232449.jpg\" class=\"attachment- size-\" alt=\"\" srcset=\"https:\/\/masterpiece.vn\/wp-content\/uploads\/2026\/04\/shutterstock_2142609009-scaled-e1710778232449.jpg 1706w, https:\/\/masterpiece.vn\/wp-content\/uploads\/2026\/04\/shutterstock_2142609009-scaled-e1710778232449-300x300.jpg 300w, https:\/\/masterpiece.vn\/wp-content\/uploads\/2026\/04\/shutterstock_2142609009-scaled-e1710778232449-1024x1024.jpg 1024w, https:\/\/masterpiece.vn\/wp-content\/uploads\/2026\/04\/shutterstock_2142609009-scaled-e1710778232449-150x150.jpg 150w, https:\/\/masterpiece.vn\/wp-content\/uploads\/2026\/04\/shutterstock_2142609009-scaled-e1710778232449-768x768.jpg 768w, https:\/\/masterpiece.vn\/wp-content\/uploads\/2026\/04\/shutterstock_2142609009-scaled-e1710778232449-1536x1536.jpg 1536w\" sizes=\"auto, (max-width: 1706px) 100vw, 1706px\" \/>\t\t\t\t\t\t\t\t\t\t\t<\/div>\n\t\t\t\t\t<\/div>\n\n\t\t<div class=\"box-text text-center dark\" style=\"padding:20px 20px 20px 20px;\">\n\t\t\t<div class=\"box-text-inner\">\n\t\t\t\t\n\t<div id=\"text-1196074110\" class=\"text\">\n\t\t\n<h3>D\u1ecbch v\u1ee5 kh\u00e1ch h\u00e0ng trung th\u00e0nh<br \/>\n<\/h3>\n\t\t\n<style>\n#text-1196074110 {\n  font-size: 1.25rem;\n}\n<\/style>\n\t<\/div>\n\t\n\t<div id=\"text-2235884981\" class=\"text\">\n\t\t\n<p>Kh\u00e1ch h\u00e0ng th\u01b0\u1eddng \u0111\u00e1nh gi\u00e1 cao \u0111i\u1ec3m th\u01b0\u1eddng nh\u01b0 m\u1ed9t bi\u1ec3u t\u01b0\u1ee3ng c\u1ee7a l\u00f2ng trung th\u00e0nh v\u1edbi th\u01b0\u01a1ng hi\u1ec7u.<\/p>\n\t\t\n<style>\n#text-2235884981 {\n  font-size: 1rem;\n}\n<\/style>\n\t<\/div>\n\t\n<a href=\"https:\/\/masterpiece.vn\/vi\/reward-loyalty-vn\" class=\"button white is-outline\"  style=\"border-radius:99px;\">\n\t\t<span>Kh\u00e1m ph\u00e1 ngay \u2192<\/span>\n\t<\/a>\n\n\t\t\t<\/div>\n\t\t<\/div>\n\t<\/div>\n\t\n\t\t<\/div>\n\t\t\t\t\t<\/div>\n\n\t\n\n\t<div id=\"col-125628340\" class=\"col medium-4 small-12 large-4\"  >\n\t\t\t\t<div class=\"col-inner\"  >\n\t\t\t\n\t\t\t\n\t<div class=\"box has-hover   has-hover box-text-bottom\" >\n\n\t\t<div class=\"box-image\" >\n\t\t\t\t\t\t<div class=\"\" >\n\t\t\t\t<img loading=\"lazy\" decoding=\"async\" width=\"1706\" height=\"1706\" src=\"https:\/\/masterpiece.vn\/wp-content\/uploads\/2026\/04\/shutterstock_1476132041-scaled-e1710778175363.jpg\" class=\"attachment- size-\" alt=\"\" srcset=\"https:\/\/masterpiece.vn\/wp-content\/uploads\/2026\/04\/shutterstock_1476132041-scaled-e1710778175363.jpg 1706w, https:\/\/masterpiece.vn\/wp-content\/uploads\/2026\/04\/shutterstock_1476132041-scaled-e1710778175363-300x300.jpg 300w, https:\/\/masterpiece.vn\/wp-content\/uploads\/2026\/04\/shutterstock_1476132041-scaled-e1710778175363-1024x1024.jpg 1024w, https:\/\/masterpiece.vn\/wp-content\/uploads\/2026\/04\/shutterstock_1476132041-scaled-e1710778175363-150x150.jpg 150w, https:\/\/masterpiece.vn\/wp-content\/uploads\/2026\/04\/shutterstock_1476132041-scaled-e1710778175363-768x768.jpg 768w, https:\/\/masterpiece.vn\/wp-content\/uploads\/2026\/04\/shutterstock_1476132041-scaled-e1710778175363-1536x1536.jpg 1536w\" sizes=\"auto, (max-width: 1706px) 100vw, 1706px\" \/>\t\t\t\t\t\t\t\t\t\t\t<\/div>\n\t\t\t\t\t<\/div>\n\n\t\t<div class=\"box-text text-center dark\" style=\"padding:20px 20px 20px 20px;\">\n\t\t\t<div class=\"box-text-inner\">\n\t\t\t\t\n\t<div id=\"text-3640548588\" class=\"text\">\n\t\t\n<h3>D\u1ecbch v\u1ee5 c\u00e1 nh\u00e2n cao c\u1ea5p<br \/>\n<\/h3>\n\t\t\n<style>\n#text-3640548588 {\n  font-size: 1.25rem;\n}\n<\/style>\n\t<\/div>\n\t\n\t<div id=\"text-2835001096\" class=\"text\">\n\t\t\n<p>Bi\u1ec3u t\u01b0\u1ee3ng c\u1ee7a s\u1ef1 tinh t\u1ebf v\u00e0 hi\u1ec7u qu\u1ea3<\/p>\n\t\t\n<style>\n#text-2835001096 {\n  font-size: 1rem;\n}\n<\/style>\n\t<\/div>\n\t\n<a href=\"https:\/\/masterpiece.vn\/vi\/lifestyle-management-vn\" class=\"button white is-outline\"  style=\"border-radius:99px;\">\n\t\t<span>Kh\u00e1m ph\u00e1 ngay \u2192<\/span>\n\t<\/a>\n\n\t\t\t<\/div>\n\t\t<\/div>\n\t<\/div>\n\t\n\t\t<\/div>\n\t\t\t\t\t<\/div>\n\n\t\n\n<style>\n#row-903562601 > .col > .col-inner {\n  background-color: #33373d;\n}\n<\/style>\n<\/div>\n\t\t<\/div>\n\n\t\t\n<style>\n#section_256579827 {\n  padding-top: 30px;\n  padding-bottom: 30px;\n  background-color: #FFFFFF;\n}\n<\/style>\n\t<\/section>\n\t\n","protected":false},"excerpt":{"rendered":"","protected":false},"author":1,"featured_media":0,"parent":0,"menu_order":0,"comment_status":"closed","ping_status":"closed","template":"page-blank.php","meta":{"footnotes":""},"class_list":["post-1854","page","type-page","status-publish","hentry"],"_links":{"self":[{"href":"https:\/\/masterpiece.vn\/vi\/wp-json\/wp\/v2\/pages\/1854","targetHints":{"allow":["GET"]}}],"collection":[{"href":"https:\/\/masterpiece.vn\/vi\/wp-json\/wp\/v2\/pages"}],"about":[{"href":"https:\/\/masterpiece.vn\/vi\/wp-json\/wp\/v2\/types\/page"}],"author":[{"embeddable":true,"href":"https:\/\/masterpiece.vn\/vi\/wp-json\/wp\/v2\/users\/1"}],"replies":[{"embeddable":true,"href":"https:\/\/masterpiece.vn\/vi\/wp-json\/wp\/v2\/comments?post=1854"}],"version-history":[{"count":6,"href":"https:\/\/masterpiece.vn\/vi\/wp-json\/wp\/v2\/pages\/1854\/revisions"}],"predecessor-version":[{"id":5707,"href":"https:\/\/masterpiece.vn\/vi\/wp-json\/wp\/v2\/pages\/1854\/revisions\/5707"}],"wp:attachment":[{"href":"https:\/\/masterpiece.vn\/vi\/wp-json\/wp\/v2\/media?parent=1854"}],"curies":[{"name":"wp","href":"https:\/\/api.w.org\/{rel}","templated":true}]}}