{"id":513,"date":"2026-03-24T14:28:52","date_gmt":"2026-03-24T07:28:52","guid":{"rendered":"https:\/\/masterpiece.vn\/?page_id=513"},"modified":"2026-04-24T10:10:31","modified_gmt":"2026-04-24T03:10:31","slug":"business-to-employee-vn","status":"publish","type":"page","link":"https:\/\/masterpiece.vn\/vi\/business-to-employee-vn","title":{"rendered":"Business to Employee VN"},"content":{"rendered":"\n\t<section class=\"section\" id=\"section_232944562\">\n\t\t<div class=\"section-bg fill\" >\n\t\t\t<img loading=\"lazy\" decoding=\"async\" width=\"1600\" height=\"684\" src=\"https:\/\/masterpiece.vn\/wp-content\/uploads\/2026\/04\/BUSINESS-TO-EMPLOYEE.jpg\" class=\"bg attachment-original size-original\" alt=\"\" \/>\t\t\t\t\t\t<div class=\"section-bg-overlay absolute fill\"><\/div>\n\t\t\t\n\n\t\t<\/div>\n\n\t\t\n\n\t\t<div class=\"section-content relative\">\n\t\t\t\n<div class=\"row align-center\"  id=\"row-1425531049\">\n\n\t<div id=\"col-295839901\" class=\"col medium-9 small-11 large-9\"  >\n\t\t\t\t<div class=\"col-inner text-center dark\"  >\n\t\t\t\n\t\t\t\n\t<div id=\"text-2823003469\" class=\"text\">\n\t\t\n<h1><span style=\"font-size: 150%;\">Gi\u1ea3i ph\u00e1p nh\u00e2n s\u1ef1<br \/>\n<\/span><\/h1>\n<p>Ch\u00fang t\u00f4i mang \u0111\u1ebfn nh\u1eefng ho\u1ea1t \u0111\u1ed9ng c\u00f3 th\u1ec3 th\u00fac \u0111\u1ea9y s\u1ef1 ph\u00e1t tri\u1ec3n c\u1ee7a doanh nghi\u1ec7p t\u1eeb \u0111\u1ed9i ng\u0169 d\u00e0y d\u1ea1n kinh nghi\u1ec7m c\u1ee7a ch\u00fang t\u00f4i. D\u1ef1a tr\u00ean nh\u1eefng tr\u1ea3i nghi\u1ec7m \u0111\u1ed9c \u0111\u00e1o v\u00e0 ki\u1ebfn th\u1ee9c s\u00e2u r\u1ed9ng v\u1ec1 ph\u00e2n kh\u00fac kh\u00e1ch h\u00e0ng cao c\u1ea5p, nh\u1eefng d\u1ecbch v\u1ee5 c\u1ee7a Masterpiece h\u1ed7 tr\u1ee3 c\u00e1c th\u01b0\u01a1ng hi\u1ec7u v\u00e0 doanh nghi\u1ec7p trong vi\u1ec7c t\u0103ng c\u01b0\u1eddng s\u1ef1 t\u01b0\u01a1ng t\u00e1c v\u1edbi nh\u00e2n vi\u00ean v\u00e0 kh\u00e1ch h\u00e0ng.<\/p>\n\t\t\n<style>\n#text-2823003469 {\n  font-size: 1rem;\n  line-height: 1.3;\n  text-align: center;\n}\n@media (min-width:550px) {\n  #text-2823003469 {\n    font-size: 1.25rem;\n  }\n}\n<\/style>\n\t<\/div>\n\t\n<div class=\"row\"  id=\"row-288625392\">\n\n\t<div id=\"col-251627295\" class=\"col pb-0 small-12 large-12\"  >\n\t\t\t\t<div class=\"col-inner text-center\"  >\n\t\t\t\n\t\t\t\n\t<div id=\"ux-lottie-2780249434\" class=\"ux-lottie scroll_down\" >\n\t\t<a href=\"#Services\" >\t\t<lottie-player class=\"ux-lottie__player\" data-params=\"{&quot;src&quot;:&quot;https:\\\/\\\/lottie.host\\\/e5507f08-797d-40a8-a7d3-773275d3062f\\\/Y2jbYy7Rv4.json&quot;,&quot;loop&quot;:true,&quot;autoplay&quot;:true,&quot;controls&quot;:false,&quot;speed&quot;:&quot;1&quot;,&quot;direction&quot;:1,&quot;trigger&quot;:&quot;&quot;,&quot;mouseout&quot;:&quot;&quot;,&quot;start&quot;:0,&quot;end&quot;:100,&quot;scrollActionType&quot;:&quot;seek&quot;,&quot;visibilityStart&quot;:0,&quot;visibilityEnd&quot;:100,&quot;id&quot;:&quot;ux-lottie-2780249434&quot;}\" ><\/lottie-player>\n\t\t<\/a>\t\t\n<style>\n#ux-lottie-2780249434 {\n  width: 60px;\n  height: 100px;\n}\n<\/style>\n\t<\/div>\n\t\n\t\t<\/div>\n\t\t\t\t\t<\/div>\n\n\t\n<\/div>\n\t\t<\/div>\n\t\t\t\t\t<\/div>\n\n\t\n<\/div>\n\t\t<\/div>\n\n\t\t\n<style>\n#section_232944562 {\n  padding-top: 100px;\n  padding-bottom: 100px;\n  min-height: 684px;\n}\n#section_232944562 .section-bg-overlay {\n  background-color: rgba(0,0,0,.5);\n}\n#section_232944562 .section-bg img {\n  object-position: 36% 0%;\n}\n<\/style>\n\t<\/section>\n\t\n<span class=\"scroll-to\" data-label=\"Scroll to: #Services\" data-bullet=\"false\" data-link=\"#Services\" data-title=\"Change this\" ><a name=\"Services\"><\/a><\/span>\n\n\t<section class=\"section\" id=\"section_1372205675\">\n\t\t<div class=\"section-bg fill\" >\n\t\t\t\t\t\t\t\t\t\n\t\t\t\n\n\t\t<\/div>\n\n\t\t\n\n\t\t<div class=\"section-content relative\">\n\t\t\t\n<div class=\"row row-collapse align-equal\" style=\"max-width:800px\" id=\"row-1002211250\">\n\n\t<div id=\"col-1580755407\" class=\"col large-12\"  >\n\t\t\t\t<div class=\"col-inner text-center\"  >\n\t\t\t\n\t\t\t\n\t<div id=\"text-1790857478\" class=\"text\">\n\t\t\n<h2>Gi\u1ea3i ph\u00e1p k\u0129 thu\u1eadt s\u1ed1<br \/>\n<\/h2>\n\t\t\n<style>\n#text-1790857478 {\n  font-size: 1.6rem;\n  line-height: 1;\n}\n<\/style>\n\t<\/div>\n\t\n<div class=\"is-divider divider clearfix\" style=\"max-width:80px;height:2px;background-color:#333333;\"><\/div>\n<p>Masterpiece cung c\u1ea5p d\u1ecbch v\u1ee5 qu\u1ea3n l\u00fd phong c\u00e1ch s\u1ed1ng to\u00e0n di\u1ec7n, k\u1ebft h\u1ee3p chuy\u00ean m\u00f4n h\u00e0ng \u0111\u1ea7u v\u1edbi c\u00f4ng ngh\u1ec7 m\u1edbi nh\u1ea5t. Ch\u00fang t\u00f4i mang \u0111\u1ebfn nh\u1eefng gi\u1ea3i ph\u00e1p t\u00edch h\u1ee3p API ho\u1eb7c SDK \u0111\u1ec3 t\u1eadn d\u1ee5ng th\u1ebf m\u1ea1nh c\u00f4ng ngh\u1ec7.<\/p>\n\t\t<\/div>\n\t\t\t\t\t<\/div>\n\n\t\n<\/div>\n<div class=\"row row-collapse row-full-width align-equal\"  id=\"row-1194094840\">\n\n\t<div id=\"col-530835447\" class=\"col medium-6 small-12 large-6\"  >\n\t\t\t\t<div class=\"col-inner text-left\"  >\n\t\t\t\n\t\t\t\n\t<div class=\"img has-hover x md-x lg-x y md-y lg-y\" id=\"image_1887577089\">\n\t\t\t\t\t\t\t\t<div class=\"img-inner image-overlay-add dark\" >\n\t\t\t<img loading=\"lazy\" decoding=\"async\" width=\"800\" height=\"772\" src=\"https:\/\/masterpiece.vn\/wp-content\/uploads\/2026\/04\/Mask-group-1.jpg\" class=\"attachment-original size-original\" alt=\"\" srcset=\"https:\/\/masterpiece.vn\/wp-content\/uploads\/2026\/04\/Mask-group-1.jpg 800w, https:\/\/masterpiece.vn\/wp-content\/uploads\/2026\/04\/Mask-group-1-300x290.jpg 300w, https:\/\/masterpiece.vn\/wp-content\/uploads\/2026\/04\/Mask-group-1-768x741.jpg 768w\" sizes=\"auto, (max-width: 800px) 100vw, 800px\" \/>\t\t\t\t\t\t\t<div class=\"overlay\" style=\"background-color: rgba(241, 241, 241, 0.32)\"><\/div>\n\t\t\t\t\t\t\n\t\t\t\t\t<\/div>\n\t\t\t\t\t\t\t\t\n<style>\n#image_1887577089 {\n  width: 100%;\n}\n<\/style>\n\t<\/div>\n\t\n\t\t<\/div>\n\t\t\t\t\t<\/div>\n\n\t\n\n\t<div id=\"col-492401023\" class=\"col medium-6 small-12 large-6\"  >\n\t\t\t\t<div class=\"col-inner text-left\"  >\n\t\t\t\n\t\t\t\n\t<div class=\"img has-hover x md-x lg-x y md-y lg-y\" id=\"image_1988628203\">\n\t\t\t\t\t\t\t\t<div class=\"img-inner image-overlay-add dark\" >\n\t\t\t<img loading=\"lazy\" decoding=\"async\" width=\"800\" height=\"772\" src=\"https:\/\/masterpiece.vn\/wp-content\/uploads\/2026\/04\/Mask-group.jpg\" class=\"attachment-original size-original\" alt=\"\" srcset=\"https:\/\/masterpiece.vn\/wp-content\/uploads\/2026\/04\/Mask-group.jpg 800w, https:\/\/masterpiece.vn\/wp-content\/uploads\/2026\/04\/Mask-group-300x290.jpg 300w, https:\/\/masterpiece.vn\/wp-content\/uploads\/2026\/04\/Mask-group-768x741.jpg 768w\" sizes=\"auto, (max-width: 800px) 100vw, 800px\" \/>\t\t\t\t\t\t\t<div class=\"overlay\" style=\"background-color: rgba(241, 241, 241, 0.32)\"><\/div>\n\t\t\t\t\t\t\n\t\t\t\t\t<\/div>\n\t\t\t\t\t\t\t\t\n<style>\n#image_1988628203 {\n  width: 100%;\n}\n<\/style>\n\t<\/div>\n\t\n\t\t<\/div>\n\t\t\t\t\t<\/div>\n\n\t\n<\/div>\n<div class=\"row row-collapse row-full-width align-equal\"  id=\"row-1065638491\">\n\n\t<div id=\"col-816975899\" class=\"col small-12 large-12\"  >\n\t\t\t\t<div class=\"col-inner\"  >\n\t\t\t\n\t\t\t\n\t<div class=\"img has-hover x md-x lg-x y md-y lg-y\" id=\"image_464759827\">\n\t\t\t\t\t\t\t\t<div class=\"img-inner image-overlay-add image-cover dark\" style=\"padding-top:30%;\">\n\t\t\t<img loading=\"lazy\" decoding=\"async\" width=\"1600\" height=\"598\" src=\"https:\/\/masterpiece.vn\/wp-content\/uploads\/2026\/04\/Mask_group_1.jpg\" class=\"attachment-original size-original\" alt=\"\" srcset=\"https:\/\/masterpiece.vn\/wp-content\/uploads\/2026\/04\/Mask_group_1.jpg 1600w, https:\/\/masterpiece.vn\/wp-content\/uploads\/2026\/04\/Mask_group_1-300x112.jpg 300w, https:\/\/masterpiece.vn\/wp-content\/uploads\/2026\/04\/Mask_group_1-1024x383.jpg 1024w, https:\/\/masterpiece.vn\/wp-content\/uploads\/2026\/04\/Mask_group_1-768x287.jpg 768w, https:\/\/masterpiece.vn\/wp-content\/uploads\/2026\/04\/Mask_group_1-1536x574.jpg 1536w\" sizes=\"auto, (max-width: 1600px) 100vw, 1600px\" \/>\t\t\t\t\t\t\t<div class=\"overlay\" style=\"background-color: rgba(241, 241, 241, 0.32)\"><\/div>\n\t\t\t\t\t\t\n\t\t\t\t\t<\/div>\n\t\t\t\t\t\t\t\t\n<style>\n#image_464759827 {\n  width: 100%;\n}\n<\/style>\n\t<\/div>\n\t\n\t\t<\/div>\n\t\t\t\t\t<\/div>\n\n\t\n\n<style>\n#row-1065638491 > .col > .col-inner {\n  background-color: #33373d;\n}\n<\/style>\n<\/div>\n<div class=\"row row-collapse row-full-width align-equal\"  id=\"row-484207797\">\n\n\t<div id=\"col-85365643\" class=\"col medium-4 small-12 large-4\"  >\n\t\t\t\t<div class=\"col-inner text-left\"  >\n\t\t\t\n\t\t\t\n\t<div class=\"img has-hover x md-x lg-x y md-y lg-y\" id=\"image_27280800\">\n\t\t\t\t\t\t\t\t<div class=\"img-inner image-overlay-add image-cover dark\" style=\"padding-top:100%;\">\n\t\t\t<img loading=\"lazy\" decoding=\"async\" width=\"533\" height=\"533\" src=\"https:\/\/masterpiece.vn\/wp-content\/uploads\/2026\/04\/Mask-group-2.jpg\" class=\"attachment-original size-original\" alt=\"\" srcset=\"https:\/\/masterpiece.vn\/wp-content\/uploads\/2026\/04\/Mask-group-2.jpg 533w, https:\/\/masterpiece.vn\/wp-content\/uploads\/2026\/04\/Mask-group-2-300x300.jpg 300w, https:\/\/masterpiece.vn\/wp-content\/uploads\/2026\/04\/Mask-group-2-150x150.jpg 150w\" sizes=\"auto, (max-width: 533px) 100vw, 533px\" \/>\t\t\t\t\t\t\t<div class=\"overlay\" style=\"background-color: rgba(241, 241, 241, 0.32)\"><\/div>\n\t\t\t\t\t\t\n\t\t\t\t\t<\/div>\n\t\t\t\t\t\t\t\t\n<style>\n#image_27280800 {\n  width: 100%;\n}\n<\/style>\n\t<\/div>\n\t\n\t\t<\/div>\n\t\t\t\t\t<\/div>\n\n\t\n\n\t<div id=\"col-2011743153\" class=\"col medium-4 small-12 large-4\"  >\n\t\t\t\t<div class=\"col-inner text-left\"  >\n\t\t\t\n\t\t\t\n\t<div class=\"img has-hover x md-x lg-x y md-y lg-y\" id=\"image_652444558\">\n\t\t\t\t\t\t\t\t<div class=\"img-inner image-overlay-add image-cover dark\" style=\"padding-top:100%;\">\n\t\t\t<img loading=\"lazy\" decoding=\"async\" width=\"534\" height=\"533\" src=\"https:\/\/masterpiece.vn\/wp-content\/uploads\/2026\/04\/Mask-group-2-1-1.jpg\" class=\"attachment-original size-original\" alt=\"\" srcset=\"https:\/\/masterpiece.vn\/wp-content\/uploads\/2026\/04\/Mask-group-2-1-1.jpg 534w, https:\/\/masterpiece.vn\/wp-content\/uploads\/2026\/04\/Mask-group-2-1-1-300x300.jpg 300w, https:\/\/masterpiece.vn\/wp-content\/uploads\/2026\/04\/Mask-group-2-1-1-150x150.jpg 150w\" sizes=\"auto, (max-width: 534px) 100vw, 534px\" \/>\t\t\t\t\t\t\t<div class=\"overlay\" style=\"background-color: rgba(241, 241, 241, 0.32)\"><\/div>\n\t\t\t\t\t\t\n\t\t\t\t\t<\/div>\n\t\t\t\t\t\t\t\t\n<style>\n#image_652444558 {\n  width: 100%;\n}\n<\/style>\n\t<\/div>\n\t\n\t\t<\/div>\n\t\t\t\t\t<\/div>\n\n\t\n\n\t<div id=\"col-718081647\" class=\"col medium-4 small-12 large-4\"  >\n\t\t\t\t<div class=\"col-inner text-left\"  >\n\t\t\t\n\t\t\t\n\t<div class=\"img has-hover x md-x lg-x y md-y lg-y\" id=\"image_1358703716\">\n\t\t\t\t\t\t\t\t<div class=\"img-inner image-overlay-add image-cover dark\" style=\"padding-top:100%;\">\n\t\t\t<img loading=\"lazy\" decoding=\"async\" width=\"533\" height=\"533\" src=\"https:\/\/masterpiece.vn\/wp-content\/uploads\/2026\/04\/Mask-group-1-1.jpg\" class=\"attachment-original size-original\" alt=\"\" srcset=\"https:\/\/masterpiece.vn\/wp-content\/uploads\/2026\/04\/Mask-group-1-1.jpg 533w, https:\/\/masterpiece.vn\/wp-content\/uploads\/2026\/04\/Mask-group-1-1-300x300.jpg 300w, https:\/\/masterpiece.vn\/wp-content\/uploads\/2026\/04\/Mask-group-1-1-150x150.jpg 150w\" sizes=\"auto, (max-width: 533px) 100vw, 533px\" \/>\t\t\t\t\t\t\t<div class=\"overlay\" style=\"background-color: rgba(241, 241, 241, 0.32)\"><\/div>\n\t\t\t\t\t\t\n\t\t\t\t\t<\/div>\n\t\t\t\t\t\t\t\t\n<style>\n#image_1358703716 {\n  width: 100%;\n}\n<\/style>\n\t<\/div>\n\t\n\t\t<\/div>\n\t\t\t\t\t<\/div>\n\n\t\n\n<style>\n#row-484207797 > .col > .col-inner {\n  background-color: #33373d;\n}\n<\/style>\n<\/div>\n\t\t<\/div>\n\n\t\t\n<style>\n#section_1372205675 {\n  padding-top: 30px;\n  padding-bottom: 30px;\n  background-color: rgb(255, 255, 255);\n}\n<\/style>\n\t<\/section>\n\t\n\n\t<section class=\"section\" id=\"section_862190132\">\n\t\t<div class=\"section-bg fill\" >\n\t\t\t\t\t\t\t\t\t\n\t\t\t\n\n\t\t<\/div>\n\n\t\t\n\n\t\t<div class=\"section-content relative\">\n\t\t\t\n<div class=\"row\" style=\"max-width:1600px\" id=\"row-1546994917\">\n\n\t<div id=\"col-1285727606\" class=\"col large-12\"  >\n\t\t\t\t<div class=\"col-inner text-center\"  >\n\t\t\t\n\t\t\t\n\t<div id=\"text-3368213668\" class=\"text\">\n\t\t\n<h2>Gi\u1ea3i ph\u00e1p nh\u00e2n s\u1ef1<br \/>\n<\/h2>\n\t\t\n<style>\n#text-3368213668 {\n  font-size: 1.6rem;\n}\n<\/style>\n\t<\/div>\n\t\n<div class=\"is-divider divider clearfix\" style=\"margin-top:0px;margin-bottom:0px;max-width:80px;background-color:#333333;\"><\/div>\n\t\t<\/div>\n\t\t\t\t\t<\/div>\n\n\t\n<\/div>\n<div class=\"row align-equal row-box-shadow-3 row-box-shadow-5-hover\" style=\"max-width:1600px\" id=\"row-1639035708\">\n\n\t<div id=\"col-1718398094\" class=\"col medium-4 small-12 large-4\"  >\n\t\t\t\t<div class=\"col-inner\"  >\n\t\t\t\n\t\t\t\n\t<div class=\"box has-hover   has-hover box-text-bottom\" >\n\n\t\t<div class=\"box-image\" >\n\t\t\t\t\t\t<div class=\"\" >\n\t\t\t\t<img loading=\"lazy\" decoding=\"async\" width=\"744\" height=\"745\" src=\"https:\/\/masterpiece.vn\/wp-content\/uploads\/2026\/03\/image-44.jpg\" class=\"attachment- size-\" alt=\"\" srcset=\"https:\/\/masterpiece.vn\/wp-content\/uploads\/2026\/03\/image-44.jpg 744w, https:\/\/masterpiece.vn\/wp-content\/uploads\/2026\/03\/image-44-300x300.jpg 300w, https:\/\/masterpiece.vn\/wp-content\/uploads\/2026\/03\/image-44-150x150.jpg 150w\" sizes=\"auto, (max-width: 744px) 100vw, 744px\" \/>\t\t\t\t\t\t\t\t\t\t\t<\/div>\n\t\t\t\t\t<\/div>\n\n\t\t<div class=\"box-text text-center dark\" style=\"padding:20px 20px 20px 20px;\">\n\t\t\t<div class=\"box-text-inner\">\n\t\t\t\t\n\t<div id=\"text-1569359574\" class=\"text\">\n\t\t\n<h3>D\u1ecbch v\u1ee5 kh\u00edch l\u1ec7 nh\u00e2n vi\u00ean<br \/>\n<\/h3>\n\t\t\n<style>\n#text-1569359574 {\n  font-size: 1.25rem;\n}\n<\/style>\n\t<\/div>\n\t\n<p>\u0110\u1ed3ng h\u00e0nh tr\u00ean b\u01b0\u1edbc ti\u1ebfn v\u1eefng ch\u1eafc c\u1ee7a doanh nghi\u1ec7p.<\/p>\n<a href=\"https:\/\/masterpiece.vn\/vi\/incentive-reward-vn\" class=\"button white is-outline\"  style=\"border-radius:99px;\">\n\t\t<span>Kh\u00e1m ph\u00e1 ngay \u2192<\/span>\n\t<\/a>\n\n\t\t\t<\/div>\n\t\t<\/div>\n\t<\/div>\n\t\n\t\t<\/div>\n\t\t\t\t\t<\/div>\n\n\t\n\n\t<div id=\"col-493038235\" class=\"col medium-4 small-12 large-4\"  >\n\t\t\t\t<div class=\"col-inner\"  >\n\t\t\t\n\t\t\t\n\t<div class=\"box has-hover   has-hover box-text-bottom\" >\n\n\t\t<div class=\"box-image\" >\n\t\t\t\t\t\t<div class=\"\" >\n\t\t\t\t<img loading=\"lazy\" decoding=\"async\" width=\"745\" height=\"743\" src=\"https:\/\/masterpiece.vn\/wp-content\/uploads\/2026\/04\/image-8.jpg\" class=\"attachment- size-\" alt=\"\" srcset=\"https:\/\/masterpiece.vn\/wp-content\/uploads\/2026\/04\/image-8.jpg 745w, https:\/\/masterpiece.vn\/wp-content\/uploads\/2026\/04\/image-8-300x300.jpg 300w, https:\/\/masterpiece.vn\/wp-content\/uploads\/2026\/04\/image-8-150x150.jpg 150w\" sizes=\"auto, (max-width: 745px) 100vw, 745px\" \/>\t\t\t\t\t\t\t\t\t\t\t<\/div>\n\t\t\t\t\t<\/div>\n\n\t\t<div class=\"box-text text-center dark\" style=\"padding:20px 20px 20px 20px;\">\n\t\t\t<div class=\"box-text-inner\">\n\t\t\t\t\n\t<div id=\"text-3943695463\" class=\"text\">\n\t\t\n<h3>T\u1ed5 ch\u1ee9c s\u1ef1 ki\u1ec7n th\u01b0\u01a1ng hi\u1ec7u<br \/>\n<\/h3>\n\t\t\n<style>\n#text-3943695463 {\n  font-size: 1.25rem;\n}\n<\/style>\n\t<\/div>\n\t\n<p>N\u01a1i \u0111\u1ec3 l\u1ea1i cho b\u1ea1n nh\u1eefng \u1ea5n t\u01b0\u1ee3ng kh\u00f3 phai.<\/p>\n<a href=\"https:\/\/masterpiece.vn\/vi\/activation-event-vn\" class=\"button white is-outline\"  style=\"border-radius:99px;\">\n\t\t<span>Kh\u00e1m ph\u00e1 ngay \u2192<\/span>\n\t<\/a>\n\n\t\t\t<\/div>\n\t\t<\/div>\n\t<\/div>\n\t\n\t\t<\/div>\n\t\t\t\t\t<\/div>\n\n\t\n\n\t<div id=\"col-1788492941\" class=\"col medium-4 small-12 large-4\"  >\n\t\t\t\t<div class=\"col-inner\"  >\n\t\t\t\n\t\t\t\n\t<div class=\"box has-hover   has-hover box-text-bottom\" >\n\n\t\t<div class=\"box-image\" >\n\t\t\t\t\t\t<div class=\"\" >\n\t\t\t\t<img loading=\"lazy\" decoding=\"async\" width=\"745\" height=\"743\" src=\"https:\/\/masterpiece.vn\/wp-content\/uploads\/2026\/04\/image-9.jpg\" class=\"attachment- size-\" alt=\"\" srcset=\"https:\/\/masterpiece.vn\/wp-content\/uploads\/2026\/04\/image-9.jpg 745w, https:\/\/masterpiece.vn\/wp-content\/uploads\/2026\/04\/image-9-300x300.jpg 300w, https:\/\/masterpiece.vn\/wp-content\/uploads\/2026\/04\/image-9-150x150.jpg 150w\" sizes=\"auto, (max-width: 745px) 100vw, 745px\" \/>\t\t\t\t\t\t\t\t\t\t\t<\/div>\n\t\t\t\t\t<\/div>\n\n\t\t<div class=\"box-text text-center dark\" style=\"padding:20px 20px 20px 20px;\">\n\t\t\t<div class=\"box-text-inner\">\n\t\t\t\t\n\t<div id=\"text-135850506\" class=\"text\">\n\t\t\n<h3>D\u1ecbch v\u1ee5 VIP theo y\u00eau c\u1ea7u<br \/>\n<\/h3>\n\t\t\n<style>\n#text-135850506 {\n  font-size: 1.25rem;\n}\n<\/style>\n\t<\/div>\n\t\n<p>S\u1ef1 \u00e2n c\u1ea7n, chu \u0111\u00e1o v\u00e0 t\u1eadn t\u00e2m cho nh\u1eefng v\u1ecb kh\u00e1ch VIP c\u1ee7a b\u1ea1n.<\/p>\n<a href=\"https:\/\/masterpiece.vn\/vi\/guest-management-vn\" class=\"button white is-outline\"  style=\"border-radius:99px;\">\n\t\t<span>Kh\u00e1m ph\u00e1 ngay \u2192<\/span>\n\t<\/a>\n\n\t\t\t<\/div>\n\t\t<\/div>\n\t<\/div>\n\t\n\t\t<\/div>\n\t\t\t\t\t<\/div>\n\n\t\n\n<style>\n#row-1639035708 > .col > .col-inner {\n  background-color: #33373d;\n}\n<\/style>\n<\/div>\n\t\t<\/div>\n\n\t\t\n<style>\n#section_862190132 {\n  padding-top: 30px;\n  padding-bottom: 30px;\n  background-color: #FFFFFF;\n}\n<\/style>\n\t<\/section>\n\t\n\n\t<section class=\"section\" id=\"section_572195775\">\n\t\t<div class=\"section-bg fill\" >\n\t\t\t\t\t\t\t\t\t\n\t\t\t\n\n\t\t<\/div>\n\n\t\t\n\n\t\t<div class=\"section-content relative\">\n\t\t\t\n<div class=\"row\" style=\"max-width:\" id=\"row-671968771\">\n\n\t<div id=\"col-291961415\" class=\"col large-12\"  >\n\t\t\t\t<div class=\"col-inner text-center\"  >\n\t\t\t\n\t\t\t\n\t<div id=\"text-3721688294\" class=\"text\">\n\t\t\n<h2>Nh\u1eadn t\u01b0 v\u1ea5n<br \/>\n<\/h2>\n\t\t\n<style>\n#text-3721688294 {\n  font-size: 1.6rem;\n  text-align: center;\n}\n<\/style>\n\t<\/div>\n\t\n<div class=\"is-divider divider clearfix\" style=\"margin-top:0px;margin-bottom:0px;max-width:80px;background-color:#333333;\"><\/div>\n<p>N\u1ebfu b\u1ea1n \u0111ang c\u1ea7n nh\u1eefng chuy\u00ean gia h\u00e0ng \u0111\u1ea7u v\u1ec1 vi\u1ec7c qu\u1ea3n l\u00fd l\u1ed1i s\u1ed1ng, tr\u1ee3 l\u00fd c\u00e1 nh\u00e2n, kh\u00f4ng ai kh\u00e1c ngo\u00e0i ch\u00fang t\u00f4i.<\/p>\n\t\t<\/div>\n\t\t\t\t\t<\/div>\n\n\t\n<\/div>\n<div class=\"row\" style=\"max-width:700px\" id=\"row-1442788083\">\n\n\t<div id=\"col-2206438\" class=\"col large-12\"  >\n\t\t\t\t<div class=\"col-inner\"  >\n\t\t\t\n\t\t\t\n\n<div class=\"wpcf7 no-js\" id=\"wpcf7-f1585-o1\" lang=\"vi\" dir=\"ltr\" data-wpcf7-id=\"1585\">\n<div class=\"screen-reader-response\"><p role=\"status\" aria-live=\"polite\" aria-atomic=\"true\"><\/p> <ul><\/ul><\/div>\n<form action=\"\/vi\/wp-json\/wp\/v2\/pages\/513#wpcf7-f1585-o1\" method=\"post\" class=\"wpcf7-form init\" aria-label=\"Form li\u00ean h\u1ec7\" novalidate=\"novalidate\" data-status=\"init\">\n<fieldset class=\"hidden-fields-container\"><input type=\"hidden\" name=\"_wpcf7\" value=\"1585\" \/><input type=\"hidden\" name=\"_wpcf7_version\" value=\"6.1.5\" \/><input type=\"hidden\" name=\"_wpcf7_locale\" value=\"vi\" \/><input type=\"hidden\" name=\"_wpcf7_unit_tag\" value=\"wpcf7-f1585-o1\" \/><input type=\"hidden\" name=\"_wpcf7_container_post\" value=\"0\" \/><input type=\"hidden\" name=\"_wpcf7_posted_data_hash\" value=\"\" \/>\n<\/fieldset>\n<div style=\"display: none\"><p><span class=\"wpcf7-form-control-wrap\" data-name=\"mbws\"><input size=\"40\" class=\"wpcf7-form-control wpcf7-text\" aria-invalid=\"false\" value=\"\" type=\"text\" name=\"mbws\"><\/span><\/p><\/div><div class=\"row row-small\">\n<div class=\"col large-12\">\n<label>T\u00ean<\/label>\n<span class=\"wpcf7-form-control-wrap\" data-name=\"your-name\"><input size=\"40\" maxlength=\"400\" class=\"wpcf7-form-control wpcf7-text wpcf7-validates-as-required\" aria-required=\"true\" aria-invalid=\"false\" placeholder=\"H\u1ecd v\u00e0 t\u00ean\" value=\"\" type=\"text\" name=\"your-name\" \/><\/span>\n<\/div>\n<div class=\"col large-12\">\n<label>Email<\/label>\n<span class=\"wpcf7-form-control-wrap\" data-name=\"your-mail\"><input size=\"40\" maxlength=\"400\" class=\"wpcf7-form-control wpcf7-email wpcf7-validates-as-required wpcf7-text wpcf7-validates-as-email\" aria-required=\"true\" aria-invalid=\"false\" placeholder=\"\u0110\u1ecba ch\u1ec9 email\" value=\"\" type=\"email\" name=\"your-mail\" \/><\/span>\n<\/div>\n<div class=\"col large-12\">\n<label>S\u1ed1 \u0111i\u1ec7n tho\u1ea1i<\/label>\n<span class=\"wpcf7-form-control-wrap\" data-name=\"your-phone\"><input size=\"40\" maxlength=\"400\" class=\"wpcf7-form-control wpcf7-tel wpcf7-validates-as-required wpcf7-text wpcf7-validates-as-tel\" aria-required=\"true\" aria-invalid=\"false\" placeholder=\"S\u1ed1 \u0111i\u1ec7n tho\u1ea1i c\u1ee7a b\u1ea1n\" value=\"\" type=\"tel\" name=\"your-phone\" \/><\/span>\n<\/div>\n<div class=\"col large-12\">\n<label>\u0110\u1ec3 l\u1ea1i l\u1eddi nh\u1eafn cho ch\u00fang t\u00f4i<\/label>\n<span class=\"wpcf7-form-control-wrap\" data-name=\"content\"><textarea cols=\"40\" rows=\"10\" maxlength=\"2000\" class=\"wpcf7-form-control wpcf7-textarea\" aria-invalid=\"false\" placeholder=\"\u0110\u1ec3 l\u1ea1i l\u1eddi nh\u1eafn cho ch\u00fang t\u00f4i...\" name=\"content\"><\/textarea><\/span>\n<\/div>\n<div class=\"col large-12\">\n<span class=\"wpcf7-form-control-wrap\" data-name=\"your-acceptance\"><span class=\"wpcf7-form-control wpcf7-acceptance optional\"><span class=\"wpcf7-list-item\"><label><input type=\"checkbox\" name=\"your-acceptance\" value=\"1\" aria-invalid=\"false\" \/><span class=\"wpcf7-list-item-label\">T\u00f4i x\u00e1c nh\u1eadn t\u00f4i \u0111\u00e3 \u0111\u1ecdc v\u00e0 \u0111\u1ed3ng \u00fd v\u1edbi \u0111i\u1ec1u kho\u1ea3n & ch\u00ednh s\u00e1ch quy\u1ec1n ri\u00eang t\u01b0<\/span><\/label><\/span><\/span><\/span>\n<\/div>\n<div class=\"col large-12 pb-0\">\n<input class=\"wpcf7-form-control wpcf7-submit has-spinner\" type=\"submit\" value=\"G\u1eedi tin\" \/>\n<\/div>\n<\/div><div class=\"wpcf7-response-output\" aria-hidden=\"true\"><\/div>\n<\/form>\n<\/div>\n\n\t\t<\/div>\n\t\t\t\t\t<\/div>\n\n\t\n<\/div>\n\t\t<\/div>\n\n\t\t\n<style>\n#section_572195775 {\n  padding-top: 50px;\n  padding-bottom: 50px;\n  background-color: #F8F8F8;\n}\n@media (min-width:550px) {\n  #section_572195775 {\n    padding-top: 80px;\n    padding-bottom: 80px;\n  }\n}\n<\/style>\n\t<\/section>\n\t\n","protected":false},"excerpt":{"rendered":"","protected":false},"author":1,"featured_media":0,"parent":0,"menu_order":5,"comment_status":"closed","ping_status":"closed","template":"page-blank.php","meta":{"footnotes":""},"class_list":["post-513","page","type-page","status-publish","hentry"],"_links":{"self":[{"href":"https:\/\/masterpiece.vn\/vi\/wp-json\/wp\/v2\/pages\/513","targetHints":{"allow":["GET"]}}],"collection":[{"href":"https:\/\/masterpiece.vn\/vi\/wp-json\/wp\/v2\/pages"}],"about":[{"href":"https:\/\/masterpiece.vn\/vi\/wp-json\/wp\/v2\/types\/page"}],"author":[{"embeddable":true,"href":"https:\/\/masterpiece.vn\/vi\/wp-json\/wp\/v2\/users\/1"}],"replies":[{"embeddable":true,"href":"https:\/\/masterpiece.vn\/vi\/wp-json\/wp\/v2\/comments?post=513"}],"version-history":[{"count":21,"href":"https:\/\/masterpiece.vn\/vi\/wp-json\/wp\/v2\/pages\/513\/revisions"}],"predecessor-version":[{"id":5695,"href":"https:\/\/masterpiece.vn\/vi\/wp-json\/wp\/v2\/pages\/513\/revisions\/5695"}],"wp:attachment":[{"href":"https:\/\/masterpiece.vn\/vi\/wp-json\/wp\/v2\/media?parent=513"}],"curies":[{"name":"wp","href":"https:\/\/api.w.org\/{rel}","templated":true}]}}