{"id":525,"date":"2026-03-24T14:38:04","date_gmt":"2026-03-24T07:38:04","guid":{"rendered":"https:\/\/masterpiece.vn\/?page_id=525"},"modified":"2026-04-24T10:47:33","modified_gmt":"2026-04-24T03:47:33","slug":"incentive-reward-vn","status":"publish","type":"page","link":"https:\/\/masterpiece.vn\/vi\/incentive-reward-vn","title":{"rendered":"Incentive &#038; Reward VN"},"content":{"rendered":"\n\t<section class=\"section\" id=\"section_1854357583\">\n\t\t<div class=\"section-bg fill\" >\n\t\t\t<img loading=\"lazy\" decoding=\"async\" width=\"1600\" height=\"684\" src=\"https:\/\/masterpiece.vn\/wp-content\/uploads\/2026\/03\/Incentive-Reward1.jpg\" class=\"bg attachment-original size-original\" alt=\"\" \/>\t\t\t\t\t\t<div class=\"section-bg-overlay absolute fill\"><\/div>\n\t\t\t\n\n\t\t<\/div>\n\n\t\t\n\n\t\t<div class=\"section-content relative\">\n\t\t\t\n<div class=\"row\"  id=\"row-5509623\">\n\n\t<div id=\"col-984301696\" class=\"col medium-11 large-11\"  >\n\t\t\t\t<div class=\"col-inner text-center dark\"  >\n\t\t\t\n\t\t\t\n\t<div id=\"text-105774651\" class=\"text\">\n\t\t\n<h1><span style=\"font-size: 150%;\">T\u1ed5 ch\u1ee9c s\u1ef1 ki\u1ec7n th\u01b0\u01a1ng hi\u1ec7u<br \/>\n<\/span><\/h1>\n<p>\u0110\u1ed3ng h\u00e0nh tr\u00ean b\u01b0\u1edbc ti\u1ebfn v\u1eefng ch\u1eafc c\u1ee7a doanh nghi\u1ec7p\n<\/p>\n\t\t\n<style>\n#text-105774651 {\n  font-size: 1rem;\n  text-align: center;\n}\n@media (min-width:550px) {\n  #text-105774651 {\n    font-size: 1.5rem;\n  }\n}\n<\/style>\n\t<\/div>\n\t\n<div class=\"row\"  id=\"row-1594924261\">\n\n\t<div id=\"col-1213961828\" class=\"col pb-0 small-12 large-12\"  >\n\t\t\t\t<div class=\"col-inner text-center\"  >\n\t\t\t\n\t\t\t\n\t<div id=\"ux-lottie-1404920048\" class=\"ux-lottie scroll_down\" >\n\t\t<a href=\"#camket\" >\t\t<lottie-player class=\"ux-lottie__player\" data-params=\"{&quot;src&quot;:&quot;https:\\\/\\\/lottie.host\\\/e5507f08-797d-40a8-a7d3-773275d3062f\\\/Y2jbYy7Rv4.json&quot;,&quot;loop&quot;:true,&quot;autoplay&quot;:true,&quot;controls&quot;:false,&quot;speed&quot;:&quot;1&quot;,&quot;direction&quot;:1,&quot;trigger&quot;:&quot;&quot;,&quot;mouseout&quot;:&quot;&quot;,&quot;start&quot;:0,&quot;end&quot;:100,&quot;scrollActionType&quot;:&quot;seek&quot;,&quot;visibilityStart&quot;:0,&quot;visibilityEnd&quot;:100,&quot;id&quot;:&quot;ux-lottie-1404920048&quot;}\" ><\/lottie-player>\n\t\t<\/a>\t\t\n<style>\n#ux-lottie-1404920048 {\n  width: 60px;\n  height: 100px;\n}\n<\/style>\n\t<\/div>\n\t\n\t\t<\/div>\n\t\t\t\t\t<\/div>\n\n\t\n<\/div>\n<div class=\"is-divider divider clearfix\" style=\"margin-top:20px;margin-bottom:20px;max-width:50px;height:2px;\"><\/div>\n\t\t<\/div>\n\t\t\t\t\t<\/div>\n\n\t\n<\/div>\n\t\t<\/div>\n\n\t\t\n<style>\n#section_1854357583 {\n  padding-top: 100px;\n  padding-bottom: 100px;\n  min-height: 684px;\n}\n#section_1854357583 .section-bg-overlay {\n  background-color: rgba(0,0,0,.5);\n}\n#section_1854357583 .section-bg img {\n  object-position: 36% 0%;\n}\n<\/style>\n\t<\/section>\n\t\n\n\t<section class=\"section\" id=\"section_2012609855\">\n\t\t<div class=\"section-bg fill\" >\n\t\t\t\t\t\t\t\t\t\n\t\t\t\n\n\t\t<\/div>\n\n\t\t\n\n\t\t<div class=\"section-content relative\">\n\t\t\t\n<div class=\"row row-collapse row-full-width align-equal\"  id=\"row-1777128385\">\n\n\t<div id=\"col-1137905832\" class=\"col small-12 large-12\"  >\n\t\t\t\t<div class=\"col-inner\"  >\n\t\t\t\n\t\t\t\n\t<div class=\"img has-hover x md-x lg-x y md-y lg-y\" id=\"image_525878820\">\n\t\t\t\t\t\t\t\t<div class=\"img-inner image-cover dark\" style=\"padding-top:40%;\">\n\t\t\t<img loading=\"lazy\" decoding=\"async\" width=\"1599\" height=\"634\" src=\"https:\/\/masterpiece.vn\/wp-content\/uploads\/2026\/03\/Incentive-Reward2.jpg\" class=\"attachment-original size-original\" alt=\"\" srcset=\"https:\/\/masterpiece.vn\/wp-content\/uploads\/2026\/03\/Incentive-Reward2.jpg 1599w, https:\/\/masterpiece.vn\/wp-content\/uploads\/2026\/03\/Incentive-Reward2-300x119.jpg 300w, https:\/\/masterpiece.vn\/wp-content\/uploads\/2026\/03\/Incentive-Reward2-1024x406.jpg 1024w, https:\/\/masterpiece.vn\/wp-content\/uploads\/2026\/03\/Incentive-Reward2-768x305.jpg 768w, https:\/\/masterpiece.vn\/wp-content\/uploads\/2026\/03\/Incentive-Reward2-1536x609.jpg 1536w\" sizes=\"auto, (max-width: 1599px) 100vw, 1599px\" \/>\t\t\t\t\t\t\n\t\t\t\t\t<\/div>\n\t\t\t\t\t\t\t\t\n<style>\n#image_525878820 {\n  width: 100%;\n}\n<\/style>\n\t<\/div>\n\t\n\t\t<\/div>\n\t\t\t\t\t<\/div>\n\n\t\n\n<style>\n#row-1777128385 > .col > .col-inner {\n  background-color: #33373d;\n}\n<\/style>\n<\/div>\n<div class=\"row row-collapse align-equal\" style=\"max-width:800px\" id=\"row-2096132425\">\n\n\t<div id=\"col-1042832101\" class=\"col large-12\"  >\n\t\t\t\t<div class=\"col-inner text-center\"  >\n\t\t\t\n\t\t\t\n\t<div id=\"text-3027680611\" class=\"text\">\n\t\t\n<p style=\"text-align: justify;\">D\u00f9 m\u1ee5c ti\u00eau c\u1ee7a b\u1ea1n l\u00e0 kh\u00edch l\u1ec7 v\u00e0 gi\u1eef ch\u00e2n c\u00e1c th\u00e0nh vi\u00ean trong \u0111\u1ed9i ng\u0169 hay g\u00e2y \u1ea5n t\u01b0\u1ee3ng v\u00e0 l\u00e0m h\u00e0i l\u00f2ng kh\u00e1ch h\u00e0ng c\u1ee7a m\u00ecnh, ch\u00fang t\u00f4i \u0111\u00e1p \u1ee9ng t\u1ea5t c\u1ea3 c\u00e1c ch\u01b0\u01a1ng tr\u00ecnh ch\u0103m s\u00f3c \u0111\u01b0\u1ee3c thi\u1ebft k\u1ebf ri\u00eang v\u00e0 t\u1ed1i \u01b0u cho doanh nghi\u1ec7p c\u1ee7a b\u1ea1n.<\/p>\n<p style=\"text-align: justify;\">Nh\u00e2n vi\u00ean \u01b0u t\u00fa c\u1ee7a b\u1ea1n s\u1ebd \u0111\u01b0\u1ee3c t\u1eadn h\u01b0\u1edfng nh\u1eefng chuy\u1ebfn \u0111i \u0111\u1ea7y \u00fd ngh\u0129a, h\u1ea1nh ph\u00fac v\u1edbi nh\u1eefng m\u00f3n qu\u00e0 x\u1ee9ng \u0111\u00e1ng v\u00e0 h\u01a1n th\u1ebf n\u1eefa.<\/p>\n\t\t\n<style>\n#text-3027680611 {\n  font-size: 1rem;\n}\n@media (min-width:550px) {\n  #text-3027680611 {\n    font-size: 1.4rem;\n  }\n}\n<\/style>\n\t<\/div>\n\t\n\t\t<\/div>\n\t\t\t\t\n<style>\n#col-1042832101 > .col-inner {\n  padding: 50px 20px 50px 20px;\n}\n@media (min-width:550px) {\n  #col-1042832101 > .col-inner {\n    padding: 100px 100px 100px 100px;\n  }\n}\n<\/style>\n\t<\/div>\n\n\t\n<\/div>\n<div class=\"row row-collapse row-full-width align-equal\"  id=\"row-1211695841\">\n\n\t<div id=\"col-1720746068\" class=\"col medium-6 small-12 large-6\"  >\n\t\t\t\t<div class=\"col-inner text-left\"  >\n\t\t\t\n\t\t\t\n<div class=\"row row-collapse align-equal\"  id=\"row-490896591\">\n\n\t<div id=\"col-1372036135\" class=\"col small-12 large-12\"  >\n\t\t\t\t<div class=\"col-inner\"  >\n\t\t\t\n\t\t\t\n\t<div class=\"img has-hover x md-x lg-x y md-y lg-y\" id=\"image_254606353\">\n\t\t\t\t\t\t\t\t<div class=\"img-inner image-cover dark\" style=\"padding-top:50%;\">\n\t\t\t<img loading=\"lazy\" decoding=\"async\" width=\"800\" height=\"475\" src=\"https:\/\/masterpiece.vn\/wp-content\/uploads\/2026\/04\/Incentive-Reward3-1.jpg\" class=\"attachment-original size-original\" alt=\"\" srcset=\"https:\/\/masterpiece.vn\/wp-content\/uploads\/2026\/04\/Incentive-Reward3-1.jpg 800w, https:\/\/masterpiece.vn\/wp-content\/uploads\/2026\/04\/Incentive-Reward3-1-300x178.jpg 300w, https:\/\/masterpiece.vn\/wp-content\/uploads\/2026\/04\/Incentive-Reward3-1-768x456.jpg 768w\" sizes=\"auto, (max-width: 800px) 100vw, 800px\" \/>\t\t\t\t\t\t\n\t\t\t\t\t<\/div>\n\t\t\t\t\t\t\t\t\n<style>\n#image_254606353 {\n  width: 100%;\n}\n<\/style>\n\t<\/div>\n\t\n\t\t<\/div>\n\t\t\t\t\t<\/div>\n\n\t\n\n\t<div id=\"col-161566537\" class=\"col col-midle small-12 large-12\"  >\n\t\t\t\t<div class=\"col-inner text-center dark\"  >\n\t\t\t\n\t\t\t\n\t<div class=\"img has-hover x md-x lg-x y md-y lg-y\" id=\"image_2080820443\">\n\t\t\t\t\t\t\t\t<div class=\"img-inner image-cover dark\" style=\"padding-top:50%;\">\n\t\t\t<img loading=\"lazy\" decoding=\"async\" width=\"800\" height=\"475\" src=\"https:\/\/masterpiece.vn\/wp-content\/uploads\/2026\/04\/Incentive-Reward4.jpg\" class=\"attachment-original size-original\" alt=\"\" srcset=\"https:\/\/masterpiece.vn\/wp-content\/uploads\/2026\/04\/Incentive-Reward4.jpg 800w, https:\/\/masterpiece.vn\/wp-content\/uploads\/2026\/04\/Incentive-Reward4-300x178.jpg 300w, https:\/\/masterpiece.vn\/wp-content\/uploads\/2026\/04\/Incentive-Reward4-768x456.jpg 768w\" sizes=\"auto, (max-width: 800px) 100vw, 800px\" \/>\t\t\t\t\t\t\n\t\t\t\t\t<\/div>\n\t\t\t\t\t\t\t\t\n<style>\n#image_2080820443 {\n  width: 100%;\n}\n<\/style>\n\t<\/div>\n\t\n\t\t<\/div>\n\t\t\t\t\t<\/div>\n\n\t\n<\/div>\n\t\t<\/div>\n\t\t\t\t\t<\/div>\n\n\t\n\n\t<div id=\"col-447007066\" class=\"col col-midle medium-6 small-12 large-6\"  >\n\t\t\t\t<div class=\"col-inner text-center dark\"  >\n\t\t\t\n\t\t\t\n\t<div id=\"gap-902665386\" class=\"gap-element clearfix\" style=\"display:block; height:auto;\">\n\t\t\n<style>\n#gap-902665386 {\n  padding-top: 200px;\n}\n<\/style>\n\t<\/div>\n\t\n\t<div id=\"text-561537153\" class=\"text\">\n\t\t\n<p>Kh\u00edch l\u1ec7 v\u00e0 khen th\u01b0\u1edfng l\u00e0 m\u1ed9t \u0111\u1ed9ng l\u1ef1c<br \/>\nto l\u1edbn cho nh\u00e2n vi\u00ean c\u1ee7a b\u1ea1n<\/p>\n\t\t\n<style>\n#text-561537153 {\n  font-size: 1.3rem;\n  text-align: center;\n}\n@media (min-width:550px) {\n  #text-561537153 {\n    font-size: 1.6rem;\n  }\n}\n<\/style>\n\t<\/div>\n\t\n\t\t<\/div>\n\t\t\t\t\n<style>\n#col-447007066 > .col-inner {\n  padding: 50px 20px 50px 20px;\n}\n@media (min-width:550px) {\n  #col-447007066 > .col-inner {\n    padding: 50px 50px 50px 50px;\n  }\n}\n@media (min-width:850px) {\n  #col-447007066 > .col-inner {\n    padding: 50px 150px 50px 150px;\n  }\n}\n<\/style>\n\t<\/div>\n\n\t\n\n<style>\n#row-1211695841 > .col > .col-inner {\n  background-color: #33373d;\n}\n<\/style>\n<\/div>\n<div class=\"row row-collapse row-full-width align-equal\"  id=\"row-1410656817\">\n\n\t<div id=\"col-1780932578\" class=\"col col-midle medium-6 small-12 large-6\"  >\n\t\t\t\t<div class=\"col-inner text-center dark\"  >\n\t\t\t\n\t\t\t\n\t<div id=\"gap-1885095316\" class=\"gap-element clearfix\" style=\"display:block; height:auto;\">\n\t\t\n<style>\n#gap-1885095316 {\n  padding-top: 200px;\n}\n<\/style>\n\t<\/div>\n\t\n\t<div id=\"text-2440824182\" class=\"text\">\n\t\t\n<p style=\"text-align: justify;\">H\u00e3y \u0111\u1ec3 Masterpiece l\u00e0 b\u1ea1n \u0111\u1ed3ng h\u00e0nh trong h\u00e0nh tr\u00ecnh ph\u00e1t tri\u1ec3n doanh nghi\u1ec7p c\u1ee7a b\u1ea1n. V\u1edbi s\u1ef1 hi\u1ec3u bi\u1ebft s\u00e2u s\u1eafc v\u1ec1 th\u1ecb tr\u01b0\u1eddng v\u00e0 kinh nghi\u1ec7m d\u00e0y d\u1ea1n, Masterpiece cam k\u1ebft h\u1ee3p t\u00e1c v\u1edbi b\u1ea1n, bi\u1ebfn m\u1ecdi th\u00e1ch th\u1ee9c th\u00e0nh c\u01a1 h\u1ed9i.<\/p>\n\t\t\n<style>\n#text-2440824182 {\n  font-size: 1rem;\n  text-align: center;\n}\n@media (min-width:550px) {\n  #text-2440824182 {\n    font-size: 1.4rem;\n  }\n}\n<\/style>\n\t<\/div>\n\t\n\t\t<\/div>\n\t\t\t\t\n<style>\n#col-1780932578 > .col-inner {\n  padding: 50px 20px 50px 20px;\n}\n@media (min-width:550px) {\n  #col-1780932578 > .col-inner {\n    padding: 50px 50px 50px 50px;\n  }\n}\n@media (min-width:850px) {\n  #col-1780932578 > .col-inner {\n    padding: 50px 70px 50px 70px;\n  }\n}\n<\/style>\n\t<\/div>\n\n\t\n\n\t<div id=\"col-477238653\" class=\"col medium-6 small-12 large-6 small-col-first\"  >\n\t\t\t\t<div class=\"col-inner text-left\"  >\n\t\t\t\n\t\t\t\n\t<div class=\"img has-hover x md-x lg-x y md-y lg-y\" id=\"image_932362507\">\n\t\t\t\t\t\t\t\t<div class=\"img-inner image-cover dark\" style=\"padding-top:100%;\">\n\t\t\t<img loading=\"lazy\" decoding=\"async\" width=\"800\" height=\"772\" src=\"https:\/\/masterpiece.vn\/wp-content\/uploads\/2026\/04\/Incentive-Reward5.jpg\" class=\"attachment-original size-original\" alt=\"\" srcset=\"https:\/\/masterpiece.vn\/wp-content\/uploads\/2026\/04\/Incentive-Reward5.jpg 800w, https:\/\/masterpiece.vn\/wp-content\/uploads\/2026\/04\/Incentive-Reward5-300x290.jpg 300w, https:\/\/masterpiece.vn\/wp-content\/uploads\/2026\/04\/Incentive-Reward5-768x741.jpg 768w\" sizes=\"auto, (max-width: 800px) 100vw, 800px\" \/>\t\t\t\t\t\t\n\t\t\t\t\t<\/div>\n\t\t\t\t\t\t\t\t\n<style>\n#image_932362507 {\n  width: 100%;\n}\n<\/style>\n\t<\/div>\n\t\n\t\t<\/div>\n\t\t\t\t\t<\/div>\n\n\t\n\n<style>\n#row-1410656817 > .col > .col-inner {\n  background-color: #33373d;\n}\n<\/style>\n<\/div>\n\t\t<\/div>\n\n\t\t\n<style>\n#section_2012609855 {\n  padding-top: 30px;\n  padding-bottom: 30px;\n  background-color: rgb(255, 255, 255);\n}\n<\/style>\n\t<\/section>\n\t\n\n\t<section class=\"section\" id=\"section_91374389\">\n\t\t<div class=\"section-bg fill\" >\n\t\t\t\t\t\t\t\t\t\n\t\t\t\n\n\t\t<\/div>\n\n\t\t\n\n\t\t<div class=\"section-content relative\">\n\t\t\t\n<div class=\"row\"  id=\"row-189307934\">\n\n\t<div id=\"col-1136782489\" class=\"col large-12\"  >\n\t\t\t\t<div class=\"col-inner text-center\"  >\n\t\t\t\n\t\t\t\n\t<div id=\"text-3350126581\" class=\"text\">\n\t\t\n<h2>Nh\u1eadn t\u01b0 v\u1ea5n<br \/>\n<\/h2>\n\t\t\n<style>\n#text-3350126581 {\n  font-size: 1.6rem;\n  text-align: center;\n}\n<\/style>\n\t<\/div>\n\t\n<div class=\"is-divider divider clearfix\" style=\"max-width:80px;height:2px;background-color:#333333;\"><\/div>\n<p>N\u1ebfu b\u1ea1n \u0111ang c\u1ea7n nh\u1eefng chuy\u00ean gia h\u00e0ng \u0111\u1ea7u v\u1ec1 vi\u1ec7c qu\u1ea3n l\u00fd l\u1ed1i s\u1ed1ng, tr\u1ee3 l\u00fd c\u00e1 nh\u00e2n, kh\u00f4ng ai kh\u00e1c ngo\u00e0i ch\u00fang t\u00f4i.<\/p>\n\t\t<\/div>\n\t\t\t\t\t<\/div>\n\n\t\n<\/div>\n<div class=\"row\" style=\"max-width:700px\" id=\"row-1517090702\">\n\n\t<div id=\"col-1264232381\" class=\"col large-12\"  >\n\t\t\t\t<div class=\"col-inner\"  >\n\t\t\t\n\t\t\t\n\n<div class=\"wpcf7 no-js\" id=\"wpcf7-f1585-o1\" lang=\"vi\" dir=\"ltr\" data-wpcf7-id=\"1585\">\n<div class=\"screen-reader-response\"><p role=\"status\" aria-live=\"polite\" aria-atomic=\"true\"><\/p> <ul><\/ul><\/div>\n<form action=\"\/vi\/wp-json\/wp\/v2\/pages\/525#wpcf7-f1585-o1\" method=\"post\" class=\"wpcf7-form init\" aria-label=\"Form li\u00ean h\u1ec7\" novalidate=\"novalidate\" data-status=\"init\">\n<fieldset class=\"hidden-fields-container\"><input type=\"hidden\" name=\"_wpcf7\" value=\"1585\" \/><input type=\"hidden\" name=\"_wpcf7_version\" value=\"6.1.5\" \/><input type=\"hidden\" name=\"_wpcf7_locale\" value=\"vi\" \/><input type=\"hidden\" name=\"_wpcf7_unit_tag\" value=\"wpcf7-f1585-o1\" \/><input type=\"hidden\" name=\"_wpcf7_container_post\" value=\"0\" \/><input type=\"hidden\" name=\"_wpcf7_posted_data_hash\" value=\"\" \/>\n<\/fieldset>\n<div style=\"display: none\"><p><span class=\"wpcf7-form-control-wrap\" data-name=\"mbws\"><input size=\"40\" class=\"wpcf7-form-control wpcf7-text\" aria-invalid=\"false\" value=\"\" type=\"text\" name=\"mbws\"><\/span><\/p><\/div><div class=\"row row-small\">\n<div class=\"col large-12\">\n<label>T\u00ean<\/label>\n<span class=\"wpcf7-form-control-wrap\" data-name=\"your-name\"><input size=\"40\" maxlength=\"400\" class=\"wpcf7-form-control wpcf7-text wpcf7-validates-as-required\" aria-required=\"true\" aria-invalid=\"false\" placeholder=\"H\u1ecd v\u00e0 t\u00ean\" value=\"\" type=\"text\" name=\"your-name\" \/><\/span>\n<\/div>\n<div class=\"col large-12\">\n<label>Email<\/label>\n<span class=\"wpcf7-form-control-wrap\" data-name=\"your-mail\"><input size=\"40\" maxlength=\"400\" class=\"wpcf7-form-control wpcf7-email wpcf7-validates-as-required wpcf7-text wpcf7-validates-as-email\" aria-required=\"true\" aria-invalid=\"false\" placeholder=\"\u0110\u1ecba ch\u1ec9 email\" value=\"\" type=\"email\" name=\"your-mail\" \/><\/span>\n<\/div>\n<div class=\"col large-12\">\n<label>S\u1ed1 \u0111i\u1ec7n tho\u1ea1i<\/label>\n<span class=\"wpcf7-form-control-wrap\" data-name=\"your-phone\"><input size=\"40\" maxlength=\"400\" class=\"wpcf7-form-control wpcf7-tel wpcf7-validates-as-required wpcf7-text wpcf7-validates-as-tel\" aria-required=\"true\" aria-invalid=\"false\" placeholder=\"S\u1ed1 \u0111i\u1ec7n tho\u1ea1i c\u1ee7a b\u1ea1n\" value=\"\" type=\"tel\" name=\"your-phone\" \/><\/span>\n<\/div>\n<div class=\"col large-12\">\n<label>\u0110\u1ec3 l\u1ea1i l\u1eddi nh\u1eafn cho ch\u00fang t\u00f4i<\/label>\n<span class=\"wpcf7-form-control-wrap\" data-name=\"content\"><textarea cols=\"40\" rows=\"10\" maxlength=\"2000\" class=\"wpcf7-form-control wpcf7-textarea\" aria-invalid=\"false\" placeholder=\"\u0110\u1ec3 l\u1ea1i l\u1eddi nh\u1eafn cho ch\u00fang t\u00f4i...\" name=\"content\"><\/textarea><\/span>\n<\/div>\n<div class=\"col large-12\">\n<span class=\"wpcf7-form-control-wrap\" data-name=\"your-acceptance\"><span class=\"wpcf7-form-control wpcf7-acceptance optional\"><span class=\"wpcf7-list-item\"><label><input type=\"checkbox\" name=\"your-acceptance\" value=\"1\" aria-invalid=\"false\" \/><span class=\"wpcf7-list-item-label\">T\u00f4i x\u00e1c nh\u1eadn t\u00f4i \u0111\u00e3 \u0111\u1ecdc v\u00e0 \u0111\u1ed3ng \u00fd v\u1edbi \u0111i\u1ec1u kho\u1ea3n & ch\u00ednh s\u00e1ch quy\u1ec1n ri\u00eang t\u01b0<\/span><\/label><\/span><\/span><\/span>\n<\/div>\n<div class=\"col large-12 pb-0\">\n<input class=\"wpcf7-form-control wpcf7-submit has-spinner\" type=\"submit\" value=\"G\u1eedi tin\" \/>\n<\/div>\n<\/div><div class=\"wpcf7-response-output\" aria-hidden=\"true\"><\/div>\n<\/form>\n<\/div>\n\n\t\t<\/div>\n\t\t\t\t\t<\/div>\n\n\t\n<\/div>\n\t\t<\/div>\n\n\t\t\n<style>\n#section_91374389 {\n  padding-top: 50px;\n  padding-bottom: 50px;\n  background-color: #F8F8F8;\n}\n@media (min-width:550px) {\n  #section_91374389 {\n    padding-top: 80px;\n    padding-bottom: 80px;\n  }\n}\n<\/style>\n\t<\/section>\n\t\n\n\t<section class=\"section\" id=\"section_846730069\">\n\t\t<div class=\"section-bg fill\" >\n\t\t\t\t\t\t\t\t\t\n\t\t\t\n\n\t\t<\/div>\n\n\t\t\n\n\t\t<div class=\"section-content relative\">\n\t\t\t\n<div class=\"row\" style=\"max-width:1600px\" id=\"row-945575456\">\n\n\t<div id=\"col-1822551916\" class=\"col large-12\"  >\n\t\t\t\t<div class=\"col-inner text-center\"  >\n\t\t\t\n\t\t\t\n\t<div id=\"text-370242393\" class=\"text\">\n\t\t\n<h2>B\u1ea1n c\u00f3 th\u1ec3 quan t\u00e2m<\/p>\n<\/h2>\n\t\t\n<style>\n#text-370242393 {\n  font-size: 1.6rem;\n}\n<\/style>\n\t<\/div>\n\t\n<div class=\"is-divider divider clearfix\" style=\"margin-top:0px;margin-bottom:0px;max-width:80px;background-color:#333333;\"><\/div>\n\t\t<\/div>\n\t\t\t\t\t<\/div>\n\n\t\n<\/div>\n<div class=\"row align-equal row-box-shadow-3 row-box-shadow-5-hover\" style=\"max-width:1600px\" id=\"row-50230658\">\n\n\t<div id=\"col-1225953416\" class=\"col medium-6 small-12 large-6\"  >\n\t\t\t\t<div class=\"col-inner\"  >\n\t\t\t\n\t\t\t\n\t<div class=\"box has-hover   has-hover box-text-bottom\" >\n\n\t\t<div class=\"box-image\" >\n\t\t\t\t\t\t<div class=\"\" >\n\t\t\t\t<img loading=\"lazy\" decoding=\"async\" width=\"745\" height=\"743\" src=\"https:\/\/masterpiece.vn\/wp-content\/uploads\/2026\/04\/image-8.jpg\" class=\"attachment- size-\" alt=\"\" srcset=\"https:\/\/masterpiece.vn\/wp-content\/uploads\/2026\/04\/image-8.jpg 745w, https:\/\/masterpiece.vn\/wp-content\/uploads\/2026\/04\/image-8-300x300.jpg 300w, https:\/\/masterpiece.vn\/wp-content\/uploads\/2026\/04\/image-8-150x150.jpg 150w\" sizes=\"auto, (max-width: 745px) 100vw, 745px\" \/>\t\t\t\t\t\t\t\t\t\t\t<\/div>\n\t\t\t\t\t<\/div>\n\n\t\t<div class=\"box-text text-center dark\" style=\"padding:20px 20px 20px 20px;\">\n\t\t\t<div class=\"box-text-inner\">\n\t\t\t\t\n\t<div id=\"text-4208478181\" class=\"text\">\n\t\t\n<h3>T\u1ed5 ch\u1ee9c s\u1ef1 ki\u1ec7n th\u01b0\u01a1ng hi\u1ec7u<br \/>\n<\/h3>\n\t\t\n<style>\n#text-4208478181 {\n  font-size: 1.25rem;\n}\n<\/style>\n\t<\/div>\n\t\n\t<div id=\"text-2158158997\" class=\"text\">\n\t\t\n<p>S\u1ef1 ki\u1ec7n v\u00f4 c\u00f9ng s\u00e1ng t\u1ea1o v\u00e0 gi\u00e0u t\u00ednh tr\u1ea3i nghi\u1ec7m.<\/p>\n\t\t\n<style>\n#text-2158158997 {\n  font-size: 1rem;\n}\n<\/style>\n\t<\/div>\n\t\n<a href=\"https:\/\/masterpiece.vn\/vi\/activation-event-vn\/\" class=\"button white is-outline box-shadow-2\"  style=\"border-radius:99px;\">\n\t\t<span>Kh\u00e1m ph\u00e1 ngay \u2192<\/span>\n\t<\/a>\n\n\t\t\t<\/div>\n\t\t<\/div>\n\t<\/div>\n\t\n\t\t<\/div>\n\t\t\t\t\t<\/div>\n\n\t\n\n\t<div id=\"col-1393380968\" class=\"col medium-6 small-12 large-6\"  >\n\t\t\t\t<div class=\"col-inner\"  >\n\t\t\t\n\t\t\t\n\t<div class=\"box has-hover   has-hover box-text-bottom\" >\n\n\t\t<div class=\"box-image\" >\n\t\t\t\t\t\t<div class=\"\" >\n\t\t\t\t<img loading=\"lazy\" decoding=\"async\" width=\"745\" height=\"743\" src=\"https:\/\/masterpiece.vn\/wp-content\/uploads\/2026\/04\/image-9.jpg\" class=\"attachment- size-\" alt=\"\" srcset=\"https:\/\/masterpiece.vn\/wp-content\/uploads\/2026\/04\/image-9.jpg 745w, https:\/\/masterpiece.vn\/wp-content\/uploads\/2026\/04\/image-9-300x300.jpg 300w, https:\/\/masterpiece.vn\/wp-content\/uploads\/2026\/04\/image-9-150x150.jpg 150w\" sizes=\"auto, (max-width: 745px) 100vw, 745px\" \/>\t\t\t\t\t\t\t\t\t\t\t<\/div>\n\t\t\t\t\t<\/div>\n\n\t\t<div class=\"box-text text-center dark\" style=\"padding:20px 20px 20px 20px;\">\n\t\t\t<div class=\"box-text-inner\">\n\t\t\t\t\n\t<div id=\"text-521410497\" class=\"text\">\n\t\t\n<h3>D\u1ecbch v\u1ee5 VIP theo y\u00eau c\u1ea7u<\/p>\n<\/h3>\n\t\t\n<style>\n#text-521410497 {\n  font-size: 1.25rem;\n}\n<\/style>\n\t<\/div>\n\t\n\t<div id=\"text-1946016144\" class=\"text\">\n\t\t\n<p>S\u1ef1 \u00e2n c\u1ea7n, chu \u0111\u00e1o v\u00e0 t\u1eadn t\u00e2m cho nh\u1eefng v\u1ecb kh\u00e1ch VIP c\u1ee7a b\u1ea1n.<\/p>\n\t\t\n<style>\n#text-1946016144 {\n  font-size: 1rem;\n}\n<\/style>\n\t<\/div>\n\t\n<a href=\"https:\/\/masterpiece.vn\/vi\/guest-management-vn\/\" class=\"button white is-outline\"  style=\"border-radius:99px;\">\n\t\t<span>Kh\u00e1m ph\u00e1 ngay \u2192<\/span>\n\t<\/a>\n\n\t\t\t<\/div>\n\t\t<\/div>\n\t<\/div>\n\t\n\t\t<\/div>\n\t\t\t\t\t<\/div>\n\n\t\n\n<style>\n#row-50230658 > .col > .col-inner {\n  background-color: #33373d;\n}\n<\/style>\n<\/div>\n\t\t<\/div>\n\n\t\t\n<style>\n#section_846730069 {\n  padding-top: 30px;\n  padding-bottom: 30px;\n  background-color: #FFFFFF;\n}\n<\/style>\n\t<\/section>\n\t\n","protected":false},"excerpt":{"rendered":"","protected":false},"author":1,"featured_media":0,"parent":0,"menu_order":4,"comment_status":"closed","ping_status":"closed","template":"page-blank.php","meta":{"footnotes":""},"class_list":["post-525","page","type-page","status-publish","hentry"],"_links":{"self":[{"href":"https:\/\/masterpiece.vn\/vi\/wp-json\/wp\/v2\/pages\/525","targetHints":{"allow":["GET"]}}],"collection":[{"href":"https:\/\/masterpiece.vn\/vi\/wp-json\/wp\/v2\/pages"}],"about":[{"href":"https:\/\/masterpiece.vn\/vi\/wp-json\/wp\/v2\/types\/page"}],"author":[{"embeddable":true,"href":"https:\/\/masterpiece.vn\/vi\/wp-json\/wp\/v2\/users\/1"}],"replies":[{"embeddable":true,"href":"https:\/\/masterpiece.vn\/vi\/wp-json\/wp\/v2\/comments?post=525"}],"version-history":[{"count":20,"href":"https:\/\/masterpiece.vn\/vi\/wp-json\/wp\/v2\/pages\/525\/revisions"}],"predecessor-version":[{"id":5710,"href":"https:\/\/masterpiece.vn\/vi\/wp-json\/wp\/v2\/pages\/525\/revisions\/5710"}],"wp:attachment":[{"href":"https:\/\/masterpiece.vn\/vi\/wp-json\/wp\/v2\/media?parent=525"}],"curies":[{"name":"wp","href":"https:\/\/api.w.org\/{rel}","templated":true}]}}